{"id":98,"date":"2020-03-20T10:26:00","date_gmt":"2020-03-20T09:26:00","guid":{"rendered":"http:\/\/profsenligne.free.fr\/?page_id=98"},"modified":"2020-03-20T10:26:00","modified_gmt":"2020-03-20T09:26:00","slug":"ecoles-elementaires","status":"publish","type":"page","link":"https:\/\/profsenligne.net\/index.php\/ecoles-elementaires\/","title":{"rendered":"\u00c9coles \u00e9l\u00e9mentaires"},"content":{"rendered":"\n<p>Vous trouverez sous cette rubrique les <strong>\u00e9coles \u00e9l\u00e9mentaires publiques<\/strong> de Saint-Barth\u00e9lemy et de Saint-Martin.<\/p>\n","protected":false},"excerpt":{"rendered":"<p>Vous trouverez sous cette rubrique les \u00e9coles \u00e9l\u00e9mentaires publiques de Saint-Barth\u00e9lemy et de Saint-Martin.<\/p>\n","protected":false},"author":2,"featured_media":0,"parent":0,"menu_order":0,"comment_status":"closed","ping_status":"closed","template":"","meta":{"footnotes":""},"_links":{"self":[{"href":"https:\/\/profsenligne.net\/index.php\/wp-json\/wp\/v2\/pages\/98"}],"collection":[{"href":"https:\/\/profsenligne.net\/index.php\/wp-json\/wp\/v2\/pages"}],"about":[{"href":"https:\/\/profsenligne.net\/index.php\/wp-json\/wp\/v2\/types\/page"}],"author":[{"embeddable":true,"href":"https:\/\/profsenligne.net\/index.php\/wp-json\/wp\/v2\/users\/2"}],"replies":[{"embeddable":true,"href":"https:\/\/profsenligne.net\/index.php\/wp-json\/wp\/v2\/comments?post=98"}],"version-history":[{"count":0,"href":"https:\/\/profsenligne.net\/index.php\/wp-json\/wp\/v2\/pages\/98\/revisions"}],"wp:attachment":[{"href":"https:\/\/profsenligne.net\/index.php\/wp-json\/wp\/v2\/media?parent=98"}],"curies":[{"name":"wp","href":"https:\/\/api.w.org\/{rel}","templated":true}]}}