{"id":928,"date":"2020-03-31T03:57:30","date_gmt":"2020-03-31T07:57:30","guid":{"rendered":"http:\/\/profsenligne.free.fr\/?page_id=928"},"modified":"2020-06-05T07:36:10","modified_gmt":"2020-06-05T11:36:10","slug":"directrice","status":"publish","type":"page","link":"https:\/\/profsenligne.net\/index.php\/directrice\/","title":{"rendered":"Directrice"},"content":{"rendered":"\n<p>La directrice vous informe en ce d\u00e9but du mois de juin :<\/p>\n\n\n\n<div class=\"wp-block-buttons is-layout-flex wp-block-buttons-is-layout-flex\">\n<div class=\"wp-block-button\"><a class=\"wp-block-button__link has-text-color has-very-light-gray-color has-background has-luminous-vivid-orange-background-color\" href=\"\/wp-content\/uploads\/juin2020\/LEY\/DIR\/Infos9.pdf\">Note n\u00b09<\/a><\/div>\n<\/div>\n\n\n\n<p><\/p>\n\n\n\n<hr class=\"wp-block-separator\"\/>\n\n\n\n<p>Pour cette fin de semaine, la directrice vous informe :<\/p>\n\n\n\n<div class=\"wp-block-buttons is-layout-flex wp-block-buttons-is-layout-flex\">\n<div class=\"wp-block-button\"><a class=\"wp-block-button__link has-text-color has-very-light-gray-color has-background has-luminous-vivid-orange-background-color\" href=\"\/wp-content\/uploads\/mai2020\/LEY\/DIR\/Infos8.pdf\">Note n\u00b08<\/a><\/div>\n<\/div>\n\n\n\n<p><\/p>\n\n\n\n<hr class=\"wp-block-separator\"\/>\n\n\n\n<p>Voici d&#8217;autres informations que vous transmet la directrice :<\/p>\n\n\n\n<div class=\"wp-block-buttons is-layout-flex wp-block-buttons-is-layout-flex\">\n<div class=\"wp-block-button\"><a class=\"wp-block-button__link has-text-color has-very-light-gray-color has-background has-luminous-vivid-orange-background-color\" href=\"\/wp-content\/uploads\/mai2020\/LEY\/DIR\/Note7.pdf\">Note n\u00b07<\/a><\/div>\n<\/div>\n\n\n\n<p><\/p>\n\n\n\n<hr class=\"wp-block-separator\"\/>\n\n\n\n<p>Vous trouverez ci-dessous un nouveau message de la directrice, Mme <strong>Malherbe<\/strong> :<\/p>\n\n\n\n<div class=\"wp-block-buttons is-layout-flex wp-block-buttons-is-layout-flex\">\n<div class=\"wp-block-button\"><a class=\"wp-block-button__link has-text-color has-very-light-gray-color has-background has-vivid-purple-background-color\" href=\"\/wp-content\/uploads\/mai2020\/LEY\/DIR\/Message14bis_dir.pdf\">Informations n\u00b07<\/a><\/div>\n<\/div>\n\n\n\n<p><\/p>\n\n\n\n<hr class=\"wp-block-separator\"\/>\n\n\n\n<p>Chers parents,<\/p>\n\n\n\n<p>Voici un nouveau message que vous d\u00e9livre la directrice :<\/p>\n\n\n\n<div class=\"wp-block-buttons is-layout-flex wp-block-buttons-is-layout-flex\">\n<div class=\"wp-block-button\"><a class=\"wp-block-button__link has-text-color has-very-light-gray-color has-background has-vivid-purple-background-color\" href=\"\/wp-content\/uploads\/mai2020\/LEY\/DIR\/Infos6.pdf\">Informations n\u00b06<\/a><\/div>\n<\/div>\n\n\n\n<p><\/p>\n\n\n\n<hr class=\"wp-block-separator\"\/>\n\n\n\n<p>Chers Parents,<\/p>\n\n\n\n<p>Vous trouverez ci-dessous l&#8217;enqu\u00eate concernant la rentr\u00e9e scolaire de votre enfant le 11 mai prochain  :<\/p>\n\n\n\n<div class=\"wp-block-buttons is-layout-flex wp-block-buttons-is-layout-flex\">\n<div class=\"wp-block-button is-style-outline\"><a class=\"wp-block-button__link has-text-color has-very-light-gray-color has-background has-luminous-vivid-amber-background-color\" href=\"\/wp-content\/uploads\/avril2020\/LEY\/DIR\/Enquete15.pdf\">Enqu\u00eate (Formulaire)<\/a><\/div>\n<\/div>\n\n\n\n<a href=\"\/wp-content\/uploads\/avril2020\/LEY\/DIR\/Enquete.docx\"><img loading=\"lazy\" decoding=\"async\" src=\"\/wp-content\/uploads\/Boutons\/Bouton_or2.png\" width=\"60\" height=\"60\" alt=\"\"<\/a>\n\n\n\n<p><\/p>\n\n\n\n<hr class=\"wp-block-separator\"\/>\n\n\n\n<div class=\"wp-block-buttons is-layout-flex wp-block-buttons-is-layout-flex\">\n<div class=\"wp-block-button\"><a class=\"wp-block-button__link has-text-color has-very-light-gray-color has-background has-luminous-vivid-amber-background-color\" href=\"\/wp-content\/uploads\/avril2020\/LEY\/DIR\/Cal_sco_19_20.pdf\">Calendrier scolaire 2019\/2020<\/a><\/div>\n<\/div>\n\n\n\n<hr class=\"wp-block-separator\"\/>\n\n\n\n<p>Quelques informations \u00e0 propos de la rentr\u00e9e scolaire \u00e9chelonn\u00e9e et de la fa\u00e7on de se laver les mains :<\/p>\n\n\n\n<div class=\"wp-block-buttons is-layout-flex wp-block-buttons-is-layout-flex\">\n<div class=\"wp-block-button\"><a class=\"wp-block-button__link has-text-color has-very-light-gray-color has-background has-luminous-vivid-amber-background-color\" href=\"\/wp-content\/uploads\/avril2020\/LEY\/DIR\/Infos.pdf\">Rentr\u00e9e progressive<\/a><\/div>\n\n\n\n<div class=\"wp-block-button is-style-outline\"><a class=\"wp-block-button__link has-text-color has-very-light-gray-color has-background has-luminous-vivid-amber-background-color\" href=\"\/wp-content\/uploads\/avril2020\/LEY\/DIR\/se_laver.jpg\">Lavage des mains<\/a><\/div>\n<\/div>\n\n\n\n<hr class=\"wp-block-separator\"\/>\n\n\n\n<p>Voici les informations que vous communique la directrice de l&#8217;\u00e9cole Marie-Am\u00e9lie Leydet :<\/p>\n\n\n\n<div class=\"wp-block-buttons is-layout-flex wp-block-buttons-is-layout-flex\">\n<div class=\"wp-block-button\"><a class=\"wp-block-button__link has-text-color has-very-light-gray-color has-background has-luminous-vivid-amber-background-color\" href=\"\/wp-content\/uploads\/avril2020\/LEY\/DIR\/Infos5.pdf\">Lettre aux parents N\u00b05<\/a><\/div>\n\n\n\n<div class=\"wp-block-button is-style-outline\"><a class=\"wp-block-button__link has-text-color has-very-light-gray-color has-background has-luminous-vivid-orange-background-color\" href=\"\/wp-content\/uploads\/avril2020\/LEY\/DIR\/Billet_abs.pdf\">Billet d&#8217;absence<\/a><\/div>\n<\/div>\n\n\n\n<hr class=\"wp-block-separator\"\/>\n\n\n\n<p>Votre ma\u00eetresse vous demande de pr\u00e9parer cette lecture que vous pouvez \u00e9galement \u00e9couter et de r\u00e9pondre aux questions :<\/p>\n\n\n\n<div class=\"wp-block-buttons is-layout-flex wp-block-buttons-is-layout-flex\">\n<div class=\"wp-block-button\"><a class=\"wp-block-button__link has-text-color has-very-light-gray-color has-background has-vivid-cyan-blue-background-color\" href=\"\/wp-content\/uploads\/avril2020\/LEY\/DIR\/Lect_corbeaurenard.pdf\">Lecture <\/a><\/div>\n\n\n\n<div class=\"wp-block-button\"><a class=\"wp-block-button__link has-text-color has-very-light-gray-color has-background has-pale-cyan-blue-background-color\" href=\"\/wp-content\/uploads\/avril2020\/LEY\/DIR\/Questions.pdf\">Questions<\/a><\/div>\n<\/div>\n\n\n\n<figure>\n    <figcaption><b>Le Corbeau et le Renard<\/b><\/figcaption>\n    <audio controls=\"\" src=\"\/wp-content\/uploads\/avril2020\/LEY\/DIR\/Corbeaurenard.mp3\">\n            Your browser does not support the\n            <code>audio<\/code> element.\n    <\/audio>\n<\/figure>\n\n\n\n<p>Elle vous demande \u00e9galement de noter les mesures indiqu\u00e9es sur les photos (voir les fiches pr\u00e9c\u00e9dentes) :<\/p>\n\n\n\n<p>Longueur : &#8230;&#8230;&#8230;&#8230;&#8230;&#8230;&#8230;&#8230;. Masse : &#8230;&#8230;&#8230;&#8230;&#8230;&#8230;&#8230;.. Contenance : &#8230;&#8230;&#8230;&#8230;&#8230;&#8230;&#8230;&#8230;&#8230;<\/p>\n\n\n\n<hr class=\"wp-block-separator\"\/>\n\n\n\n<p>Stage RAN: Votre directrice vous invite \u00e0 t\u00e9l\u00e9charger le pack de fiches de travail \u00e0 effectuer ou \u00e0 pr\u00e9parer selon les dates.<\/p>\n\n\n\n<div class=\"wp-block-buttons is-layout-flex wp-block-buttons-is-layout-flex\">\n<div class=\"wp-block-button\"><a class=\"wp-block-button__link has-text-color has-very-light-gray-color has-background has-luminous-vivid-orange-background-color\" href=\"\/wp-content\/uploads\/avril2020\/LEY\/DIR\/Travail_RAN.zip\">Pack de fiches<\/a><\/div>\n<\/div>\n\n\n\n<hr class=\"wp-block-separator\"\/>\n\n\n\n<div class=\"wp-block-buttons is-layout-flex wp-block-buttons-is-layout-flex\">\n<div class=\"wp-block-button\"><a class=\"wp-block-button__link has-text-color has-very-light-gray-color has-background has-luminous-vivid-amber-background-color\" href=\"\/wp-content\/uploads\/avril2020\/LEY\/DIR\/Acc_trav_maison.pdf\">Affiche Covid-19<\/a><\/div>\n<\/div>\n\n\n\n<hr class=\"wp-block-separator\"\/>\n\n\n\n<div class=\"wp-block-buttons is-layout-flex wp-block-buttons-is-layout-flex\">\n<div class=\"wp-block-button\"><a class=\"wp-block-button__link has-text-color has-very-light-gray-color has-background has-luminous-vivid-amber-background-color\" href=\"\/wp-content\/uploads\/avril2020\/LEY\/DIR\/Infos3_parents.pdf\">Lettre aux parents n\u00b03<\/a><\/div>\n<\/div>\n\n\n\n<hr class=\"wp-block-separator\"\/>\n\n\n\n<div class=\"wp-block-buttons is-layout-flex wp-block-buttons-is-layout-flex\">\n<div class=\"wp-block-button\"><a class=\"wp-block-button__link has-text-color has-very-light-gray-color has-background has-luminous-vivid-amber-background-color\" href=\"\/wp-content\/uploads\/avril2020\/LEY\/DIR\/Infos2_parents.pdf\">Lettre aux parents n\u00b02<\/a><\/div>\n<\/div>\n\n\n\n<hr class=\"wp-block-separator\"\/>\n\n\n\n<div class=\"wp-block-buttons is-layout-flex wp-block-buttons-is-layout-flex\">\n<div class=\"wp-block-button\"><a class=\"wp-block-button__link has-text-color has-very-light-gray-color has-background has-luminous-vivid-amber-background-color\" href=\"\/wp-content\/uploads\/mars2020\/Docs\/LEY\/DIR\/Infos_parents.pdf\">Lettres aux parents n\u00b01<\/a><\/div>\n<\/div>\n\n\n\n<hr class=\"wp-block-separator\"\/>\n","protected":false},"excerpt":{"rendered":"<p>La directrice vous informe en ce d\u00e9but du mois de juin : Pour cette fin de semaine, la directrice vous informe : Voici d&#8217;autres informations que vous transmet la directrice : Vous trouverez ci-dessous un nouveau message de la directrice, Mme Malherbe : Chers parents, Voici un nouveau message que vous d\u00e9livre la directrice : &hellip; <\/p>\n<p class=\"link-more\"><a href=\"https:\/\/profsenligne.net\/index.php\/directrice\/\" class=\"more-link\">Continue reading<span class=\"screen-reader-text\"> &#8220;Directrice&#8221;<\/span><\/a><\/p>\n","protected":false},"author":2,"featured_media":0,"parent":0,"menu_order":0,"comment_status":"closed","ping_status":"closed","template":"","meta":{"footnotes":""},"_links":{"self":[{"href":"https:\/\/profsenligne.net\/index.php\/wp-json\/wp\/v2\/pages\/928"}],"collection":[{"href":"https:\/\/profsenligne.net\/index.php\/wp-json\/wp\/v2\/pages"}],"about":[{"href":"https:\/\/profsenligne.net\/index.php\/wp-json\/wp\/v2\/types\/page"}],"author":[{"embeddable":true,"href":"https:\/\/profsenligne.net\/index.php\/wp-json\/wp\/v2\/users\/2"}],"replies":[{"embeddable":true,"href":"https:\/\/profsenligne.net\/index.php\/wp-json\/wp\/v2\/comments?post=928"}],"version-history":[{"count":39,"href":"https:\/\/profsenligne.net\/index.php\/wp-json\/wp\/v2\/pages\/928\/revisions"}],"predecessor-version":[{"id":3417,"href":"https:\/\/profsenligne.net\/index.php\/wp-json\/wp\/v2\/pages\/928\/revisions\/3417"}],"wp:attachment":[{"href":"https:\/\/profsenligne.net\/index.php\/wp-json\/wp\/v2\/media?parent=928"}],"curies":[{"name":"wp","href":"https:\/\/api.w.org\/{rel}","templated":true}]}}