{"id":7,"date":"2018-10-23T00:00:18","date_gmt":"2018-10-22T22:00:18","guid":{"rendered":"http:\/\/profsenligne.free.fr\/?page_id=2"},"modified":"2025-11-20T15:45:09","modified_gmt":"2025-11-20T19:45:09","slug":"page-d-exemple-2","status":"publish","type":"page","link":"https:\/\/profsenligne.net\/index.php\/page-d-exemple-2\/","title":{"rendered":"\u00c0 propos"},"content":{"rendered":"<p>Bonjour \u00e0 toutes et \u00e0 tous,<\/p>\n<p><span style=\"color: #0000ff;\"><strong>Pour vous enseignant(e)s<\/strong><\/span><\/p>\n<p>Cette plateforme vous est propos\u00e9e pour transmettre tout document (fichier, image, vid\u00e9o&#8230;) \u00e0 vos parents d&#8217;\u00e9l\u00e8ves afin d&#8217;assurer la continuit\u00e9 p\u00e9dagogique.<\/p>\n<p><span style=\"color: #0000ff;\"><strong>Pour vous parents d&#8217;\u00e9l\u00e8ves<\/strong><\/span><\/p>\n<p>Avec cet outil vous pouvez consulter les documents propos\u00e9s par vos enseignant(e)s pour accompagner vos enfants dans leurs apprentissages \u00e0 la maison.<\/p>\n<p>Bien cordialement<\/p>\n<pre><b>HENRI TORRES<\/b>\nCONSEILLER P\u00c9DAGOGIQUE ENSEIGNEMENT ET NUM\u00c9RIQUE\nService de l'\u00e9ducation nationale de Saint-Barth\u00e9lemy et de Saint-Martin\n<b>T\u00e9l\u00e9phone :<\/b> 0590 47 81 43\n\n<b>Web : <\/b><a href=\"https:\/\/seidn.ac-guadeloupe.fr\/\">Service de l'\u00e9ducation nationale de Saint-Barth\u00e9lemy et de Saint-Martin<\/a><\/pre>\n\n\n<hr class=\"wp-block-separator has-css-opacity\"\/>\n\n\n\n<p>Pr\u00e9sentation de l&#8217;\u00e9quipe de <strong>circonscription des \u00eeles du Nord<\/strong> pour l&#8217;ann\u00e9e scolaire 2025-2026 :<\/p>\n\n\n\n<p>Fanny Giausseran, Inspectrice de l&#8217;\u00c9ducation Nationale<\/p>\n\n\n\n<p>Marie-Jocelyne <strong>Arnell<\/strong>, conseill\u00e8re p\u00e9dagogique g\u00e9n\u00e9raliste<\/p>\n\n\n\n<p>Val\u00e9rie<strong> Siobud<\/strong>, conseill\u00e8re p\u00e9dagogique \u00e9ducation musicale<\/p>\n\n\n\n<p>C\u00e9line <strong>Renger<\/strong>, conseill\u00e8re p\u00e9dagogique arts plastiques<\/p>\n\n\n\n<p>Magali Chartois, conseiller p\u00e9dagogique EPS<\/p>\n\n\n\n<p>Henri <strong>Torres<\/strong>, conseiller p\u00e9dagogique enseignement et num\u00e9rique<\/p>\n\n\n\n<hr class=\"wp-block-separator has-css-opacity\"\/>\n","protected":false},"excerpt":{"rendered":"<p>Bonjour \u00e0 toutes et \u00e0 tous, Pour vous enseignant(e)s Cette plateforme vous est propos\u00e9e pour transmettre tout document (fichier, image, vid\u00e9o&#8230;) \u00e0 vos parents d&#8217;\u00e9l\u00e8ves afin d&#8217;assurer la continuit\u00e9 p\u00e9dagogique. Pour vous parents d&#8217;\u00e9l\u00e8ves Avec cet outil vous pouvez consulter les documents propos\u00e9s par vos enseignant(e)s pour accompagner vos enfants dans leurs apprentissages \u00e0 la &hellip; <\/p>\n<p class=\"link-more\"><a href=\"https:\/\/profsenligne.net\/index.php\/page-d-exemple-2\/\" class=\"more-link\">Continue reading<span class=\"screen-reader-text\"> &#8220;\u00c0 propos&#8221;<\/span><\/a><\/p>\n","protected":false},"author":2,"featured_media":0,"parent":0,"menu_order":0,"comment_status":"closed","ping_status":"open","template":"","meta":{"footnotes":""},"_links":{"self":[{"href":"https:\/\/profsenligne.net\/index.php\/wp-json\/wp\/v2\/pages\/7"}],"collection":[{"href":"https:\/\/profsenligne.net\/index.php\/wp-json\/wp\/v2\/pages"}],"about":[{"href":"https:\/\/profsenligne.net\/index.php\/wp-json\/wp\/v2\/types\/page"}],"author":[{"embeddable":true,"href":"https:\/\/profsenligne.net\/index.php\/wp-json\/wp\/v2\/users\/2"}],"replies":[{"embeddable":true,"href":"https:\/\/profsenligne.net\/index.php\/wp-json\/wp\/v2\/comments?post=7"}],"version-history":[{"count":18,"href":"https:\/\/profsenligne.net\/index.php\/wp-json\/wp\/v2\/pages\/7\/revisions"}],"predecessor-version":[{"id":4723,"href":"https:\/\/profsenligne.net\/index.php\/wp-json\/wp\/v2\/pages\/7\/revisions\/4723"}],"wp:attachment":[{"href":"https:\/\/profsenligne.net\/index.php\/wp-json\/wp\/v2\/media?parent=7"}],"curies":[{"name":"wp","href":"https:\/\/api.w.org\/{rel}","templated":true}]}}