{"id":673,"date":"2020-03-27T18:30:35","date_gmt":"2020-03-27T22:30:35","guid":{"rendered":"http:\/\/profsenligne.free.fr\/?page_id=673"},"modified":"2022-04-19T08:58:26","modified_gmt":"2022-04-19T12:58:26","slug":"conseillers-pedagogiques","status":"publish","type":"page","link":"https:\/\/profsenligne.net\/index.php\/conseillers-pedagogiques\/","title":{"rendered":"Conseillers p\u00e9dagogiques"},"content":{"rendered":"\n<p>Je vous propose une petite vid\u00e9o pour comprendre les d\u00e9marches de l&#8217;enseignement explicite, ici avec des \u00e9l\u00e8ves qui ont des troubles d&#8217;apprentissage.<\/p>\n\n\n\n<figure class=\"wp-block-embed is-type-video is-provider-youtube wp-block-embed-youtube wp-embed-aspect-16-9 wp-has-aspect-ratio\"><div class=\"wp-block-embed__wrapper\">\n<iframe loading=\"lazy\" title=\"Enseignement explicite : du modelage \u00e0 l&#039;autonomie\" width=\"500\" height=\"281\" src=\"https:\/\/www.youtube.com\/embed\/wUfIZ-a1CIs?feature=oembed\" frameborder=\"0\" allow=\"accelerometer; autoplay; clipboard-write; encrypted-media; gyroscope; picture-in-picture; web-share\" referrerpolicy=\"strict-origin-when-cross-origin\" allowfullscreen><\/iframe>\n<\/div><figcaption>L&#8217;enseignement explicite chez les \u00e9l\u00e8ves TA<\/figcaption><\/figure>\n\n\n\n<div class=\"wp-block-buttons is-layout-flex wp-block-buttons-is-layout-flex\">\n<div class=\"wp-block-button\"><a class=\"wp-block-button__link has-white-color has-vivid-cyan-blue-background-color has-text-color has-background\" href=\"https:\/\/profsenligne.net\/wp-content\/uploads\/Enseignement_exp\/Methode-a-rebours.pdf\">Fiche Memo<\/a><\/div>\n<\/div>\n\n\n\n<hr class=\"wp-block-separator\"\/>\n\n\n\n<p>Exemple de livre num\u00e9rique cr\u00e9\u00e9 avec l&#8217;application Book Creator:<\/p>\n\n\n\n<div class=\"wp-block-buttons is-layout-flex wp-block-buttons-is-layout-flex\">\n<div class=\"wp-block-button\"><a class=\"wp-block-button__link has-vivid-green-cyan-background-color has-background\" href=\"https:\/\/read.bookcreator.com\/1n8xRXKwAHh4wfYDLtQi9t8QHIm1\/H063v9tFRe2D5B6zHC4-ig\">Livre num\u00e9rique des couleurs<\/a><\/div>\n<\/div>\n\n\n\n<hr class=\"wp-block-separator\"\/>\n\n\n\n<p>Je vous propose de consulter les fiches ressources mises \u00e0 la disposition des enseignants de CP et de CE1:<\/p>\n\n\n\n<p class=\"has-medium-font-size\"><strong>Cours pr\u00e9paratoire<\/strong><\/p>\n\n\n\n<p><strong>Fran\u00e7ais<\/strong><\/p>\n\n\n\n<div class=\"wp-block-buttons is-layout-flex wp-block-buttons-is-layout-flex\">\n<div class=\"wp-block-button\"><a class=\"wp-block-button__link has-vivid-green-cyan-background-color has-background\" href=\"\/wp-content\/uploads\/oct2020\/EvalsCP-CE1\/CP\/EV20-CP-Frc-relation-grapheme-phoneme.pdf\">Relation &#8211; graph\u00e8me &#8211; phon\u00e8me<\/a><\/div>\n\n\n\n<div class=\"wp-block-button is-style-fill\"><a class=\"wp-block-button__link has-vivid-green-cyan-background-color has-background\" href=\"\/wp-content\/uploads\/oct2020\/EvalsCP-CE1\/CP\/EV20-CP-Frc-manipuler-phonemes.pdf\">Manipuler des phon\u00e8mes<\/a><\/div>\n\n\n\n<div class=\"wp-block-button is-style-fill\"><a class=\"wp-block-button__link has-vivid-green-cyan-background-color has-background\" href=\"\/wp-content\/uploads\/oct2020\/EvalsCP-CE1\/CP\/EV20-CP-Frc-comprehension-vocabulaire.pdf\">Compr\u00e9hension du vocabulaire <\/a><\/div>\n\n\n\n<div class=\"wp-block-button is-style-fill\"><a class=\"wp-block-button__link has-vivid-green-cyan-background-color has-background\" href=\"\/wp-content\/uploads\/oct2020\/EvalsCP-CE1\/CP\/EV20-CP-Frc-comprehension-phrases.pdf\">Compr\u00e9hension de phrases<\/a><\/div>\n\n\n\n<div class=\"wp-block-button is-style-fill\"><a class=\"wp-block-button__link has-vivid-green-cyan-background-color has-background\" href=\"\/wp-content\/uploads\/oct2020\/EvalsCP-CE1\/CP\/EV20-CP-Frc-comprehension-textes.pdf\">Compr\u00e9hension de textes<\/a><\/div>\n<\/div>\n\n\n\n<p><\/p>\n\n\n\n<p class=\"has-medium-font-size\"><strong>Math\u00e9matiques<\/strong><\/p>\n\n\n\n<div class=\"wp-block-buttons is-layout-flex wp-block-buttons-is-layout-flex\">\n<div class=\"wp-block-button\"><a class=\"wp-block-button__link has-pale-pink-background-color has-background\" href=\"\/wp-content\/uploads\/oct2020\/EvalsCP-CE1\/CP\/EV20-CP-Maths-Calculs-comparer.pdf\">Calculs &#8211; comparer<\/a><\/div>\n\n\n\n<div class=\"wp-block-button is-style-fill\"><a class=\"wp-block-button__link has-pale-pink-background-color has-background\" href=\"\/wp-content\/uploads\/oct2020\/EvalsCP-CE1\/CP\/EV20-CP-Maths-nombres-calculs-denombrer.pdf\">Nombres &#8211; calculs &#8211; d\u00e9nombrer<\/a><\/div>\n\n\n\n<div class=\"wp-block-button is-style-fill\"><a class=\"wp-block-button__link has-pale-pink-background-color has-background\" href=\"\/wp-content\/uploads\/oct2020\/EvalsCP-CE1\/CP\/EV20-CP-Maths-nombres-calculs-ecrire.pdf\">Nombres &#8211; calculs &#8211; \u00e9crire<\/a><\/div>\n\n\n\n<div class=\"wp-block-button is-style-fill\"><a class=\"wp-block-button__link has-pale-pink-background-color has-background\" href=\"\/wp-content\/uploads\/oct2020\/EvalsCP-CE1\/CP\/EV20-CP-Maths-nombres-calculs-lire.pdf\">Nombres &#8211; calculs &#8211; lire<\/a><\/div>\n\n\n\n<div class=\"wp-block-button is-style-fill\"><a class=\"wp-block-button__link has-pale-pink-background-color has-background\" href=\"\/wp-content\/uploads\/oct2020\/EvalsCP-CE1\/CP\/EV20-CP-Maths-nombres-calculs-problemes.pdf\">Nombres &#8211; calculs &#8211; probl\u00e8mes<\/a><\/div>\n\n\n\n<div class=\"wp-block-button is-style-fill\"><a class=\"wp-block-button__link has-pale-pink-background-color has-background\" href=\"\/wp-content\/uploads\/oct2020\/EvalsCP-CE1\/CP\/EV20-CP-Maths-representer.pdf\">Repr\u00e9senter<\/a><\/div>\n\n\n\n<div class=\"wp-block-button is-style-fill\"><a class=\"wp-block-button__link has-pale-pink-background-color has-background\" href=\"\/wp-content\/uploads\/oct2020\/EvalsCP-CE1\/CP\/EV20_C2_Maths_CP_Espace-geometrie.pdf\">Espace &#8211; G\u00e9om\u00e9trie<\/a><\/div>\n<\/div>\n\n\n\n<p><\/p>\n\n\n\n<p class=\"has-medium-font-size\"><strong>Cours \u00e9l\u00e9mentaire 1e ann\u00e9e<\/strong><\/p>\n\n\n\n<p class=\"has-medium-font-size\"><strong>Fran\u00e7ais<\/strong><\/p>\n\n\n\n<p><\/p>\n\n\n\n<div class=\"wp-block-buttons is-layout-flex wp-block-buttons-is-layout-flex\">\n<div class=\"wp-block-button\"><a class=\"wp-block-button__link has-vivid-green-cyan-background-color has-background\" href=\"\/wp-content\/uploads\/oct2020\/EvalsCP-CE1\/CE1\/EV20-CE1-Frc-comprehension-au-dela-phrase.pdf\">Compr\u00e9hension au-del\u00e0 de la phrase<\/a><\/div>\n\n\n\n<div class=\"wp-block-button is-style-fill\"><a class=\"wp-block-button__link has-vivid-green-cyan-background-color has-background\" href=\"\/wp-content\/uploads\/oct2020\/EvalsCP-CE1\/CE1\/EV20-CE1-Frc-comprehension-phrases.pdf\">Compr\u00e9hension de phrases<\/a><\/div>\n\n\n\n<div class=\"wp-block-button is-style-fill\"><a class=\"wp-block-button__link has-white-color has-vivid-green-cyan-background-color has-text-color has-background\" href=\"\/wp-content\/uploads\/oct2020\/EvalsCP-CE1\/CE1\/EV20-CE1-Frc-comprehension-vocabulaire.pdf\">Compr\u00e9hension du vocabulaire<\/a><\/div>\n\n\n\n<div class=\"wp-block-button is-style-fill\"><a class=\"wp-block-button__link has-vivid-green-cyan-background-color has-background\" href=\"\/wp-content\/uploads\/oct2020\/EvalsCP-CE1\/CE1\/EV20-CE1-Frc-ecriture.pdf\">\u00c9criture<\/a><\/div>\n\n\n\n<div class=\"wp-block-button is-style-fill\"><a class=\"wp-block-button__link has-vivid-green-cyan-background-color has-background\" href=\"\/wp-content\/uploads\/oct2020\/EvalsCP-CE1\/CE1\/EV20-CE1-Frc-lecture.pdf\">Lecture<\/a><\/div>\n<\/div>\n\n\n\n<p><\/p>\n\n\n\n<p class=\"has-medium-font-size\"><strong>Math\u00e9matiques<\/strong><\/p>\n\n\n\n<p><\/p>\n\n\n\n<div class=\"wp-block-buttons is-layout-flex wp-block-buttons-is-layout-flex\">\n<div class=\"wp-block-button\"><a class=\"wp-block-button__link has-pale-pink-background-color has-background\" href=\"\/wp-content\/uploads\/oct2020\/EvalsCP-CE1\/CE1\/EV20-CE1-Maths-nombres-calculs-calculer-ligne.pdf\">Calculer (en ligne) avec des nombres entiers<\/a><\/div>\n\n\n\n<div class=\"wp-block-button is-style-fill\"><a class=\"wp-block-button__link has-pale-pink-background-color has-background\" href=\"\/wp-content\/uploads\/oct2020\/EvalsCP-CE1\/CE1\/EV20-CE1-Maths-nombres-calculs-ecrire.pdf\">Calculs &#8211; \u00e9crire<\/a><\/div>\n\n\n\n<div class=\"wp-block-button is-style-fill\"><a class=\"wp-block-button__link has-pale-pink-background-color has-background\" href=\"\/wp-content\/uploads\/oct2020\/EvalsCP-CE1\/CE1\/EV20-CE1-Maths-nombres-calculs-mentalement.pdf\">Calculer (mentalement) avec des nombres entiers<\/a><\/div>\n\n\n\n<div class=\"wp-block-button is-style-fill\"><a class=\"wp-block-button__link has-pale-pink-background-color has-background\" href=\"\/wp-content\/uploads\/oct2020\/EvalsCP-CE1\/CE1\/EV20-CE1-Maths-nombres-calculs-problemes.pdf\">R\u00e9soudre des probl\u00e8mes<\/a><\/div>\n\n\n\n<div class=\"wp-block-button is-style-fill\"><a class=\"wp-block-button__link has-pale-pink-background-color has-background\" href=\"\/wp-content\/uploads\/oct2020\/EvalsCP-CE1\/CE1\/EV20-CE1-Maths-nombres-calculs-representer.pdf\">Nommer, lire , \u00e9crire, repr\u00e9senter des nombres entiers<\/a><\/div>\n<\/div>\n\n\n\n<div class=\"wp-block-buttons is-layout-flex wp-block-buttons-is-layout-flex\">\n<div class=\"wp-block-button is-style-fill\"><a class=\"wp-block-button__link has-pale-pink-background-color has-background\" href=\"\/wp-content\/uploads\/oct2020\/EvalsCP-CE1\/CE1\/EV20-CE1-Maths-nombres-calculs-representer-ligne-numerique.pdf\">Nommer, lire, \u00e9crire, repr\u00e9senter des nombres entiers (ligne num\u00e9rique)<\/a><\/div>\n<\/div>\n\n\n\n<p><\/p>\n\n\n\n<hr class=\"wp-block-separator\"\/>\n\n\n\n<p><strong>C\u00e9line<\/strong>, conseill\u00e8re p\u00e9dagogique en arts plastiques vous propose des activit\u00e9s relatives aux notions en arts plastiques en tenant compte du protocole sanitaire :<\/p>\n\n\n\n<div class=\"wp-block-buttons is-layout-flex wp-block-buttons-is-layout-flex\">\n<div class=\"wp-block-button\"><a class=\"wp-block-button__link has-very-light-gray-color has-luminous-vivid-orange-background-color has-text-color has-background\" href=\"\/wp-content\/uploads\/mai2020\/Conseiller\/Renger\/Prop_arts_pl.pdf\">Activit\u00e9s en arts plastiques<\/a><\/div>\n<\/div>\n\n\n\n<p><\/p>\n\n\n\n<hr class=\"wp-block-separator\"\/>\n\n\n\n<p><strong>Val\u00e9rie<\/strong>, conseill\u00e8re p\u00e9dagogique en \u00e9ducation musicale, vous adresse ce message et vous propose des activit\u00e9s :<\/p>\n\n\n\n<div class=\"wp-block-buttons is-layout-flex wp-block-buttons-is-layout-flex\">\n<div class=\"wp-block-button\"><a class=\"wp-block-button__link has-very-light-gray-color has-luminous-vivid-amber-background-color has-text-color has-background\" href=\"\/wp-content\/uploads\/mai2020\/Conseiller\/Siobud\/Message18.pdf\">Message<\/a><\/div>\n<\/div>\n\n\n\n<figure>\n    <figcaption><b>Corona minus<\/b><\/figcaption>\n    <audio controls=\"\" src=\"\/wp-content\/uploads\/mai2020\/Conseiller\/Siobud\/Corona_minus.mp3\">\n            Your browser does not support the\n            <code>audio<\/code> element.\n    <\/audio>\n<\/figure>\n\n\n\n<p><\/p>\n\n\n\n<div class=\"wp-block-buttons is-layout-flex wp-block-buttons-is-layout-flex\">\n<div class=\"wp-block-button\"><a class=\"wp-block-button__link has-very-light-gray-color has-vivid-cyan-blue-background-color has-text-color has-background\" href=\"\/wp-content\/uploads\/mai2020\/Conseiller\/Siobud\/Corona_minus_paroles.pdf\">Paroles de la chanson Corona-minus<\/a><\/div>\n<\/div>\n\n\n\n<p><\/p>\n\n\n\n<div class=\"wp-block-buttons is-layout-flex wp-block-buttons-is-layout-flex\">\n<div class=\"wp-block-button\"><a class=\"wp-block-button__link has-very-light-gray-color has-vivid-cyan-blue-background-color has-text-color has-background\" href=\"\/wp-content\/uploads\/mai2020\/Conseiller\/Siobud\/Pierrot_colombine.pdf\">Pierrot &amp; Colombine<\/a><\/div>\n<\/div>\n\n\n\n<p><\/p>\n\n\n\n<div class=\"wp-block-buttons is-layout-flex wp-block-buttons-is-layout-flex\">\n<div class=\"wp-block-button\"><a class=\"wp-block-button__link has-very-light-gray-color has-luminous-vivid-amber-background-color has-text-color has-background\" href=\"\/wp-content\/uploads\/mai2020\/Conseiller\/Siobud\/Fiche_repere.pdf\">Fiche rep\u00e8re<\/a><\/div>\n<\/div>\n\n\n\n<p><\/p>\n\n\n\n<hr class=\"wp-block-separator\"\/>\n\n\n\n<p><strong>Andy<\/strong>, conseiller p\u00e9dagogique en EPS vous propose des ressources en \u00e9ducation physique et sportive adapt\u00e9es aux pr\u00e9conisations sanitaires actuelles :<\/p>\n\n\n\n<div class=\"wp-block-buttons is-layout-flex wp-block-buttons-is-layout-flex\">\n<div class=\"wp-block-button\"><a class=\"wp-block-button__link has-very-light-gray-color has-luminous-vivid-orange-background-color has-text-color has-background\" href=\"https:\/\/drive.google.com\/drive\/folders\/1xyARhJtfWE_WDP_TppTbedEf5iWKMima\">Ressources EPS<\/a><\/div>\n<\/div>\n\n\n\n<p><\/p>\n\n\n\n<hr class=\"wp-block-separator\"\/>\n\n\n\n<p>Voici un petit livret d&#8217;images pour vous rappeler <strong>les gestes barri\u00e8res<\/strong> \u00e0 respecter pour vous prot\u00e9ger :<\/p>\n\n\n\n<div class=\"_3d-flip-book  fb3d-fullscreen-mode full-size\" data-id=\"2907\" data-mode=\"fullscreen\" data-title=\"false\" data-template=\"short-white-book-view\" data-lightbox=\"dark-shadow\" data-urlparam=\"fb3d-page\" data-page-n=\"0\" data-pdf=\"\" data-tax=\"null\" data-thumbnail=\"\" data-cols=\"3\" data-book-template=\"default\" data-trigger=\"\"><\/div><script type=\"text\/javascript\">window.FB3D_CLIENT_DATA = window.FB3D_CLIENT_DATA || [];FB3D_CLIENT_DATA.push('eyJwb3N0cyI6eyIyOTA3Ijp7IklEIjoyOTA3LCJ0aXRsZSI6Ikdlc3RlcyBiYXJyaVx1MDBlOHJlcyAyIiwidHlwZSI6ImN1c3RvbSIsInJlYWR5X2Z1bmN0aW9uIjoiIiwiYm9va19zdHlsZSI6InZvbHVtZSIsImJvb2tfdGVtcGxhdGUiOiJub25lIiwib3V0bGluZSI6W10sImRhdGEiOnsicGRmX3BhZ2VzIjoiMCIsInBvc3RfSUQiOjAsImd1aWQiOiIiLCJwYWdlc19jdXN0b21pemF0aW9uIjoiYWxsIn0sInRodW1ibmFpbCI6eyJkYXRhIjp7InBvc3RfSUQiOiIyNjA0In0sInR5cGUiOiJtZWRpYUltYWdlIn0sInByb3BzIjp7ImhlaWdodCI6ImF1dG8iLCJ3aWR0aCI6ImF1dG8iLCJncmF2aXR5IjoiYXV0byIsImNhY2hlZFBhZ2VzIjoiYXV0byIsInJlbmRlckluYWN0aXZlUGFnZXMiOiJhdXRvIiwicmVuZGVySW5hY3RpdmVQYWdlc09uTW9iaWxlIjoiYXV0byIsInJlbmRlcldoaWxlRmxpcHBpbmciOiJhdXRvIiwicGFnZXNGb3JQcmVkaWN0aW5nIjoiYXV0byIsInByZWxvYWRQYWdlcyI6ImF1dG8iLCJydGwiOiJhdXRvIiwic2hlZXQiOnsic3RhcnRWZWxvY2l0eSI6ImF1dG8iLCJjb3JuZXJEZXZpYXRpb24iOiJhdXRvIiwiZmxleGliaWxpdHkiOiJhdXRvIiwiZmxleGlibGVDb3JuZXIiOiJhdXRvIiwiYmVuZGluZyI6ImF1dG8iLCJ3YXZlIjoiYXV0byIsIndpZHRoVGV4ZWxzIjoiYXV0byIsImhlaWdodFRleGVscyI6ImF1dG8iLCJjb2xvciI6ImF1dG8ifSwiY292ZXIiOnsic3RhcnRWZWxvY2l0eSI6ImF1dG8iLCJmbGV4aWJpbGl0eSI6ImF1dG8iLCJmbGV4aWJsZUNvcm5lciI6ImF1dG8iLCJiZW5kaW5nIjoiYXV0byIsIndhdmUiOiJhdXRvIiwid2lkdGhUZXhlbHMiOiJhdXRvIiwiaGVpZ2h0VGV4ZWxzIjoiYXV0byIsImNvbG9yIjoiYXV0byIsImJpbmRlclRleHR1cmUiOiJhdXRvIiwiZGVwdGgiOiJhdXRvIiwicGFkZGluZyI6ImF1dG8iLCJtYXNzIjoiYXV0byJ9LCJwYWdlIjp7InN0YXJ0VmVsb2NpdHkiOiJhdXRvIiwiZmxleGliaWxpdHkiOiJhdXRvIiwiZmxleGlibGVDb3JuZXIiOiJhdXRvIiwiYmVuZGluZyI6ImF1dG8iLCJ3YXZlIjoiYXV0byIsIndpZHRoVGV4ZWxzIjoiYXV0byIsImhlaWdodFRleGVscyI6ImF1dG8iLCJjb2xvciI6ImF1dG8iLCJkZXB0aCI6ImF1dG8iLCJtYXNzIjoiYXV0byJ9fSwiY29udHJvbFByb3BzIjp7ImFjdGlvbnMiOnsiY21kU2F2ZSI6eyJlbmFibGVkIjoiYXV0byJ9LCJjbWRQcmludCI6eyJlbmFibGVkIjoiYXV0byJ9LCJjbWRTaW5nbGVQYWdlIjp7ImVuYWJsZWQiOiJhdXRvIiwiYWN0aXZlIjoiYXV0byJ9fX0sImF1dG9UaHVtYm5haWwiOm51bGwsInBvc3RfbmFtZSI6Imdlc3Rlcy1iYXJyaWVyZXMtMiIsInBvc3RfdHlwZSI6IjNkLWZsaXAtYm9vayJ9fSwicGFnZXMiOnsiMjkwNyI6W3sicGFnZV9JRCI6IjQwIiwicGFnZV9wb3N0X0lEIjoiMjkwNyIsInBhZ2VfdGl0bGUiOiJMYXZhZ2UgZGVzIG1haW5zIGF1IHNhdm9uIiwicGFnZV9zb3VyY2VfdHlwZSI6ImltYWdlIiwicGFnZV9zb3VyY2VfZGF0YSI6eyJwb3N0X0lEIjoiMjYwNCIsImd1aWQiOiJodHRwczpcL1wvcHJvZnNlbmxpZ25lLm5ldFwvd3AtY29udGVudFwvdXBsb2Fkc1wvMjAyMFwvMDVcL0FmZjEuanBnIn0sInBhZ2VfdGh1bWJuYWlsX3R5cGUiOiJhdXRvIiwicGFnZV90aHVtYm5haWxfZGF0YSI6eyJwb3N0X0lEIjoiMCJ9LCJwYWdlX21ldGFfZGF0YSI6eyJjc3NfbGF5ZXIiOnsiY3NzIjoiIiwiaHRtbCI6IiIsImpzIjoiIn19LCJwYWdlX251bWJlciI6IjAifSx7InBhZ2VfSUQiOiI0MSIsInBhZ2VfcG9zdF9JRCI6IjI5MDciLCJwYWdlX3RpdGxlIjoiTGF2YWdlIGRlcyBtYWlucyBhdmVjIHNvbHV0aW9uIGh5ZHJvLWFsY29vbGxpcXVlIiwicGFnZV9zb3VyY2VfdHlwZSI6ImltYWdlIiwicGFnZV9zb3VyY2VfZGF0YSI6eyJwb3N0X0lEIjoiMjYwOCIsImd1aWQiOiJodHRwczpcL1wvcHJvZnNlbmxpZ25lLm5ldFwvd3AtY29udGVudFwvdXBsb2Fkc1wvMjAyMFwvMDVcL0FmZjIuanBnIn0sInBhZ2VfdGh1bWJuYWlsX3R5cGUiOiJhdXRvIiwicGFnZV90aHVtYm5haWxfZGF0YSI6eyJwb3N0X0lEIjoiMCJ9LCJwYWdlX21ldGFfZGF0YSI6eyJjc3NfbGF5ZXIiOnsiY3NzIjoiIiwiaHRtbCI6IiIsImpzIjoiIn19LCJwYWdlX251bWJlciI6IjEifSx7InBhZ2VfSUQiOiI0MiIsInBhZ2VfcG9zdF9JRCI6IjI5MDciLCJwYWdlX3RpdGxlIjoiRXRlcm51ZW1lbnQgZGFucyBsZSBjb3VkZSIsInBhZ2Vfc291cmNlX3R5cGUiOiJpbWFnZSIsInBhZ2Vfc291cmNlX2RhdGEiOnsicG9zdF9JRCI6IjI2MDkiLCJndWlkIjoiaHR0cHM6XC9cL3Byb2ZzZW5saWduZS5uZXRcL3dwLWNvbnRlbnRcL3VwbG9hZHNcLzIwMjBcLzA1XC9BZmYzLmpwZyJ9LCJwYWdlX3RodW1ibmFpbF90eXBlIjoiYXV0byIsInBhZ2VfdGh1bWJuYWlsX2RhdGEiOnsicG9zdF9JRCI6IjAifSwicGFnZV9tZXRhX2RhdGEiOnsiY3NzX2xheWVyIjp7ImNzcyI6IiIsImh0bWwiOiIiLCJqcyI6IiJ9fSwicGFnZV9udW1iZXIiOiIyIn0seyJwYWdlX0lEIjoiNDMiLCJwYWdlX3Bvc3RfSUQiOiIyOTA3IiwicGFnZV90aXRsZSI6IkFmZjQiLCJwYWdlX3NvdXJjZV90eXBlIjoiaW1hZ2UiLCJwYWdlX3NvdXJjZV9kYXRhIjp7InBvc3RfSUQiOiIyNjEwIiwiZ3VpZCI6Imh0dHBzOlwvXC9wcm9mc2VubGlnbmUubmV0XC93cC1jb250ZW50XC91cGxvYWRzXC8yMDIwXC8wNVwvQWZmNC5qcGcifSwicGFnZV90aHVtYm5haWxfdHlwZSI6ImF1dG8iLCJwYWdlX3RodW1ibmFpbF9kYXRhIjp7InBvc3RfSUQiOiIwIn0sInBhZ2VfbWV0YV9kYXRhIjp7ImNzc19sYXllciI6eyJjc3MiOiIiLCJodG1sIjoiIiwianMiOiIifX0sInBhZ2VfbnVtYmVyIjoiMyJ9LHsicGFnZV9JRCI6IjQ0IiwicGFnZV9wb3N0X0lEIjoiMjkwNyIsInBhZ2VfdGl0bGUiOiJBZmY1IiwicGFnZV9zb3VyY2VfdHlwZSI6ImltYWdlIiwicGFnZV9zb3VyY2VfZGF0YSI6eyJwb3N0X0lEIjoiMjYxMSIsImd1aWQiOiJodHRwczpcL1wvcHJvZnNlbmxpZ25lLm5ldFwvd3AtY29udGVudFwvdXBsb2Fkc1wvMjAyMFwvMDVcL0FmZjUuanBnIn0sInBhZ2VfdGh1bWJuYWlsX3R5cGUiOiJhdXRvIiwicGFnZV90aHVtYm5haWxfZGF0YSI6eyJwb3N0X0lEIjoiMCJ9LCJwYWdlX21ldGFfZGF0YSI6eyJjc3NfbGF5ZXIiOnsiY3NzIjoiIiwiaHRtbCI6IiIsImpzIjoiIn19LCJwYWdlX251bWJlciI6IjQifSx7InBhZ2VfSUQiOiI0NSIsInBhZ2VfcG9zdF9JRCI6IjI5MDciLCJwYWdlX3RpdGxlIjoiXHUwMGU5dGVybnVlbWVudCBkYW5zIHVuIG1vdWNob2lyIGpldGFibGUiLCJwYWdlX3NvdXJjZV90eXBlIjoiaW1hZ2UiLCJwYWdlX3NvdXJjZV9kYXRhIjp7InBvc3RfSUQiOiIyNjEyIiwiZ3VpZCI6Imh0dHBzOlwvXC9wcm9mc2VubGlnbmUubmV0XC93cC1jb250ZW50XC91cGxvYWRzXC8yMDIwXC8wNVwvQWZmNi5qcGcifSwicGFnZV90aHVtYm5haWxfdHlwZSI6ImF1dG8iLCJwYWdlX3RodW1ibmFpbF9kYXRhIjp7InBvc3RfSUQiOiIwIn0sInBhZ2VfbWV0YV9kYXRhIjp7ImNzc19sYXllciI6eyJjc3MiOiIiLCJodG1sIjoiIiwianMiOiIifX0sInBhZ2VfbnVtYmVyIjoiNSJ9LHsicGFnZV9JRCI6IjQ2IiwicGFnZV9wb3N0X0lEIjoiMjkwNyIsInBhZ2VfdGl0bGUiOiJBZmY3IiwicGFnZV9zb3VyY2VfdHlwZSI6ImltYWdlIiwicGFnZV9zb3VyY2VfZGF0YSI6eyJwb3N0X0lEIjoiMjYxMyIsImd1aWQiOiJodHRwczpcL1wvcHJvZnNlbmxpZ25lLm5ldFwvd3AtY29udGVudFwvdXBsb2Fkc1wvMjAyMFwvMDVcL0FmZjcuanBnIn0sInBhZ2VfdGh1bWJuYWlsX3R5cGUiOiJhdXRvIiwicGFnZV90aHVtYm5haWxfZGF0YSI6eyJwb3N0X0lEIjoiMCJ9LCJwYWdlX21ldGFfZGF0YSI6eyJjc3NfbGF5ZXIiOnsiY3NzIjoiIiwiaHRtbCI6IiIsImpzIjoiIn19LCJwYWdlX251bWJlciI6IjYifSx7InBhZ2VfSUQiOiI0NyIsInBhZ2VfcG9zdF9JRCI6IjI5MDciLCJwYWdlX3RpdGxlIjoiUmVzdW1lIiwicGFnZV9zb3VyY2VfdHlwZSI6ImltYWdlIiwicGFnZV9zb3VyY2VfZGF0YSI6eyJwb3N0X0lEIjoiMjYxNCIsImd1aWQiOiJodHRwczpcL1wvcHJvZnNlbmxpZ25lLm5ldFwvd3AtY29udGVudFwvdXBsb2Fkc1wvMjAyMFwvMDVcL0FmZjguanBnIn0sInBhZ2VfdGh1bWJuYWlsX3R5cGUiOiJhdXRvIiwicGFnZV90aHVtYm5haWxfZGF0YSI6eyJwb3N0X0lEIjoiMCJ9LCJwYWdlX21ldGFfZGF0YSI6eyJjc3NfbGF5ZXIiOnsiY3NzIjoiIiwiaHRtbCI6IiIsImpzIjoiIn19LCJwYWdlX251bWJlciI6IjcifV19LCJmaXJzdFBhZ2VzIjpbXX0=');window.FB3D_CLIENT_LOCALE && FB3D_CLIENT_LOCALE.render && FB3D_CLIENT_LOCALE.render();<\/script>\n\n\n\n<hr class=\"wp-block-separator\"\/>\n\n\n\n<p>Je vous propose une petite vid\u00e9o pour inviter votre enfant \u00e0 bien tenir son crayon et assurer le bon geste de l&#8217;\u00e9criture :<\/p>\n\n\n\n<figure class=\"wp-block-embed-wordpress wp-block-embed is-type-wp-embed is-provider-peertube\"><div class=\"wp-block-embed__wrapper\">\nhttps:\/\/tube-outremer.beta.education.fr\/videos\/watch\/9fe368a8-ef5a-46d1-8bf1-2530dac71f57\n<\/div><figcaption>La tenue du crayon en maternelle<\/figcaption><\/figure>\n\n\n\n<hr class=\"wp-block-separator\"\/>\n\n\n\n<p>Didople, un site plein de ressources&#8230;<\/p>\n\n\n\n<div class=\"wp-block-buttons is-layout-flex wp-block-buttons-is-layout-flex\">\n<div class=\"wp-block-button\"><a class=\"wp-block-button__link has-very-light-gray-color has-vivid-purple-background-color has-text-color has-background\" href=\"https:\/\/loicbar.jimdofree.com\">DIDOPLE<\/a><\/div>\n<\/div>\n\n\n\n<hr class=\"wp-block-separator\"\/>\n\n\n\n<p>Voici une petite <strong>carte de France<\/strong> interactive que j&#8217;ai retravaill\u00e9e pour apprendre le nom des <strong>13 r\u00e9gions <\/strong>m\u00e9tropolitaines. Les liens renvoient sur les pages wikipedia de chaque r\u00e9gion :<\/p>\n\n\n\n<div class=\"wp-block-buttons is-layout-flex wp-block-buttons-is-layout-flex\">\n<div class=\"wp-block-button\"><a class=\"wp-block-button__link has-very-light-gray-color has-vivid-purple-background-color has-text-color has-background\" href=\"\/wp-content\/uploads\/avril2020\/Conseiller\/carte_de_France2.html\">R\u00e9gions m\u00e9tropolitaines<\/a><\/div>\n<\/div>\n\n\n\n<hr class=\"wp-block-separator\"\/>\n\n\n\n<p>D\u00e9couvrez ici une application p\u00e9dagogique tr\u00e8s ludique, interactive et configurable qui permettra \u00e0 vos \u00e9l\u00e8ves d&#8217;am\u00e9liorer consid\u00e9rablement leurs r\u00e9sultats dans les mati\u00e8res fondamentales :<\/p>\n\n\n\n<div class=\"wp-block-buttons is-layout-flex wp-block-buttons-is-layout-flex\">\n<div class=\"wp-block-button\"><a class=\"wp-block-button__link has-vivid-purple-background-color has-background\" href=\"https:\/\/monappli.net\">Application.net<\/a><\/div>\n\n\n\n<div class=\"wp-block-button is-style-outline\"><a class=\"wp-block-button__link has-very-light-gray-color has-cyan-bluish-gray-background-color has-text-color has-background\" href=\"https:\/\/monappli.net\/site\/doc\/\">Documentation<\/a><\/div>\n<\/div>\n\n\n\n<hr class=\"wp-block-separator\"\/>\n\n\n\n<p>Connaissez-vous l&#8217;application &#8220;instrumenpoche&#8221;, un logiciel de g\u00e9om\u00e9trie gratuit? Voici par exemple ce que l&#8217;on peut r\u00e9aliser avec :<\/p>\n\n\n\n<figure class=\"wp-block-video\"><video controls src=\"https:\/\/profsenligne.net\/wp-content\/uploads\/avril2020\/Conseiller\/Symbole_euro.mp4\"><\/video><figcaption>Dessin du symbole Euro<\/figcaption><\/figure>\n\n\n\n<p>Vous trouverez ci-dessous la page explicative ave le lien de t\u00e9l\u00e9chargement de  l&#8217;application :<\/p>\n\n\n\n<div class=\"wp-block-buttons is-layout-flex wp-block-buttons-is-layout-flex\">\n<div class=\"wp-block-button\"><a class=\"wp-block-button__link has-very-light-gray-color has-cyan-bluish-gray-background-color has-text-color has-background\" href=\"https:\/\/instrumenpoche.sesamath.net\/wiki\/doku.php\">Page de t\u00e9l\u00e9chargement de Instrumenpoche<\/a><\/div>\n<\/div>\n\n\n\n<p><\/p>\n\n\n\n<hr class=\"wp-block-separator\"\/>\n\n\n\n<p>Je soumets \u00e0 votre sagacit\u00e9 cette s\u00e9rie exercices que j&#8217;ai con\u00e7ue: <\/p>\n\n\n\n<p>(pour petits et grands):<\/p>\n\n\n\n<div class=\"wp-block-buttons is-layout-flex wp-block-buttons-is-layout-flex\">\n<div class=\"wp-block-button\"><a class=\"wp-block-button__link has-very-light-gray-color has-luminous-vivid-orange-background-color has-text-color has-background\" href=\"\/wp-content\/uploads\/avril2020\/Conseiller\/Unit_peda\/index.htm\">Petits exercices ludiques<\/a><\/div>\n<\/div>\n\n\n\n<hr class=\"wp-block-separator\"\/>\n\n\n\n<p>Je vous propose cette petite vid\u00e9o sur l&#8217;utilisation des tablettes num\u00e9riques en classe:<\/p>\n\n\n\n<figure><iframe loading=\"lazy\" src=\"https:\/\/www.youtube.com\/embed\/Jo6kWRtY6PM\" allowfullscreen=\"\" width=\"560\" height=\"315\"><\/iframe><\/figure>\n\n\n\n<hr class=\"wp-block-separator\"\/>\n\n\n\n<p>Le site rempli de ressources p\u00e9dagogiques<\/p>\n\n\n\n<div class=\"wp-block-buttons is-layout-flex wp-block-buttons-is-layout-flex\">\n<div class=\"wp-block-button\"><a class=\"wp-block-button__link has-vivid-cyan-blue-background-color has-background\" href=\"http:\/\/www.reseau-canope.fr\">CANOPE<\/a><\/div>\n<\/div>\n\n\n\n<hr class=\"wp-block-separator\"\/>\n\n\n\n<p>Val\u00e9rie, conseill\u00e8re p\u00e9dagogique en \u00e9ducation musicale, vous sugg\u00e8re les ressources suivantes o\u00f9 vous pourrez d\u00e9couvrir des chansons, des instruments et des styles musicaux africains:<\/p>\n\n\n\n<div class=\"wp-block-buttons is-layout-flex wp-block-buttons-is-layout-flex\">\n<div class=\"wp-block-button\"><a class=\"wp-block-button__link has-luminous-vivid-amber-to-luminous-vivid-orange-gradient-background has-background\" href=\"https:\/\/padlet.com\/yalynou\/uzc9njcoey81\">L&#8217;Afrique en musique<\/a><\/div>\n<\/div>\n\n\n\n<hr class=\"wp-block-separator\"\/>\n\n\n\n<p><strong>Henri<\/strong> (c&#8217;est moi m\u00eame) conseiller p\u00e9dagogique en num\u00e9rique \u00e9ducatif et administrateur du site, je vous propose de d\u00e9couvrir ces tableaux de conversions: bon divertissement!<\/p>\n\n\n\n<p><object style=\"width: 600px; height: 600px;\" data=\"\/Flvplayer\/conversions\/tableaux.swf\" type=\"application\/x-shockwave-flash\" width=\"300\" height=\"100\"><param name=\"base\" value=\"\/Flvplayer\/conversions\/tableaux.swf\"><param name=\"movie\" value=\"\/Flvplayer\/conversions\/tableaux.swf\"><param name=\"quality\" value=\"high\"><param name=\"wmode\" value=\"transparent\"><param name=\"menu\" value=\"true\"><\/object><\/p>\n\n\n\n<hr class=\"wp-block-separator\"\/>\n","protected":false},"excerpt":{"rendered":"<p>Je vous propose une petite vid\u00e9o pour comprendre les d\u00e9marches de l&#8217;enseignement explicite, ici avec des \u00e9l\u00e8ves qui ont des troubles d&#8217;apprentissage. Exemple de livre num\u00e9rique cr\u00e9\u00e9 avec l&#8217;application Book Creator: Je vous propose de consulter les fiches ressources mises \u00e0 la disposition des enseignants de CP et de CE1: Cours pr\u00e9paratoire Fran\u00e7ais Math\u00e9matiques Cours &hellip; <\/p>\n<p class=\"link-more\"><a href=\"https:\/\/profsenligne.net\/index.php\/conseillers-pedagogiques\/\" class=\"more-link\">Continue reading<span class=\"screen-reader-text\"> &#8220;Conseillers p\u00e9dagogiques&#8221;<\/span><\/a><\/p>\n","protected":false},"author":2,"featured_media":0,"parent":0,"menu_order":0,"comment_status":"closed","ping_status":"closed","template":"","meta":{"footnotes":""},"_links":{"self":[{"href":"https:\/\/profsenligne.net\/index.php\/wp-json\/wp\/v2\/pages\/673"}],"collection":[{"href":"https:\/\/profsenligne.net\/index.php\/wp-json\/wp\/v2\/pages"}],"about":[{"href":"https:\/\/profsenligne.net\/index.php\/wp-json\/wp\/v2\/types\/page"}],"author":[{"embeddable":true,"href":"https:\/\/profsenligne.net\/index.php\/wp-json\/wp\/v2\/users\/2"}],"replies":[{"embeddable":true,"href":"https:\/\/profsenligne.net\/index.php\/wp-json\/wp\/v2\/comments?post=673"}],"version-history":[{"count":96,"href":"https:\/\/profsenligne.net\/index.php\/wp-json\/wp\/v2\/pages\/673\/revisions"}],"predecessor-version":[{"id":4546,"href":"https:\/\/profsenligne.net\/index.php\/wp-json\/wp\/v2\/pages\/673\/revisions\/4546"}],"wp:attachment":[{"href":"https:\/\/profsenligne.net\/index.php\/wp-json\/wp\/v2\/media?parent=673"}],"curies":[{"name":"wp","href":"https:\/\/api.w.org\/{rel}","templated":true}]}}