{"id":629,"date":"2020-03-27T05:17:38","date_gmt":"2020-03-27T09:17:38","guid":{"rendered":"http:\/\/profsenligne.free.fr\/?page_id=629"},"modified":"2020-04-09T06:01:54","modified_gmt":"2020-04-09T10:01:54","slug":"directeur","status":"publish","type":"page","link":"https:\/\/profsenligne.net\/index.php\/directeur\/","title":{"rendered":"Directeur"},"content":{"rendered":"\n<p>Le directeur de l&#8217;\u00e9cole Herv\u00e9 Williams, <strong>Philippe Bertineaud<\/strong>, vous adresse ce message et vous indique le blog de son \u00e9cole :<\/p>\n\n\n\n<div class=\"wp-block-buttons is-layout-flex wp-block-buttons-is-layout-flex\">\n<div class=\"wp-block-button\"><a class=\"wp-block-button__link has-text-color has-very-light-gray-color has-background has-luminous-vivid-amber-background-color\" href=\"\/wp-content\/uploads\/mars2020\/Docs\/WIL\/Dir\/Infos.pdf\">Lettre aux parents<\/a><\/div>\n\n\n\n<div class=\"wp-block-button is-style-outline\"><a class=\"wp-block-button__link has-text-color has-very-light-gray-color has-background has-cyan-bluish-gray-background-color\" href=\"http:\/\/hervewilliams971.eklablog.com\/\">Blog de l&#8217;\u00e9cole<\/a><\/div>\n<\/div>\n\n\n\n<hr class=\"wp-block-separator\"\/>\n","protected":false},"excerpt":{"rendered":"<p>Le directeur de l&#8217;\u00e9cole Herv\u00e9 Williams, Philippe Bertineaud, vous adresse ce message et vous indique le blog de son \u00e9cole :<\/p>\n","protected":false},"author":2,"featured_media":0,"parent":0,"menu_order":0,"comment_status":"closed","ping_status":"closed","template":"","meta":{"footnotes":""},"_links":{"self":[{"href":"https:\/\/profsenligne.net\/index.php\/wp-json\/wp\/v2\/pages\/629"}],"collection":[{"href":"https:\/\/profsenligne.net\/index.php\/wp-json\/wp\/v2\/pages"}],"about":[{"href":"https:\/\/profsenligne.net\/index.php\/wp-json\/wp\/v2\/types\/page"}],"author":[{"embeddable":true,"href":"https:\/\/profsenligne.net\/index.php\/wp-json\/wp\/v2\/users\/2"}],"replies":[{"embeddable":true,"href":"https:\/\/profsenligne.net\/index.php\/wp-json\/wp\/v2\/comments?post=629"}],"version-history":[{"count":5,"href":"https:\/\/profsenligne.net\/index.php\/wp-json\/wp\/v2\/pages\/629\/revisions"}],"predecessor-version":[{"id":1877,"href":"https:\/\/profsenligne.net\/index.php\/wp-json\/wp\/v2\/pages\/629\/revisions\/1877"}],"wp:attachment":[{"href":"https:\/\/profsenligne.net\/index.php\/wp-json\/wp\/v2\/media?parent=629"}],"curies":[{"name":"wp","href":"https:\/\/api.w.org\/{rel}","templated":true}]}}