{"id":575,"date":"2020-03-26T16:16:07","date_gmt":"2020-03-26T15:16:07","guid":{"rendered":"http:\/\/profsenligne.free.fr\/?page_id=575"},"modified":"2020-05-03T04:19:53","modified_gmt":"2020-05-03T08:19:53","slug":"page-tr","status":"publish","type":"page","link":"https:\/\/profsenligne.net\/index.php\/page-tr\/","title":{"rendered":"Page TR"},"content":{"rendered":"\n<p>Ma\u00eetresse<strong> Aur\u00e9lie<\/strong>, titulaire rempla\u00e7ante \u00e0 l&#8217;\u00e9cole Arrondell, propose ce travail aux classes de CM1 et CM2 :<\/p>\n\n\n\n<div class=\"wp-block-buttons is-layout-flex wp-block-buttons-is-layout-flex\">\n<div class=\"wp-block-button\"><a class=\"wp-block-button__link has-text-color has-very-light-gray-color has-background has-vivid-cyan-blue-background-color\" href=\"\/wp-content\/uploads\/mars2020\/Docs\/Maitres_Remp\/Lect_comp.pdf\">Lecture-Compr\u00e9hension<\/a><\/div>\n\n\n\n<div class=\"wp-block-button is-style-outline\"><a class=\"wp-block-button__link has-text-color has-very-light-gray-color has-background has-luminous-vivid-amber-background-color\" href=\"\/wp-content\/uploads\/mars2020\/Docs\/Maitres_Remp\/Corr.pdf\">Correction<\/a><\/div>\n<\/div>\n\n\n\n<hr class=\"wp-block-separator\"\/>\n","protected":false},"excerpt":{"rendered":"<p>Ma\u00eetresse Aur\u00e9lie, titulaire rempla\u00e7ante \u00e0 l&#8217;\u00e9cole Arrondell, propose ce travail aux classes de CM1 et CM2 :<\/p>\n","protected":false},"author":2,"featured_media":0,"parent":0,"menu_order":0,"comment_status":"closed","ping_status":"closed","template":"","meta":{"footnotes":""},"_links":{"self":[{"href":"https:\/\/profsenligne.net\/index.php\/wp-json\/wp\/v2\/pages\/575"}],"collection":[{"href":"https:\/\/profsenligne.net\/index.php\/wp-json\/wp\/v2\/pages"}],"about":[{"href":"https:\/\/profsenligne.net\/index.php\/wp-json\/wp\/v2\/types\/page"}],"author":[{"embeddable":true,"href":"https:\/\/profsenligne.net\/index.php\/wp-json\/wp\/v2\/users\/2"}],"replies":[{"embeddable":true,"href":"https:\/\/profsenligne.net\/index.php\/wp-json\/wp\/v2\/comments?post=575"}],"version-history":[{"count":8,"href":"https:\/\/profsenligne.net\/index.php\/wp-json\/wp\/v2\/pages\/575\/revisions"}],"predecessor-version":[{"id":2516,"href":"https:\/\/profsenligne.net\/index.php\/wp-json\/wp\/v2\/pages\/575\/revisions\/2516"}],"wp:attachment":[{"href":"https:\/\/profsenligne.net\/index.php\/wp-json\/wp\/v2\/media?parent=575"}],"curies":[{"name":"wp","href":"https:\/\/api.w.org\/{rel}","templated":true}]}}