{"id":565,"date":"2020-03-26T15:42:26","date_gmt":"2020-03-26T14:42:26","guid":{"rendered":"http:\/\/profsenligne.free.fr\/?page_id=565"},"modified":"2020-04-06T12:22:17","modified_gmt":"2020-04-06T16:22:17","slug":"ulis-quartier-dorleans","status":"publish","type":"page","link":"https:\/\/profsenligne.net\/index.php\/ulis-quartier-dorleans\/","title":{"rendered":"Ulis Quartier d&#8217;Orl\u00e9ans"},"content":{"rendered":"\n<p>Ma\u00eetresse <strong>Laurence<\/strong> en charge de la classe ULIS (Unit\u00e9 Localis\u00e9e pour l&#8217;inclusion Scolaire) du coll\u00e8ge Quartier d&#8217;Orl\u00e9ans propose \u00e0 ses \u00e9l\u00e8ves les activit\u00e9s suivantes:<\/p>\n\n\n\n<div class=\"wp-block-buttons is-layout-flex wp-block-buttons-is-layout-flex\">\n<div class=\"wp-block-button\"><a class=\"wp-block-button__link has-text-color has-very-light-gray-color has-background has-vivid-cyan-blue-background-color\" href=\"\/wp-content\/uploads\/mars2020\/Docs\/ULIS\/Lect_comp1.pdf\">Lecture &#8211; Compr\u00e9hension 1<\/a><\/div>\n\n\n\n<div class=\"wp-block-button is-style-fill\"><a class=\"wp-block-button__link has-text-color has-very-light-gray-color has-background has-vivid-cyan-blue-background-color\" href=\"\/wp-content\/uploads\/mars2020\/Docs\/ULIS\/Lect_comp2.pdf\">Lecture &#8211; Compr\u00e9hension 2<\/a><\/div>\n<\/div>\n\n\n\n<div class=\"wp-block-buttons is-layout-flex wp-block-buttons-is-layout-flex\">\n<div class=\"wp-block-button\"><a class=\"wp-block-button__link has-text-color has-very-light-gray-color has-background has-vivid-cyan-blue-background-color\" href=\"\/wp-content\/uploads\/mars2020\/Docs\/ULIS\/Lect_fluence.pdf\">Lecture &#8211; fluence<\/a><\/div>\n\n\n\n<div class=\"wp-block-button is-style-fill\"><a class=\"wp-block-button__link has-text-color has-very-light-gray-color has-background has-vivid-cyan-blue-background-color\" href=\"\/wp-content\/uploads\/mars2020\/Docs\/ULIS\/Lect_sil_Q.pdf\">Lecture silencieuse<\/a><\/div>\n<\/div>\n\n\n\n<div class=\"wp-block-buttons is-layout-flex wp-block-buttons-is-layout-flex\">\n<div class=\"wp-block-button\"><a class=\"wp-block-button__link has-text-color has-very-light-gray-color has-background has-vivid-cyan-blue-to-vivid-purple-gradient-background\" href=\"\/wp-content\/uploads\/mars2020\/Docs\/ULIS\/Qu_rep.pdf\">Questions &#8211; R\u00e9ponses<\/a><\/div>\n<\/div>\n\n\n\n<hr class=\"wp-block-separator\"\/>\n","protected":false},"excerpt":{"rendered":"<p>Ma\u00eetresse Laurence en charge de la classe ULIS (Unit\u00e9 Localis\u00e9e pour l&#8217;inclusion Scolaire) du coll\u00e8ge Quartier d&#8217;Orl\u00e9ans propose \u00e0 ses \u00e9l\u00e8ves les activit\u00e9s suivantes:<\/p>\n","protected":false},"author":2,"featured_media":0,"parent":0,"menu_order":0,"comment_status":"closed","ping_status":"closed","template":"","meta":{"footnotes":""},"_links":{"self":[{"href":"https:\/\/profsenligne.net\/index.php\/wp-json\/wp\/v2\/pages\/565"}],"collection":[{"href":"https:\/\/profsenligne.net\/index.php\/wp-json\/wp\/v2\/pages"}],"about":[{"href":"https:\/\/profsenligne.net\/index.php\/wp-json\/wp\/v2\/types\/page"}],"author":[{"embeddable":true,"href":"https:\/\/profsenligne.net\/index.php\/wp-json\/wp\/v2\/users\/2"}],"replies":[{"embeddable":true,"href":"https:\/\/profsenligne.net\/index.php\/wp-json\/wp\/v2\/comments?post=565"}],"version-history":[{"count":4,"href":"https:\/\/profsenligne.net\/index.php\/wp-json\/wp\/v2\/pages\/565\/revisions"}],"predecessor-version":[{"id":1734,"href":"https:\/\/profsenligne.net\/index.php\/wp-json\/wp\/v2\/pages\/565\/revisions\/1734"}],"wp:attachment":[{"href":"https:\/\/profsenligne.net\/index.php\/wp-json\/wp\/v2\/media?parent=565"}],"curies":[{"name":"wp","href":"https:\/\/api.w.org\/{rel}","templated":true}]}}