{"id":511,"date":"2020-03-25T10:19:12","date_gmt":"2020-03-25T09:19:12","guid":{"rendered":"http:\/\/profsenligne.free.fr\/?page_id=511"},"modified":"2020-04-03T06:48:38","modified_gmt":"2020-04-03T10:48:38","slug":"enseignants-specialises","status":"publish","type":"page","link":"https:\/\/profsenligne.net\/index.php\/enseignants-specialises\/","title":{"rendered":"Enseignants sp\u00e9cialis\u00e9s"},"content":{"rendered":"\n<p>Les <strong>ma\u00eetres et ma\u00eetresses sp\u00e9cialis\u00e9s<\/strong> se mobilisent pour vous proposer des activit\u00e9s sur leur page&#8230;<\/p>\n","protected":false},"excerpt":{"rendered":"<p>Les ma\u00eetres et ma\u00eetresses sp\u00e9cialis\u00e9s se mobilisent pour vous proposer des activit\u00e9s sur leur page&#8230;<\/p>\n","protected":false},"author":2,"featured_media":0,"parent":0,"menu_order":0,"comment_status":"closed","ping_status":"closed","template":"","meta":{"footnotes":""},"_links":{"self":[{"href":"https:\/\/profsenligne.net\/index.php\/wp-json\/wp\/v2\/pages\/511"}],"collection":[{"href":"https:\/\/profsenligne.net\/index.php\/wp-json\/wp\/v2\/pages"}],"about":[{"href":"https:\/\/profsenligne.net\/index.php\/wp-json\/wp\/v2\/types\/page"}],"author":[{"embeddable":true,"href":"https:\/\/profsenligne.net\/index.php\/wp-json\/wp\/v2\/users\/2"}],"replies":[{"embeddable":true,"href":"https:\/\/profsenligne.net\/index.php\/wp-json\/wp\/v2\/comments?post=511"}],"version-history":[{"count":2,"href":"https:\/\/profsenligne.net\/index.php\/wp-json\/wp\/v2\/pages\/511\/revisions"}],"predecessor-version":[{"id":1382,"href":"https:\/\/profsenligne.net\/index.php\/wp-json\/wp\/v2\/pages\/511\/revisions\/1382"}],"wp:attachment":[{"href":"https:\/\/profsenligne.net\/index.php\/wp-json\/wp\/v2\/media?parent=511"}],"curies":[{"name":"wp","href":"https:\/\/api.w.org\/{rel}","templated":true}]}}