{"id":493,"date":"2020-03-24T20:07:01","date_gmt":"2020-03-24T19:07:01","guid":{"rendered":"http:\/\/profsenligne.free.fr\/?page_id=493"},"modified":"2020-05-25T23:12:26","modified_gmt":"2020-05-26T03:12:26","slug":"page-maitres-e","status":"publish","type":"page","link":"https:\/\/profsenligne.net\/index.php\/page-maitres-e\/","title":{"rendered":"Ma\u00eetres E, G &#038; Psychologues"},"content":{"rendered":"\n<p>Pour accompagner la proposition de <strong>Christine<\/strong> sur l&#8217;autisme, <strong>Chantal<\/strong>, maitre formateur, signale la plateforme &#8216;<strong>autisme en ligne<\/strong>&#8216;, mise en ligne par l&#8217;<strong>INSHEA<\/strong> \u00e0 la rentr\u00e9e 2019 pour que les professionnels qui travaillent avec des enfants autistes puissent s&#8217;auto-former.\u00a0<br>La plateforme propose &#8220;d&#8217;aborder des points essentiels sur l&#8217;autisme illustr\u00e9s par des vid\u00e9os de pratique enseignante et des t\u00e9moignages de professionnels.&#8221; <\/p>\n\n\n\n<div class=\"wp-block-buttons is-layout-flex wp-block-buttons-is-layout-flex\">\n<div class=\"wp-block-button\"><a class=\"wp-block-button__link has-text-color has-very-light-gray-color has-background has-luminous-vivid-amber-background-color\" href=\"https:\/\/www.inshea.fr\/fr\/content\/autisme-en-ligne\">Autisme en ligne<\/a><\/div>\n<\/div>\n\n\n\n<hr class=\"wp-block-separator\"\/>\n\n\n\n<p class=\"has-medium-font-size\">Que savez-vous de l&#8217;<strong>autisme<\/strong> ? <strong>Christine<\/strong>, ma\u00eetre E faisant partie du RASED, vous propose une \u00e9mission t\u00e9l\u00e9vis\u00e9e pour en savoir davantage :<\/p>\n\n\n\n<div class=\"wp-block-buttons is-layout-flex wp-block-buttons-is-layout-flex\">\n<div class=\"wp-block-button\"><a class=\"wp-block-button__link has-text-color has-very-light-gray-color has-background has-luminous-vivid-orange-background-color\" href=\"\/wp-content\/uploads\/mai2020\/Formateur\/Message_ch.pdf\">Petite introduction de Christine avant le visionnage<\/a><\/div>\n<\/div>\n\n\n\n<p><\/p>\n\n\n\n<p class=\"has-medium-font-size\">Pour vous faciliter la recherche, j&#8217;ai tout simplement t\u00e9l\u00e9charg\u00e9 l&#8217;\u00e9mission pour que vous la regardiez sans difficult\u00e9 !\ud83d\ude09<\/p>\n\n\n\n<figure class=\"wp-block-video\"><video controls src=\"https:\/\/profsenligne.net\/wp-content\/uploads\/mai2020\/Formateur\/autisme.mp4\"><\/video><figcaption><strong>Une \u00e9mission sur l&#8217;autisme<\/strong><\/figcaption><\/figure>\n\n\n\n<p><\/p>\n\n\n\n<hr class=\"wp-block-separator\"\/>\n\n\n\n<p><strong>Deux psychologues <\/strong>vous donnent des conseils pour votre enfant pendant le confinement. Ce texte propos\u00e9 par <strong>Pierre<\/strong>, ma\u00eetre E, a \u00e9t\u00e9 traduit en anglais par notre conseill\u00e8re p\u00e9dagogique <strong>Marie-Joselyne<\/strong> et en espagnol par <strong>Mich\u00e8le<\/strong>, professeur des \u00e9coles :<\/p>\n\n\n\n<div class=\"wp-block-buttons is-layout-flex wp-block-buttons-is-layout-flex\">\n<div class=\"wp-block-button\"><a class=\"wp-block-button__link has-text-color has-very-light-gray-color has-background has-luminous-vivid-orange-background-color\" href=\"\/wp-content\/uploads\/avril2020\/Maitre_spe\/Journee_enfant_confinement.pdf\">Conseils pour votre enfant<\/a><\/div>\n<\/div>\n\n\n\n<p><\/p>\n\n\n\n<hr class=\"wp-block-separator\"\/>\n\n\n\n<p>Retrouvez le site des ma\u00eetres du <strong>RASED<\/strong> des \u00eeles du Nord :<\/p>\n\n\n\n<div class=\"wp-block-buttons is-layout-flex wp-block-buttons-is-layout-flex\">\n<div class=\"wp-block-button\"><a class=\"wp-block-button__link has-text-color has-very-light-gray-color has-background has-cyan-bluish-gray-background-color\" href=\"https:\/\/idnrased.wordpress.com\/\">Site RASED<\/a><\/div>\n<\/div>\n\n\n\n<hr class=\"wp-block-separator\"\/>\n\n\n\n<p><strong>Maryse<\/strong>, psychologue rattach\u00e9e au secteur de Quartier d\u2019Orl\u00e9ans, vous propose ce document r\u00e9alis\u00e9 par mme Marie-Rose Moro, professeur de psychiatrie de l\u2019enfant :<\/p>\n\n\n\n<div class=\"wp-block-buttons is-layout-flex wp-block-buttons-is-layout-flex\">\n<div class=\"wp-block-button\"><a class=\"wp-block-button__link has-text-color has-very-light-gray-color has-background has-vivid-purple-background-color\" href=\"\/wp-content\/uploads\/avril2020\/Maitre_spe\/Kit_transculturel.pdf\">Kit transculturel<\/a><\/div>\n<\/div>\n\n\n\n<hr class=\"wp-block-separator\"\/>\n\n\n\n<p>Pendant ces vacances de P\u00e2ques, ma\u00eetre <strong>Didier<\/strong> vous donne ses recommandations pour accompagner son enfant \u00e0 la maison :<\/p>\n\n\n\n<p class=\"has-medium-font-size\"><strong>Recommandations<\/strong><\/p>\n\n\n\n<div class=\"wp-block-buttons is-layout-flex wp-block-buttons-is-layout-flex\">\n<div class=\"wp-block-button\"><a class=\"wp-block-button__link has-text-color has-very-light-gray-color has-background has-luminous-vivid-amber-background-color\" href=\"\/wp-content\/uploads\/avril2020\/Maitre_spe\/Lecture.pdf\">Lecture<\/a><\/div>\n\n\n\n<div class=\"wp-block-button\"><a class=\"wp-block-button__link has-text-color has-very-light-gray-color has-background has-luminous-vivid-amber-background-color\" href=\"\/wp-content\/uploads\/avril2020\/Maitre_spe\/Langage.pdf\">Langage<\/a><\/div>\n\n\n\n<div class=\"wp-block-button\"><a class=\"wp-block-button__link has-text-color has-very-light-gray-color has-background has-luminous-vivid-amber-background-color\" href=\"\/wp-content\/uploads\/avril2020\/Maitre_spe\/Maths.pdf\">Math\u00e9matiques<\/a><\/div>\n\n\n\n<div class=\"wp-block-button\"><a class=\"wp-block-button__link has-text-color has-very-light-gray-color has-background has-luminous-vivid-amber-background-color\" href=\"\/wp-content\/uploads\/avril2020\/Maitre_spe\/Curiosite.pdf\">Curiosit\u00e9<\/a><\/div>\n<\/div>\n\n\n\n<hr class=\"wp-block-separator\"\/>\n\n\n\n<p>Ma\u00eetresse <strong>Christine<\/strong> vous sugg\u00e8re les activit\u00e9s suivantes pour progresser en lecture :<\/p>\n\n\n\n<div class=\"wp-block-buttons is-layout-flex wp-block-buttons-is-layout-flex\">\n<div class=\"wp-block-button\"><a class=\"wp-block-button__link has-text-color has-very-light-gray-color has-background has-vivid-purple-background-color\" href=\"\/wp-content\/uploads\/avril2020\/Maitre_spe\/Jeu_sardines.pdf\">Jeu des sardines<\/a><\/div>\n\n\n\n<div class=\"wp-block-button is-style-fill\"><a class=\"wp-block-button__link has-text-color has-very-light-gray-color has-background has-vivid-purple-background-color\" href=\"\/wp-content\/uploads\/avril2020\/Maitre_spe\/Regle_jeu_sardines.pdf\">R\u00e8gle du jeu<\/a><\/div>\n<\/div>\n\n\n\n<hr class=\"wp-block-separator\"\/>\n\n\n\n<p>Ma\u00eetresse <strong>Christine<\/strong>, ma\u00eetre E \u00e0 l&#8217;\u00e9cole Omer Arrondell, met \u00e0 votre disposition ces fiches sur les troubles d&#8217;apprentissage qu&#8217;elle utilise dans son m\u00e9tier:<\/p>\n\n\n\n<div class=\"wp-block-buttons is-layout-flex wp-block-buttons-is-layout-flex\">\n<div class=\"wp-block-button\"><a class=\"wp-block-button__link has-text-color has-very-light-gray-color has-background has-vivid-cyan-blue-background-color\" href=\"\/wp-content\/uploads\/mars2020\/Docs\/Maitres_Spe\/Fiches_troub_appr.pdf\">Fiches<\/a><\/div>\n<\/div>\n\n\n\n<hr class=\"wp-block-separator\"\/>\n\n\n\n<p>Elle vous propose \u00e9galement ce jeu pour travailler l&#8217;anticipation, la r\u00e9flexion et le rep\u00e9rage spatial:<\/p>\n\n\n\n<div class=\"wp-block-buttons is-layout-flex wp-block-buttons-is-layout-flex\">\n<div class=\"wp-block-button\"><a class=\"wp-block-button__link has-text-color has-very-light-gray-color has-background has-vivid-purple-background-color\" href=\"https:\/\/micetf.fr\/embouteillages\/#2wp\">Jeu<\/a><\/div>\n<\/div>\n\n\n\n<hr class=\"wp-block-separator\"\/>\n\n\n\n<p>Ma\u00eetresse <strong>C\u00e9cile<\/strong>, ma\u00eetresse sp\u00e9cialis\u00e9e pour les \u00e9cole priv\u00e9es sous contrat de Saint-Barht\u00e9lemy vous propose son mur de ressources p\u00e9dagogiques:<\/p>\n\n\n\n<div class=\"wp-block-buttons is-layout-flex wp-block-buttons-is-layout-flex\">\n<div class=\"wp-block-button\"><a class=\"wp-block-button__link has-text-color has-very-light-gray-color has-background has-vivid-purple-background-color\" href=\"https:\/\/padlet.com\/cec971\/m2o50fx8px7g\">Padlet<\/a><\/div>\n<\/div>\n\n\n\n<hr class=\"wp-block-separator\"\/>\n\n\n\n<p>Les<strong> ma\u00eetres sp\u00e9cialis\u00e9s<\/strong> vous proposent des activit\u00e9s sur leur mur &#8220;dire, lire, \u00e9crire et compter&#8221;:<\/p>\n\n\n\n<div class=\"wp-block-buttons is-layout-flex wp-block-buttons-is-layout-flex\">\n<div class=\"wp-block-button\"><a class=\"wp-block-button__link has-background has-vivid-cyan-blue-background-color\" href=\"https:\/\/middlespot.com\/direlirecrirecompter\">Activit\u00e9s<\/a><\/div>\n<\/div>\n\n\n\n<hr class=\"wp-block-separator\"\/>\n","protected":false},"excerpt":{"rendered":"<p>Pour accompagner la proposition de Christine sur l&#8217;autisme, Chantal, maitre formateur, signale la plateforme &#8216;autisme en ligne&#8216;, mise en ligne par l&#8217;INSHEA \u00e0 la rentr\u00e9e 2019 pour que les professionnels qui travaillent avec des enfants autistes puissent s&#8217;auto-former.\u00a0La plateforme propose &#8220;d&#8217;aborder des points essentiels sur l&#8217;autisme illustr\u00e9s par des vid\u00e9os de pratique enseignante et des &hellip; <\/p>\n<p class=\"link-more\"><a href=\"https:\/\/profsenligne.net\/index.php\/page-maitres-e\/\" class=\"more-link\">Continue reading<span class=\"screen-reader-text\"> &#8220;Ma\u00eetres E, G &#038; Psychologues&#8221;<\/span><\/a><\/p>\n","protected":false},"author":2,"featured_media":0,"parent":0,"menu_order":0,"comment_status":"closed","ping_status":"closed","template":"","meta":{"footnotes":""},"_links":{"self":[{"href":"https:\/\/profsenligne.net\/index.php\/wp-json\/wp\/v2\/pages\/493"}],"collection":[{"href":"https:\/\/profsenligne.net\/index.php\/wp-json\/wp\/v2\/pages"}],"about":[{"href":"https:\/\/profsenligne.net\/index.php\/wp-json\/wp\/v2\/types\/page"}],"author":[{"embeddable":true,"href":"https:\/\/profsenligne.net\/index.php\/wp-json\/wp\/v2\/users\/2"}],"replies":[{"embeddable":true,"href":"https:\/\/profsenligne.net\/index.php\/wp-json\/wp\/v2\/comments?post=493"}],"version-history":[{"count":32,"href":"https:\/\/profsenligne.net\/index.php\/wp-json\/wp\/v2\/pages\/493\/revisions"}],"predecessor-version":[{"id":3262,"href":"https:\/\/profsenligne.net\/index.php\/wp-json\/wp\/v2\/pages\/493\/revisions\/3262"}],"wp:attachment":[{"href":"https:\/\/profsenligne.net\/index.php\/wp-json\/wp\/v2\/media?parent=493"}],"curies":[{"name":"wp","href":"https:\/\/api.w.org\/{rel}","templated":true}]}}