{"id":480,"date":"2020-03-24T17:38:30","date_gmt":"2020-03-24T16:38:30","guid":{"rendered":"http:\/\/profsenligne.free.fr\/?page_id=480"},"modified":"2020-12-04T23:41:57","modified_gmt":"2020-12-05T03:41:57","slug":"page-formateurs","status":"publish","type":"page","link":"https:\/\/profsenligne.net\/index.php\/page-formateurs\/","title":{"rendered":"Ma\u00eetres Formateurs"},"content":{"rendered":"\n<p><strong>Magali<\/strong>, ma\u00eetre-formateur \u00e0 l&#8217;\u00e9cole Omer Arrondell, met en partage deux documents dans le cadre de l&#8217;accompagnement des enseignants stagiaires PES :<\/p>\n\n\n\n<div class=\"wp-block-buttons is-layout-flex wp-block-buttons-is-layout-flex\">\n<div class=\"wp-block-button\"><a class=\"wp-block-button__link has-white-color has-vivid-cyan-blue-background-color has-text-color has-background\" href=\"\/wp-content\/uploads\/PEMF\/Referentiel_C_E.pdf\">R\u00e9f\u00e9rentiel de comp\u00e9tences professionnelles du PE<\/a><\/div>\n\n\n\n<div class=\"wp-block-button is-style-fill\"><a class=\"wp-block-button__link has-pale-cyan-blue-background-color has-background\" href=\"\/wp-content\/uploads\/PEMF\/Entretien-conseil.pdf\">L&#8217;entretien-conseil<\/a><\/div>\n<\/div>\n\n\n\n<p><\/p>\n\n\n\n<hr class=\"wp-block-separator\"\/>\n\n\n\n<p><strong>Martine<\/strong>, ma\u00eetre-formateur et formatrice REP+, propose un petit m\u00e9mo de rentr\u00e9e en direction des enseignants d\u00e9butants :<\/p>\n\n\n\n<div class=\"wp-block-buttons is-layout-flex wp-block-buttons-is-layout-flex\">\n<div class=\"wp-block-button\"><a class=\"wp-block-button__link has-white-color has-luminous-vivid-amber-background-color has-text-color has-background\" href=\"\/wp-content\/uploads\/PEMF\/Cons-rentree.pdf\">MEMO DE RENTR\u00c9E<\/a><\/div>\n<\/div>\n\n\n\n<hr class=\"wp-block-separator\"\/>\n\n\n\n<p><strong>Magali<\/strong> vous propose ce cahier de jeux pour le cycle 3:<\/p>\n\n\n\n<div class=\"wp-block-buttons is-layout-flex wp-block-buttons-is-layout-flex\">\n<div class=\"wp-block-button\"><a class=\"wp-block-button__link has-very-light-gray-color has-vivid-cyan-blue-background-color has-text-color has-background\" href=\"\/wp-content\/uploads\/mars2020\/Docs\/ARR\/CE2A\/Cahier_jeux_C3.pdf\">Cahier de jeux<\/a><\/div>\n<\/div>\n\n\n\n<hr class=\"wp-block-separator\"\/>\n\n\n\n<p><strong>St\u00e9phanie<\/strong>, Enseignante formatrice r\u00e9f\u00e9rente math\u00e9matiques, vous propose son padlet ainsi qu&#8217;un lien sur les rituels en math\u00e9matiques:<\/p>\n\n\n\n<div class=\"wp-block-buttons is-layout-flex wp-block-buttons-is-layout-flex\">\n<div class=\"wp-block-button\"><a class=\"wp-block-button__link has-very-light-gray-color has-luminous-vivid-amber-background-color has-text-color has-background\" href=\"https:\/\/padlet.com\/stephanie_brouwers\/ir7vhvlymkun\">Padlet math\u00e9matiques<\/a><\/div>\n<\/div>\n\n\n\n<figure class=\"wp-block-embed-youtube wp-block-embed is-type-video is-provider-youtube wp-embed-aspect-16-9 wp-has-aspect-ratio\"><div class=\"wp-block-embed__wrapper\">\n<iframe loading=\"lazy\" title=\"Les rituels math\u00e9matiques cycle 2 et 3\" width=\"500\" height=\"281\" src=\"https:\/\/www.youtube.com\/embed\/WrRg1WUFQOc?feature=oembed\" frameborder=\"0\" allow=\"accelerometer; autoplay; clipboard-write; encrypted-media; gyroscope; picture-in-picture; web-share\" referrerpolicy=\"strict-origin-when-cross-origin\" allowfullscreen><\/iframe>\n<\/div><\/figure>\n\n\n\n<hr class=\"wp-block-separator\"\/>\n\n\n\n<p>Voici des exercices propos\u00e9s par&nbsp;<strong>Magali<\/strong>, enseignante formatrice \u00e0 l&#8217;\u00e9cole Arrondell, pour les classes de&nbsp;<strong>CM<\/strong> de son \u00e9cole ou bien de la circonscription:<\/p>\n\n\n\n<p><strong>Math\u00e9matiques<\/strong><\/p>\n\n\n\n<div class=\"wp-block-buttons is-layout-flex wp-block-buttons-is-layout-flex\">\n<div class=\"wp-block-button\"><a class=\"wp-block-button__link has-very-light-gray-color has-vivid-cyan-blue-background-color has-text-color has-background\" href=\"\/wp-content\/uploads\/mars2020\/Docs\/Maitres_Form\/Defi1.pdf\">D\u00e9fi 1<\/a><\/div>\n\n\n\n<div class=\"wp-block-button is-style-outline\"><a class=\"wp-block-button__link has-very-light-gray-color has-vivid-cyan-blue-background-color has-text-color has-background\" href=\"\/wp-content\/uploads\/mars2020\/Docs\/Maitres_Form\/Defi2.pdf\">D\u00e9fi 2<\/a><\/div>\n\n\n\n<div class=\"wp-block-button is-style-outline\"><a class=\"wp-block-button__link has-very-light-gray-color has-vivid-cyan-blue-background-color has-text-color has-background\" href=\"\/wp-content\/uploads\/mars2020\/Docs\/Maitres_Form\/Defi3.pdf\">D\u00e9fi 3<\/a><\/div>\n\n\n\n<div class=\"wp-block-button is-style-outline\"><a class=\"wp-block-button__link has-very-light-gray-color has-vivid-cyan-blue-background-color has-text-color has-background\" href=\"\/wp-content\/uploads\/mars2020\/Docs\/Maitres_Form\/Defi4.pdf\">D\u00e9fi 4<\/a><\/div>\n<\/div>\n\n\n\n<div class=\"wp-block-buttons is-layout-flex wp-block-buttons-is-layout-flex\">\n<div class=\"wp-block-button\"><a class=\"wp-block-button__link has-very-light-gray-color has-vivid-cyan-blue-background-color has-text-color has-background\" href=\"\/wp-content\/uploads\/mars2020\/Docs\/Maitres_Form\/Eps_maison.pdf\">EPS<\/a><\/div>\n<\/div>\n\n\n\n<p><strong>4 MISSIONS MUSICALES <\/strong>pour chanter, danser et jouer, enfants et parents ensemble:<\/p>\n\n\n\n<div class=\"wp-block-buttons is-layout-flex wp-block-buttons-is-layout-flex\">\n<div class=\"wp-block-button\"><a class=\"wp-block-button__link has-very-light-gray-color has-luminous-vivid-amber-background-color has-text-color has-background\" href=\"\/wp-content\/uploads\/mars2020\/Docs\/Maitres_Form\/Aff1.jpeg\">R &amp; B<\/a><\/div>\n\n\n\n<div class=\"wp-block-button is-style-outline\"><a class=\"wp-block-button__link has-very-light-gray-color has-luminous-vivid-amber-background-color has-text-color has-background\" href=\"\/wp-content\/uploads\/mars2020\/Docs\/Maitres_Form\/Aff2.jpeg\">Rock<\/a><\/div>\n\n\n\n<div class=\"wp-block-button is-style-outline\"><a class=\"wp-block-button__link has-very-light-gray-color has-luminous-vivid-amber-background-color has-text-color has-background\" href=\"\/wp-content\/uploads\/mars2020\/Docs\/Maitres_Form\/Aff3.jpeg\">Pertutable<\/a><\/div>\n\n\n\n<div class=\"wp-block-button is-style-outline\"><a class=\"wp-block-button__link has-very-light-gray-color has-luminous-vivid-amber-background-color has-text-color has-background\" href=\"\/wp-content\/uploads\/mars2020\/Docs\/Maitres_Form\/Aff4.jpeg\">Britpop<\/a><\/div>\n<\/div>\n\n\n\n<hr class=\"wp-block-separator\"\/>\n\n\n\n<p><strong>Chantal<\/strong>, enseignante et formatrice \u00e0 l&#8217;\u00e9cole Jean Anselme, vous sugg\u00e8re les liens suivants:<\/p>\n\n\n\n<p><strong>Le jeu du moule<\/strong> ou comment apprendre aux enfants de la maternelle \u00e0 d\u00e9composer les petits nombres :<\/p>\n\n\n\n<figure class=\"wp-block-embed-youtube wp-block-embed is-type-video is-provider-youtube wp-embed-aspect-4-3 wp-has-aspect-ratio\"><div class=\"wp-block-embed__wrapper\">\n<iframe loading=\"lazy\" title=\"Maths - 3\/5 ans - Le moule - e\u0ba4\u0bae\u0bbf\u0bb4\u0bcd   \u0639\u0631\u0628\u064a\u0629  \u4e2d\u6587   po polsku  \u00een limba rom\u00e2n\u0103  \u0440\u0443\u0441\u0441\u043a\u043e\u043c \u044f\u0437\u044b\u043a\u0430\u0445  T\u00fcrk\u00e7e\" width=\"500\" height=\"281\" src=\"https:\/\/www.youtube.com\/embed\/IRGUDLZuq18?feature=oembed\" frameborder=\"0\" allow=\"accelerometer; autoplay; clipboard-write; encrypted-media; gyroscope; picture-in-picture; web-share\" referrerpolicy=\"strict-origin-when-cross-origin\" allowfullscreen><\/iframe>\n<\/div><figcaption><strong>Le jeu du moule<\/strong><\/figcaption><\/figure>\n\n\n\n<p><strong>La bo\u00eete \u00e0 remplir &#8211; cycle 1<\/strong><\/p>\n\n\n\n<figure class=\"wp-block-embed-youtube wp-block-embed is-type-video is-provider-youtube wp-embed-aspect-4-3 wp-has-aspect-ratio\"><div class=\"wp-block-embed__wrapper\">\n<iframe loading=\"lazy\" title=\"Maths - Bo\u00eete \u00e0 remplir \/ Box to fill\" width=\"500\" height=\"281\" src=\"https:\/\/www.youtube.com\/embed\/phmHEVRnoA8?feature=oembed\" frameborder=\"0\" allow=\"accelerometer; autoplay; clipboard-write; encrypted-media; gyroscope; picture-in-picture; web-share\" referrerpolicy=\"strict-origin-when-cross-origin\" allowfullscreen><\/iframe>\n<\/div><figcaption><strong>La bo\u00eete \u00e0 remplir<\/strong><\/figcaption><\/figure>\n\n\n\n<p>Les diff\u00e9rentes fa\u00e7ons de construire le concept de nombre. En utilisant la correspondance terme \u00e0 terme entre les doigts et une collection de trois noix. 3 c&#8217;est 1 et 1 et 1. C&#8217;est aussi 2 et 1 ou 1 et 2.<\/p>\n\n\n\n<figure class=\"wp-block-embed-youtube wp-block-embed is-type-video is-provider-youtube wp-embed-aspect-4-3 wp-has-aspect-ratio\"><div class=\"wp-block-embed__wrapper\">\n<iframe loading=\"lazy\" title=\"Maths Les diff\u00e9rentes repr\u00e9sentations de 3 \/ The different representations of 3\" width=\"500\" height=\"281\" src=\"https:\/\/www.youtube.com\/embed\/3cstSRfj6mU?start=93&#038;feature=oembed\" frameborder=\"0\" allow=\"accelerometer; autoplay; clipboard-write; encrypted-media; gyroscope; picture-in-picture; web-share\" referrerpolicy=\"strict-origin-when-cross-origin\" allowfullscreen><\/iframe>\n<\/div><figcaption><strong>Correspondance terme \u00e0 terme<\/strong><\/figcaption><\/figure>\n\n\n\n<p>Pour faire des math\u00e9matiques \u00e0 la maison en maternelle, sans mat\u00e9riel compliqu\u00e9, pour travailler sur la num\u00e9ration, la construction du nombre et la g\u00e9om\u00e9trie.<\/p>\n\n\n\n<figure class=\"wp-block-embed-youtube wp-block-embed is-type-video is-provider-youtube wp-embed-aspect-16-9 wp-has-aspect-ratio\"><div class=\"wp-block-embed__wrapper\">\n<iframe loading=\"lazy\" title=\"10 activit\u00e9s sur le nombre en maternelle\" width=\"500\" height=\"281\" src=\"https:\/\/www.youtube.com\/embed\/ZG-0jJFuXKk?feature=oembed\" frameborder=\"0\" allow=\"accelerometer; autoplay; clipboard-write; encrypted-media; gyroscope; picture-in-picture; web-share\" referrerpolicy=\"strict-origin-when-cross-origin\" allowfullscreen><\/iframe>\n<\/div><figcaption><strong>10 activit\u00e9s sur le nombre en maternelle<\/strong><\/figcaption><\/figure>\n\n\n\n<div class=\"wp-block-buttons is-layout-flex wp-block-buttons-is-layout-flex\">\n<div class=\"wp-block-button\"><a class=\"wp-block-button__link\"><\/a><\/div>\n<\/div>\n\n\n\n<hr class=\"wp-block-separator\"\/>\n\n\n\n<p><strong> St\u00e9phanie<\/strong>, vous propose les liens suivants:<\/p>\n\n\n\n<figure class=\"wp-block-embed-youtube wp-block-embed is-type-video is-provider-youtube wp-embed-aspect-16-9 wp-has-aspect-ratio\"><div class=\"wp-block-embed__wrapper\">\n<iframe loading=\"lazy\" title=\"Vid\u00e9os Entra\u00eenement Maths de la Maternelle au Cm2 (Semaine 2)\" width=\"500\" height=\"281\" src=\"https:\/\/www.youtube.com\/embed\/0vTWoNlzaIo?feature=oembed\" frameborder=\"0\" allow=\"accelerometer; autoplay; clipboard-write; encrypted-media; gyroscope; picture-in-picture; web-share\" referrerpolicy=\"strict-origin-when-cross-origin\" allowfullscreen><\/iframe>\n<\/div><figcaption><strong>Entra\u00eenement maths de la maternelle au CM2<\/strong><\/figcaption><\/figure>\n\n\n\n<figure class=\"wp-block-embed-youtube wp-block-embed is-type-video is-provider-youtube wp-embed-aspect-16-9 wp-has-aspect-ratio\"><div class=\"wp-block-embed__wrapper\">\n<iframe loading=\"lazy\" title=\"Activit\u00e9 math\u00e9matiques \u00e0 partir de jeux cartes\" width=\"500\" height=\"281\" src=\"https:\/\/www.youtube.com\/embed\/R3k7OFE7L04?list=PLKFVnjH3gs43xznmJTob0NMlxusUgt55V\" frameborder=\"0\" allow=\"accelerometer; autoplay; clipboard-write; encrypted-media; gyroscope; picture-in-picture; web-share\" referrerpolicy=\"strict-origin-when-cross-origin\" allowfullscreen><\/iframe>\n<\/div><figcaption><strong>Jeu de cartes<\/strong><\/figcaption><\/figure>\n\n\n\n<figure class=\"wp-block-embed-youtube wp-block-embed is-type-video is-provider-youtube wp-embed-aspect-16-9 wp-has-aspect-ratio\"><div class=\"wp-block-embed__wrapper\">\n<iframe loading=\"lazy\" title=\"Calcul mental cycle 2 Vid\u00e9o 1\" width=\"500\" height=\"281\" src=\"https:\/\/www.youtube.com\/embed\/e7T5_cJoJv4?feature=oembed\" frameborder=\"0\" allow=\"accelerometer; autoplay; clipboard-write; encrypted-media; gyroscope; picture-in-picture; web-share\" referrerpolicy=\"strict-origin-when-cross-origin\" allowfullscreen><\/iframe>\n<\/div><figcaption><strong>Calcul mental cycle2<\/strong><\/figcaption><\/figure>\n\n\n\n<figure class=\"wp-block-embed-youtube wp-block-embed is-type-video is-provider-youtube wp-embed-aspect-16-9 wp-has-aspect-ratio\"><div class=\"wp-block-embed__wrapper\">\n<iframe loading=\"lazy\" title=\"Calcul mental cycle 3 vid\u00e9o 1\" width=\"500\" height=\"281\" src=\"https:\/\/www.youtube.com\/embed\/pnv1D9ianWM?feature=oembed\" frameborder=\"0\" allow=\"accelerometer; autoplay; clipboard-write; encrypted-media; gyroscope; picture-in-picture; web-share\" referrerpolicy=\"strict-origin-when-cross-origin\" allowfullscreen><\/iframe>\n<\/div><figcaption><strong>Calcul mental cycle 3<\/strong><\/figcaption><\/figure>\n\n\n\n<figure class=\"wp-block-embed-youtube wp-block-embed is-type-video is-provider-youtube wp-embed-aspect-16-9 wp-has-aspect-ratio\"><div class=\"wp-block-embed__wrapper\">\n<iframe loading=\"lazy\" title=\"\u00c9nigmes maths CP-CE-CM\" width=\"500\" height=\"281\" src=\"https:\/\/www.youtube.com\/embed\/WRnocwMW25E?feature=oembed\" frameborder=\"0\" allow=\"accelerometer; autoplay; clipboard-write; encrypted-media; gyroscope; picture-in-picture; web-share\" referrerpolicy=\"strict-origin-when-cross-origin\" allowfullscreen><\/iframe>\n<\/div><figcaption><strong>Enigmes math\u00e9matiques du CP au CM2<\/strong><\/figcaption><\/figure>\n\n\n\n<hr class=\"wp-block-separator\"\/>\n","protected":false},"excerpt":{"rendered":"<p>Magali, ma\u00eetre-formateur \u00e0 l&#8217;\u00e9cole Omer Arrondell, met en partage deux documents dans le cadre de l&#8217;accompagnement des enseignants stagiaires PES : Martine, ma\u00eetre-formateur et formatrice REP+, propose un petit m\u00e9mo de rentr\u00e9e en direction des enseignants d\u00e9butants : Magali vous propose ce cahier de jeux pour le cycle 3: St\u00e9phanie, Enseignante formatrice r\u00e9f\u00e9rente math\u00e9matiques, vous &hellip; <\/p>\n<p class=\"link-more\"><a href=\"https:\/\/profsenligne.net\/index.php\/page-formateurs\/\" class=\"more-link\">Continue reading<span class=\"screen-reader-text\"> &#8220;Ma\u00eetres Formateurs&#8221;<\/span><\/a><\/p>\n","protected":false},"author":2,"featured_media":0,"parent":0,"menu_order":0,"comment_status":"closed","ping_status":"closed","template":"","meta":{"footnotes":""},"_links":{"self":[{"href":"https:\/\/profsenligne.net\/index.php\/wp-json\/wp\/v2\/pages\/480"}],"collection":[{"href":"https:\/\/profsenligne.net\/index.php\/wp-json\/wp\/v2\/pages"}],"about":[{"href":"https:\/\/profsenligne.net\/index.php\/wp-json\/wp\/v2\/types\/page"}],"author":[{"embeddable":true,"href":"https:\/\/profsenligne.net\/index.php\/wp-json\/wp\/v2\/users\/2"}],"replies":[{"embeddable":true,"href":"https:\/\/profsenligne.net\/index.php\/wp-json\/wp\/v2\/comments?post=480"}],"version-history":[{"count":26,"href":"https:\/\/profsenligne.net\/index.php\/wp-json\/wp\/v2\/pages\/480\/revisions"}],"predecessor-version":[{"id":3887,"href":"https:\/\/profsenligne.net\/index.php\/wp-json\/wp\/v2\/pages\/480\/revisions\/3887"}],"wp:attachment":[{"href":"https:\/\/profsenligne.net\/index.php\/wp-json\/wp\/v2\/media?parent=480"}],"curies":[{"name":"wp","href":"https:\/\/api.w.org\/{rel}","templated":true}]}}