{"id":474,"date":"2020-03-24T17:20:34","date_gmt":"2020-03-24T16:20:34","guid":{"rendered":"http:\/\/profsenligne.free.fr\/?page_id=474"},"modified":"2020-05-23T22:01:02","modified_gmt":"2020-05-24T02:01:02","slug":"psb","status":"publish","type":"page","link":"https:\/\/profsenligne.net\/index.php\/psb\/","title":{"rendered":"PSB"},"content":{"rendered":"\n<p>Pour la p\u00e9riode s&#8217;\u00e9tendant du 25 mai au 15 juin, voici ce que vous propose votre ma\u00eetresse <strong>Val\u00e9rie<\/strong> comme activit\u00e9s \u00e0 r\u00e9aliser :<\/p>\n\n\n\n<div class=\"wp-block-buttons is-layout-flex wp-block-buttons-is-layout-flex\">\n<div class=\"wp-block-button\"><a class=\"wp-block-button__link has-text-color has-very-light-gray-color has-background has-vivid-purple-background-color\" href=\"\/wp-content\/uploads\/mai2020\/CLA\/PSB\/Activites_25_05.pdf\">Activit\u00e9s<\/a><\/div>\n<\/div>\n\n\n\n<div class=\"_3d-flip-book  fb3d-fullscreen-mode full-size\" data-id=\"3174\" data-mode=\"fullscreen\" data-title=\"false\" data-template=\"short-white-book-view\" data-lightbox=\"dark-shadow\" data-urlparam=\"fb3d-page\" data-page-n=\"0\" data-pdf=\"\" data-tax=\"null\" data-thumbnail=\"\" data-cols=\"3\" data-book-template=\"default\" data-trigger=\"\"><\/div><script type=\"text\/javascript\">window.FB3D_CLIENT_DATA = window.FB3D_CLIENT_DATA || [];FB3D_CLIENT_DATA.push('eyJwb3N0cyI6eyIzMTc0Ijp7IklEIjozMTc0LCJ0aXRsZSI6IkFCQyIsInR5cGUiOiJjdXN0b20iLCJyZWFkeV9mdW5jdGlvbiI6IiIsImJvb2tfc3R5bGUiOiJ2b2x1bWUiLCJib29rX3RlbXBsYXRlIjoibm9uZSIsIm91dGxpbmUiOltdLCJkYXRhIjp7InBkZl9wYWdlcyI6IjAiLCJwb3N0X0lEIjowLCJndWlkIjoiIiwicGFnZXNfY3VzdG9taXphdGlvbiI6ImFsbCJ9LCJ0aHVtYm5haWwiOnsiZGF0YSI6eyJwb3N0X0lEIjoiMzE3NSJ9LCJ0eXBlIjoibWVkaWFJbWFnZSJ9LCJwcm9wcyI6eyJoZWlnaHQiOiJhdXRvIiwid2lkdGgiOiJhdXRvIiwiZ3Jhdml0eSI6ImF1dG8iLCJjYWNoZWRQYWdlcyI6ImF1dG8iLCJyZW5kZXJJbmFjdGl2ZVBhZ2VzIjoiYXV0byIsInJlbmRlckluYWN0aXZlUGFnZXNPbk1vYmlsZSI6ImF1dG8iLCJyZW5kZXJXaGlsZUZsaXBwaW5nIjoiYXV0byIsInBhZ2VzRm9yUHJlZGljdGluZyI6ImF1dG8iLCJwcmVsb2FkUGFnZXMiOiJhdXRvIiwicnRsIjoiYXV0byIsInNoZWV0Ijp7InN0YXJ0VmVsb2NpdHkiOiJhdXRvIiwiY29ybmVyRGV2aWF0aW9uIjoiYXV0byIsImZsZXhpYmlsaXR5IjoiYXV0byIsImZsZXhpYmxlQ29ybmVyIjoiYXV0byIsImJlbmRpbmciOiJhdXRvIiwid2F2ZSI6ImF1dG8iLCJ3aWR0aFRleGVscyI6ImF1dG8iLCJoZWlnaHRUZXhlbHMiOiJhdXRvIiwiY29sb3IiOiJhdXRvIn0sImNvdmVyIjp7InN0YXJ0VmVsb2NpdHkiOiJhdXRvIiwiZmxleGliaWxpdHkiOiJhdXRvIiwiZmxleGlibGVDb3JuZXIiOiJhdXRvIiwiYmVuZGluZyI6ImF1dG8iLCJ3YXZlIjoiYXV0byIsIndpZHRoVGV4ZWxzIjoiYXV0byIsImhlaWdodFRleGVscyI6ImF1dG8iLCJjb2xvciI6ImF1dG8iLCJiaW5kZXJUZXh0dXJlIjoiYXV0byIsImRlcHRoIjoiYXV0byIsInBhZGRpbmciOiJhdXRvIiwibWFzcyI6ImF1dG8ifSwicGFnZSI6eyJzdGFydFZlbG9jaXR5IjoiYXV0byIsImZsZXhpYmlsaXR5IjoiYXV0byIsImZsZXhpYmxlQ29ybmVyIjoiYXV0byIsImJlbmRpbmciOiJhdXRvIiwid2F2ZSI6ImF1dG8iLCJ3aWR0aFRleGVscyI6ImF1dG8iLCJoZWlnaHRUZXhlbHMiOiJhdXRvIiwiY29sb3IiOiJhdXRvIiwiZGVwdGgiOiJhdXRvIiwibWFzcyI6ImF1dG8ifX0sImNvbnRyb2xQcm9wcyI6eyJhY3Rpb25zIjp7ImNtZFNhdmUiOnsiZW5hYmxlZCI6ImF1dG8ifSwiY21kUHJpbnQiOnsiZW5hYmxlZCI6ImF1dG8ifSwiY21kU2luZ2xlUGFnZSI6eyJlbmFibGVkIjoiYXV0byIsImFjdGl2ZSI6ImF1dG8ifX19LCJhdXRvVGh1bWJuYWlsIjpudWxsLCJwb3N0X25hbWUiOiJhYmMiLCJwb3N0X3R5cGUiOiIzZC1mbGlwLWJvb2sifX0sInBhZ2VzIjp7IjMxNzQiOlt7InBhZ2VfSUQiOiI5MyIsInBhZ2VfcG9zdF9JRCI6IjMxNzQiLCJwYWdlX3RpdGxlIjoiUDFhIiwicGFnZV9zb3VyY2VfdHlwZSI6ImltYWdlIiwicGFnZV9zb3VyY2VfZGF0YSI6eyJwb3N0X0lEIjoiMzE3NSIsImd1aWQiOiJodHRwczpcL1wvcHJvZnNlbmxpZ25lLm5ldFwvd3AtY29udGVudFwvdXBsb2Fkc1wvMjAyMFwvMDVcL1AxYS5wbmcifSwicGFnZV90aHVtYm5haWxfdHlwZSI6ImF1dG8iLCJwYWdlX3RodW1ibmFpbF9kYXRhIjp7InBvc3RfSUQiOiIwIn0sInBhZ2VfbWV0YV9kYXRhIjp7ImNzc19sYXllciI6eyJjc3MiOiIiLCJodG1sIjoiIiwianMiOiIifX0sInBhZ2VfbnVtYmVyIjoiMCJ9LHsicGFnZV9JRCI6Ijk0IiwicGFnZV9wb3N0X0lEIjoiMzE3NCIsInBhZ2VfdGl0bGUiOiJQMmEiLCJwYWdlX3NvdXJjZV90eXBlIjoiaW1hZ2UiLCJwYWdlX3NvdXJjZV9kYXRhIjp7InBvc3RfSUQiOiIzMTc2IiwiZ3VpZCI6Imh0dHBzOlwvXC9wcm9mc2VubGlnbmUubmV0XC93cC1jb250ZW50XC91cGxvYWRzXC8yMDIwXC8wNVwvUDJhLnBuZyJ9LCJwYWdlX3RodW1ibmFpbF90eXBlIjoiYXV0byIsInBhZ2VfdGh1bWJuYWlsX2RhdGEiOnsicG9zdF9JRCI6IjAifSwicGFnZV9tZXRhX2RhdGEiOnsiY3NzX2xheWVyIjp7ImNzcyI6IiIsImh0bWwiOiIiLCJqcyI6IiJ9fSwicGFnZV9udW1iZXIiOiIxIn0seyJwYWdlX0lEIjoiOTUiLCJwYWdlX3Bvc3RfSUQiOiIzMTc0IiwicGFnZV90aXRsZSI6IlAzYSIsInBhZ2Vfc291cmNlX3R5cGUiOiJpbWFnZSIsInBhZ2Vfc291cmNlX2RhdGEiOnsicG9zdF9JRCI6IjMxNzciLCJndWlkIjoiaHR0cHM6XC9cL3Byb2ZzZW5saWduZS5uZXRcL3dwLWNvbnRlbnRcL3VwbG9hZHNcLzIwMjBcLzA1XC9QM2EucG5nIn0sInBhZ2VfdGh1bWJuYWlsX3R5cGUiOiJhdXRvIiwicGFnZV90aHVtYm5haWxfZGF0YSI6eyJwb3N0X0lEIjoiMCJ9LCJwYWdlX21ldGFfZGF0YSI6eyJjc3NfbGF5ZXIiOnsiY3NzIjoiIiwiaHRtbCI6IiIsImpzIjoiIn19LCJwYWdlX251bWJlciI6IjIifSx7InBhZ2VfSUQiOiI5NiIsInBhZ2VfcG9zdF9JRCI6IjMxNzQiLCJwYWdlX3RpdGxlIjoiUDRhIiwicGFnZV9zb3VyY2VfdHlwZSI6ImltYWdlIiwicGFnZV9zb3VyY2VfZGF0YSI6eyJwb3N0X0lEIjoiMzE3OCIsImd1aWQiOiJodHRwczpcL1wvcHJvZnNlbmxpZ25lLm5ldFwvd3AtY29udGVudFwvdXBsb2Fkc1wvMjAyMFwvMDVcL1A0YS5wbmcifSwicGFnZV90aHVtYm5haWxfdHlwZSI6ImF1dG8iLCJwYWdlX3RodW1ibmFpbF9kYXRhIjp7InBvc3RfSUQiOiIwIn0sInBhZ2VfbWV0YV9kYXRhIjp7ImNzc19sYXllciI6eyJjc3MiOiIiLCJodG1sIjoiIiwianMiOiIifX0sInBhZ2VfbnVtYmVyIjoiMyJ9LHsicGFnZV9JRCI6Ijk3IiwicGFnZV9wb3N0X0lEIjoiMzE3NCIsInBhZ2VfdGl0bGUiOiJQNWEiLCJwYWdlX3NvdXJjZV90eXBlIjoiaW1hZ2UiLCJwYWdlX3NvdXJjZV9kYXRhIjp7InBvc3RfSUQiOiIzMTc5IiwiZ3VpZCI6Imh0dHBzOlwvXC9wcm9mc2VubGlnbmUubmV0XC93cC1jb250ZW50XC91cGxvYWRzXC8yMDIwXC8wNVwvUDVhLnBuZyJ9LCJwYWdlX3RodW1ibmFpbF90eXBlIjoiYXV0byIsInBhZ2VfdGh1bWJuYWlsX2RhdGEiOnsicG9zdF9JRCI6IjAifSwicGFnZV9tZXRhX2RhdGEiOnsiY3NzX2xheWVyIjp7ImNzcyI6IiIsImh0bWwiOiIiLCJqcyI6IiJ9fSwicGFnZV9udW1iZXIiOiI0In0seyJwYWdlX0lEIjoiOTgiLCJwYWdlX3Bvc3RfSUQiOiIzMTc0IiwicGFnZV90aXRsZSI6IlA2YSIsInBhZ2Vfc291cmNlX3R5cGUiOiJpbWFnZSIsInBhZ2Vfc291cmNlX2RhdGEiOnsicG9zdF9JRCI6IjMxODAiLCJndWlkIjoiaHR0cHM6XC9cL3Byb2ZzZW5saWduZS5uZXRcL3dwLWNvbnRlbnRcL3VwbG9hZHNcLzIwMjBcLzA1XC9QNmEucG5nIn0sInBhZ2VfdGh1bWJuYWlsX3R5cGUiOiJhdXRvIiwicGFnZV90aHVtYm5haWxfZGF0YSI6eyJwb3N0X0lEIjoiMCJ9LCJwYWdlX21ldGFfZGF0YSI6eyJjc3NfbGF5ZXIiOnsiY3NzIjoiIiwiaHRtbCI6IiIsImpzIjoiIn19LCJwYWdlX251bWJlciI6IjUifSx7InBhZ2VfSUQiOiI5OSIsInBhZ2VfcG9zdF9JRCI6IjMxNzQiLCJwYWdlX3RpdGxlIjoiUDdhIiwicGFnZV9zb3VyY2VfdHlwZSI6ImltYWdlIiwicGFnZV9zb3VyY2VfZGF0YSI6eyJwb3N0X0lEIjoiMzE4MSIsImd1aWQiOiJodHRwczpcL1wvcHJvZnNlbmxpZ25lLm5ldFwvd3AtY29udGVudFwvdXBsb2Fkc1wvMjAyMFwvMDVcL1A3YS5wbmcifSwicGFnZV90aHVtYm5haWxfdHlwZSI6ImF1dG8iLCJwYWdlX3RodW1ibmFpbF9kYXRhIjp7InBvc3RfSUQiOiIwIn0sInBhZ2VfbWV0YV9kYXRhIjp7ImNzc19sYXllciI6eyJjc3MiOiIiLCJodG1sIjoiIiwianMiOiIifX0sInBhZ2VfbnVtYmVyIjoiNiJ9LHsicGFnZV9JRCI6IjEwMCIsInBhZ2VfcG9zdF9JRCI6IjMxNzQiLCJwYWdlX3RpdGxlIjoiUDhhIiwicGFnZV9zb3VyY2VfdHlwZSI6ImltYWdlIiwicGFnZV9zb3VyY2VfZGF0YSI6eyJwb3N0X0lEIjoiMzE4MiIsImd1aWQiOiJodHRwczpcL1wvcHJvZnNlbmxpZ25lLm5ldFwvd3AtY29udGVudFwvdXBsb2Fkc1wvMjAyMFwvMDVcL1A4YS5wbmcifSwicGFnZV90aHVtYm5haWxfdHlwZSI6ImF1dG8iLCJwYWdlX3RodW1ibmFpbF9kYXRhIjp7InBvc3RfSUQiOiIwIn0sInBhZ2VfbWV0YV9kYXRhIjp7ImNzc19sYXllciI6eyJjc3MiOiIiLCJodG1sIjoiIiwianMiOiIifX0sInBhZ2VfbnVtYmVyIjoiNyJ9LHsicGFnZV9JRCI6IjEwMSIsInBhZ2VfcG9zdF9JRCI6IjMxNzQiLCJwYWdlX3RpdGxlIjoiUDlhIiwicGFnZV9zb3VyY2VfdHlwZSI6ImltYWdlIiwicGFnZV9zb3VyY2VfZGF0YSI6eyJwb3N0X0lEIjoiMzE4MyIsImd1aWQiOiJodHRwczpcL1wvcHJvZnNlbmxpZ25lLm5ldFwvd3AtY29udGVudFwvdXBsb2Fkc1wvMjAyMFwvMDVcL1A5YS5wbmcifSwicGFnZV90aHVtYm5haWxfdHlwZSI6ImF1dG8iLCJwYWdlX3RodW1ibmFpbF9kYXRhIjp7InBvc3RfSUQiOiIwIn0sInBhZ2VfbWV0YV9kYXRhIjp7ImNzc19sYXllciI6eyJjc3MiOiIiLCJodG1sIjoiIiwianMiOiIifX0sInBhZ2VfbnVtYmVyIjoiOCJ9LHsicGFnZV9JRCI6IjEwMiIsInBhZ2VfcG9zdF9JRCI6IjMxNzQiLCJwYWdlX3RpdGxlIjoiUDEwYSIsInBhZ2Vfc291cmNlX3R5cGUiOiJpbWFnZSIsInBhZ2Vfc291cmNlX2RhdGEiOnsicG9zdF9JRCI6IjMxODQiLCJndWlkIjoiaHR0cHM6XC9cL3Byb2ZzZW5saWduZS5uZXRcL3dwLWNvbnRlbnRcL3VwbG9hZHNcLzIwMjBcLzA1XC9QMTBhLnBuZyJ9LCJwYWdlX3RodW1ibmFpbF90eXBlIjoiYXV0byIsInBhZ2VfdGh1bWJuYWlsX2RhdGEiOnsicG9zdF9JRCI6IjAifSwicGFnZV9tZXRhX2RhdGEiOnsiY3NzX2xheWVyIjp7ImNzcyI6IiIsImh0bWwiOiIiLCJqcyI6IiJ9fSwicGFnZV9udW1iZXIiOiI5In1dfSwiZmlyc3RQYWdlcyI6W119');window.FB3D_CLIENT_LOCALE && FB3D_CLIENT_LOCALE.render && FB3D_CLIENT_LOCALE.render();<\/script>\n\n\n\n<p><\/p>\n\n\n\n<hr class=\"wp-block-separator\"\/>\n\n\n\n<p>En ce d\u00e9but du mois de mai, votre ma\u00eetresse vous adresse le livret d&#8217;activit\u00e9s suivant :<\/p>\n\n\n\n<div class=\"wp-block-buttons is-layout-flex wp-block-buttons-is-layout-flex\">\n<div class=\"wp-block-button\"><a class=\"wp-block-button__link has-text-color has-very-light-gray-color has-background has-luminous-vivid-amber-background-color\" href=\"\/wp-content\/uploads\/mai2020\/CLA\/PSB\/Activites_04_05.pdf\">Livret d&#8217;activit\u00e9s<\/a><\/div>\n<\/div>\n\n\n\n<p><\/p>\n\n\n\n<hr class=\"wp-block-separator\"\/>\n\n\n\n<p>Ma\u00eetresse <strong>Val\u00e9rie<\/strong> met \u00e0 votre disposition un planning et donne ses recommandations:<\/p>\n\n\n\n<div class=\"wp-block-buttons is-layout-flex wp-block-buttons-is-layout-flex\">\n<div class=\"wp-block-button\"><a class=\"wp-block-button__link has-text-color has-very-light-gray-color has-background has-luminous-vivid-amber-background-color\" href=\"\/wp-content\/uploads\/mars2020\/Docs\/CLA\/PSB\/1.Planning.pdf\">Planning<\/a><\/div>\n<\/div>\n\n\n\n<hr class=\"wp-block-separator\"\/>\n","protected":false},"excerpt":{"rendered":"<p>Pour la p\u00e9riode s&#8217;\u00e9tendant du 25 mai au 15 juin, voici ce que vous propose votre ma\u00eetresse Val\u00e9rie comme activit\u00e9s \u00e0 r\u00e9aliser : En ce d\u00e9but du mois de mai, votre ma\u00eetresse vous adresse le livret d&#8217;activit\u00e9s suivant : Ma\u00eetresse Val\u00e9rie met \u00e0 votre disposition un planning et donne ses recommandations:<\/p>\n","protected":false},"author":2,"featured_media":0,"parent":0,"menu_order":0,"comment_status":"closed","ping_status":"closed","template":"","meta":{"footnotes":""},"_links":{"self":[{"href":"https:\/\/profsenligne.net\/index.php\/wp-json\/wp\/v2\/pages\/474"}],"collection":[{"href":"https:\/\/profsenligne.net\/index.php\/wp-json\/wp\/v2\/pages"}],"about":[{"href":"https:\/\/profsenligne.net\/index.php\/wp-json\/wp\/v2\/types\/page"}],"author":[{"embeddable":true,"href":"https:\/\/profsenligne.net\/index.php\/wp-json\/wp\/v2\/users\/2"}],"replies":[{"embeddable":true,"href":"https:\/\/profsenligne.net\/index.php\/wp-json\/wp\/v2\/comments?post=474"}],"version-history":[{"count":8,"href":"https:\/\/profsenligne.net\/index.php\/wp-json\/wp\/v2\/pages\/474\/revisions"}],"predecessor-version":[{"id":3185,"href":"https:\/\/profsenligne.net\/index.php\/wp-json\/wp\/v2\/pages\/474\/revisions\/3185"}],"wp:attachment":[{"href":"https:\/\/profsenligne.net\/index.php\/wp-json\/wp\/v2\/media?parent=474"}],"curies":[{"name":"wp","href":"https:\/\/api.w.org\/{rel}","templated":true}]}}