{"id":4694,"date":"2024-10-28T22:22:39","date_gmt":"2024-10-29T02:22:39","guid":{"rendered":"https:\/\/profsenligne.net\/?page_id=4694"},"modified":"2024-10-28T22:30:59","modified_gmt":"2024-10-29T02:30:59","slug":"h5p","status":"publish","type":"page","link":"https:\/\/profsenligne.net\/index.php\/h5p\/","title":{"rendered":"H5P"},"content":{"rendered":"\n<p>Cr\u00e9ation de contenus interactifs en ligne.<\/p>\n\n\n\n<a class=\"maxbutton-18 maxbutton maxbutton-la-boite\" href=\"https:\/\/h5p.org\"><span class='mb-text'>Inscription<\/span><\/a>\n\n\n\n<p><\/p>\n\n\n\n<p><em>En voici un exemple:<\/em><\/p>\n\n\n\n<figure class=\"wp-block-embed is-type-video is-provider-youtube wp-block-embed-youtube wp-embed-aspect-16-9 wp-has-aspect-ratio\"><div class=\"wp-block-embed__wrapper\">\n<iframe loading=\"lazy\" title=\"Cr\u00e9er une vid\u00e9o interactive avec H5P (tutoriel fran\u00e7ais)\" width=\"500\" height=\"281\" src=\"https:\/\/www.youtube.com\/embed\/057rqs4Sfl8?feature=oembed\" frameborder=\"0\" allow=\"accelerometer; autoplay; clipboard-write; encrypted-media; gyroscope; picture-in-picture; web-share\" referrerpolicy=\"strict-origin-when-cross-origin\" allowfullscreen><\/iframe>\n<\/div><\/figure>\n","protected":false},"excerpt":{"rendered":"<p>Cr\u00e9ation de contenus interactifs en ligne. &nbsp; En voici un exemple:<\/p>\n","protected":false},"author":2,"featured_media":0,"parent":0,"menu_order":0,"comment_status":"closed","ping_status":"closed","template":"","meta":{"footnotes":""},"_links":{"self":[{"href":"https:\/\/profsenligne.net\/index.php\/wp-json\/wp\/v2\/pages\/4694"}],"collection":[{"href":"https:\/\/profsenligne.net\/index.php\/wp-json\/wp\/v2\/pages"}],"about":[{"href":"https:\/\/profsenligne.net\/index.php\/wp-json\/wp\/v2\/types\/page"}],"author":[{"embeddable":true,"href":"https:\/\/profsenligne.net\/index.php\/wp-json\/wp\/v2\/users\/2"}],"replies":[{"embeddable":true,"href":"https:\/\/profsenligne.net\/index.php\/wp-json\/wp\/v2\/comments?post=4694"}],"version-history":[{"count":6,"href":"https:\/\/profsenligne.net\/index.php\/wp-json\/wp\/v2\/pages\/4694\/revisions"}],"predecessor-version":[{"id":4702,"href":"https:\/\/profsenligne.net\/index.php\/wp-json\/wp\/v2\/pages\/4694\/revisions\/4702"}],"wp:attachment":[{"href":"https:\/\/profsenligne.net\/index.php\/wp-json\/wp\/v2\/media?parent=4694"}],"curies":[{"name":"wp","href":"https:\/\/api.w.org\/{rel}","templated":true}]}}