{"id":466,"date":"2020-03-24T11:10:50","date_gmt":"2020-03-24T10:10:50","guid":{"rendered":"http:\/\/profsenligne.free.fr\/?page_id=466"},"modified":"2020-04-09T05:57:30","modified_gmt":"2020-04-09T09:57:30","slug":"ce1a-bilingue","status":"publish","type":"page","link":"https:\/\/profsenligne.net\/index.php\/ce1a-bilingue\/","title":{"rendered":"CE1A Bilingue"},"content":{"rendered":"\n<p>Ma\u00eetresse<strong> Pauline<\/strong> vous sugg\u00e8re ces activit\u00e9s :<\/p>\n\n\n\n<p><strong>English<\/strong><\/p>\n\n\n\n<div class=\"wp-block-buttons is-layout-flex wp-block-buttons-is-layout-flex\">\n<div class=\"wp-block-button\"><a class=\"wp-block-button__link has-text-color has-very-light-gray-color has-background has-vivid-cyan-blue-background-color\" href=\"\/wp-content\/uploads\/mars2020\/Docs\/AH\/CE1A_Bilingue\/Homework.pdf\">Homework<\/a><\/div>\n\n\n\n<div class=\"wp-block-button is-style-fill\"><a class=\"wp-block-button__link has-text-color has-very-light-gray-color has-background has-vivid-cyan-blue-background-color\" href=\"\/wp-content\/uploads\/mars2020\/Docs\/AH\/CE1A_Bilingue\/leap_year.pdf\">Leap Year Compr\u00e9hension<\/a><\/div>\n<\/div>\n\n\n\n<div class=\"wp-block-buttons is-layout-flex wp-block-buttons-is-layout-flex\">\n<div class=\"wp-block-button\"><a class=\"wp-block-button__link has-text-color has-very-light-gray-color has-background has-vivid-cyan-blue-background-color\">Words 1<\/a><\/div>\n\n\n\n<div class=\"wp-block-button is-style-fill\"><a class=\"wp-block-button__link has-text-color has-very-light-gray-color has-background has-vivid-cyan-blue-background-color\" href=\"\/wp-content\/uploads\/mars2020\/Docs\/AH\/CE1A_Bilingue\/Words22.pdf\">Words 2<\/a><\/div>\n\n\n\n<div class=\"wp-block-button is-style-fill\"><a class=\"wp-block-button__link has-text-color has-very-light-gray-color has-background has-vivid-cyan-blue-background-color\" href=\"\/wp-content\/uploads\/mars2020\/Docs\/AH\/CE1A_Bilingue\/Words23.pdf\">Words 3<\/a><\/div>\n\n\n\n<div class=\"wp-block-button is-style-fill\"><a class=\"wp-block-button__link has-text-color has-very-light-gray-color has-background has-vivid-cyan-blue-background-color\" href=\"\/wp-content\/uploads\/mars2020\/Docs\/AH\/CE1A_Bilingue\/Words24.pdf\">Words 4<\/a><\/div>\n<\/div>\n\n\n\n<p><strong>Mathematics<\/strong><\/p>\n\n\n\n<div class=\"wp-block-buttons is-layout-flex wp-block-buttons-is-layout-flex\">\n<div class=\"wp-block-button\"><a class=\"wp-block-button__link has-text-color has-very-light-gray-color has-background has-vivid-cyan-blue-background-color\" href=\"\/wp-content\/uploads\/mars2020\/Docs\/AH\/CE1A_Bilingue\/Maths.pdf\">Homework<\/a><\/div>\n<\/div>\n\n\n\n<p><strong>Links<\/strong><\/p>\n\n\n\n<figure class=\"wp-block-embed-youtube wp-block-embed is-type-video is-provider-youtube wp-embed-aspect-16-9 wp-has-aspect-ratio\"><div class=\"wp-block-embed__wrapper\">\n<iframe loading=\"lazy\" title=\"Leap Year for Kids\" width=\"500\" height=\"281\" src=\"https:\/\/www.youtube.com\/embed\/XYXior2j_bI?feature=oembed\" frameborder=\"0\" allow=\"accelerometer; autoplay; clipboard-write; encrypted-media; gyroscope; picture-in-picture; web-share\" referrerpolicy=\"strict-origin-when-cross-origin\" allowfullscreen><\/iframe>\n<\/div><\/figure>\n\n\n\n<figure class=\"wp-block-embed-youtube wp-block-embed is-type-video is-provider-youtube wp-embed-aspect-16-9 wp-has-aspect-ratio\"><div class=\"wp-block-embed__wrapper\">\nhttps:\/\/www.youtube.com\/watch?v=ntwNEBNt3DY\n<\/div><\/figure>\n\n\n\n<hr class=\"wp-block-separator\"\/>\n\n\n\n<p>Ma\u00eetresse <strong>Paola<\/strong> vous sugg\u00e8re ces liens :<\/p>\n\n\n\n<figure class=\"wp-block-embed-youtube wp-block-embed is-type-video is-provider-youtube wp-embed-aspect-16-9 wp-has-aspect-ratio\"><div class=\"wp-block-embed__wrapper\">\n<iframe loading=\"lazy\" title=\"C&#039;est quoi une ann\u00e9e bissextile ? - 1 jour, 1 question\" width=\"500\" height=\"281\" src=\"https:\/\/www.youtube.com\/embed\/bRMzZV3aTfw?feature=oembed\" frameborder=\"0\" allow=\"accelerometer; autoplay; clipboard-write; encrypted-media; gyroscope; picture-in-picture; web-share\" referrerpolicy=\"strict-origin-when-cross-origin\" allowfullscreen><\/iframe>\n<\/div><\/figure>\n\n\n\n<div class=\"wp-block-buttons is-layout-flex wp-block-buttons-is-layout-flex\">\n<div class=\"wp-block-button\"><a class=\"wp-block-button__link has-text-color has-very-light-gray-color has-background has-vivid-cyan-blue-background-color\" href=\"https:\/\/www.tablesdemultiplication.fr\/table-de-2.html\">Tables de multiplication<\/a><\/div>\n<\/div>\n\n\n\n<hr class=\"wp-block-separator\"\/>\n","protected":false},"excerpt":{"rendered":"<p>Ma\u00eetresse Pauline vous sugg\u00e8re ces activit\u00e9s : English Mathematics Links Ma\u00eetresse Paola vous sugg\u00e8re ces liens :<\/p>\n","protected":false},"author":2,"featured_media":0,"parent":0,"menu_order":0,"comment_status":"closed","ping_status":"closed","template":"","meta":{"footnotes":""},"_links":{"self":[{"href":"https:\/\/profsenligne.net\/index.php\/wp-json\/wp\/v2\/pages\/466"}],"collection":[{"href":"https:\/\/profsenligne.net\/index.php\/wp-json\/wp\/v2\/pages"}],"about":[{"href":"https:\/\/profsenligne.net\/index.php\/wp-json\/wp\/v2\/types\/page"}],"author":[{"embeddable":true,"href":"https:\/\/profsenligne.net\/index.php\/wp-json\/wp\/v2\/users\/2"}],"replies":[{"embeddable":true,"href":"https:\/\/profsenligne.net\/index.php\/wp-json\/wp\/v2\/comments?post=466"}],"version-history":[{"count":4,"href":"https:\/\/profsenligne.net\/index.php\/wp-json\/wp\/v2\/pages\/466\/revisions"}],"predecessor-version":[{"id":1872,"href":"https:\/\/profsenligne.net\/index.php\/wp-json\/wp\/v2\/pages\/466\/revisions\/1872"}],"wp:attachment":[{"href":"https:\/\/profsenligne.net\/index.php\/wp-json\/wp\/v2\/media?parent=466"}],"curies":[{"name":"wp","href":"https:\/\/api.w.org\/{rel}","templated":true}]}}