{"id":460,"date":"2020-03-24T10:36:29","date_gmt":"2020-03-24T09:36:29","guid":{"rendered":"http:\/\/profsenligne.free.fr\/?page_id=460"},"modified":"2020-06-30T06:46:09","modified_gmt":"2020-06-30T10:46:09","slug":"ms2","status":"publish","type":"page","link":"https:\/\/profsenligne.net\/index.php\/ms2\/","title":{"rendered":"MS2"},"content":{"rendered":"\n<p>Voici les activit\u00e9s que vous propose votre ma\u00eetresse pour cette derni\u00e8re semaine de l&#8217;ann\u00e9e scolaire qui s&#8217;ach\u00e8ve :<\/p>\n\n\n\n<div class=\"wp-block-buttons is-layout-flex wp-block-buttons-is-layout-flex\">\n<div class=\"wp-block-button\"><a class=\"wp-block-button__link has-text-color has-luminous-vivid-amber-color has-background has-vivid-purple-background-color\" href=\"\/wp-content\/uploads\/juin2020\/JB\/MS2\/Activites10.pdf\">Activit\u00e9s n\u00b010<\/a><\/div>\n<\/div>\n\n\n\n<p><\/p>\n\n\n\n<hr class=\"wp-block-separator\"\/>\n\n\n\n<p>Pour cette semaine du 22 au 26 juin, votre ma\u00eetresse<strong> Aude<\/strong> vous livre des activit\u00e9s \u00e0 r\u00e9aliser :<\/p>\n\n\n\n<div class=\"wp-block-buttons is-layout-flex wp-block-buttons-is-layout-flex\">\n<div class=\"wp-block-button\"><a class=\"wp-block-button__link has-text-color has-luminous-vivid-amber-color has-background has-vivid-purple-background-color\" href=\"\/wp-content\/uploads\/juin2020\/JB\/MS2\/Activites9.pdf\">Activit\u00e9s n\u00b09<\/a><\/div>\n<\/div>\n\n\n\n<p><\/p>\n\n\n\n<hr class=\"wp-block-separator\"\/>\n\n\n\n<p>Voici les propositions de travail de votre ma\u00eetresse pour cette semaine du 15 au 19 juin :<\/p>\n\n\n\n<div class=\"wp-block-buttons is-layout-flex wp-block-buttons-is-layout-flex\">\n<div class=\"wp-block-button\"><a class=\"wp-block-button__link has-text-color has-luminous-vivid-amber-color has-background has-vivid-purple-background-color\" href=\"\/wp-content\/uploads\/juin2020\/JB\/MS2\/Activites8.pdf\">Activit\u00e9s n\u00b08<\/a><\/div>\n<\/div>\n\n\n\n<p><\/p>\n\n\n\n<hr class=\"wp-block-separator\"\/>\n\n\n\n<p>Pour cette deuxi\u00e8me semaine de juin, votre ma\u00eetresse vous a pr\u00e9par\u00e9 les activit\u00e9s suivantes :<\/p>\n\n\n\n<div class=\"wp-block-buttons is-layout-flex wp-block-buttons-is-layout-flex\">\n<div class=\"wp-block-button\"><a class=\"wp-block-button__link has-text-color has-luminous-vivid-amber-color has-background has-vivid-purple-background-color\" href=\"\/wp-content\/uploads\/juin2020\/JB\/MS2\/Activites7.pdf\">Activit\u00e9s n\u00b07<\/a><\/div>\n<\/div>\n\n\n\n<p><\/p>\n\n\n\n<hr class=\"wp-block-separator\"\/>\n\n\n\n<p>Pour ce lundi 25 mai, voici les nouvelles activit\u00e9s pr\u00e9sent\u00e9es par votre ma\u00eetresse <strong>Aude<\/strong> :<\/p>\n\n\n\n<div class=\"wp-block-buttons is-layout-flex wp-block-buttons-is-layout-flex\">\n<div class=\"wp-block-button\"><a class=\"wp-block-button__link has-text-color has-luminous-vivid-amber-color has-background has-vivid-purple-background-color\" href=\"\/wp-content\/uploads\/mai2020\/JB\/MS2\/Activites6.pdf\">Activit\u00e9s n\u00b06<\/a><\/div>\n<\/div>\n\n\n\n<p><\/p>\n\n\n\n<hr class=\"wp-block-separator\"\/>\n\n\n\n<p>Voici d&#8217;autres activit\u00e9s propos\u00e9es par votre maitresse pour cette deuxi\u00e8me semaine de mai :<\/p>\n\n\n\n<div class=\"wp-block-buttons is-layout-flex wp-block-buttons-is-layout-flex\">\n<div class=\"wp-block-button\"><a class=\"wp-block-button__link has-text-color has-luminous-vivid-amber-color has-background has-vivid-purple-background-color\" href=\"\/wp-content\/uploads\/mai2020\/JB\/MS2\/Activites_n5.pdf\">Activit\u00e9s n\u00b05<\/a><\/div>\n<\/div>\n\n\n\n<p><\/p>\n\n\n\n<hr class=\"wp-block-separator\"\/>\n\n\n\n<p>Pour ce d\u00e9but du mois de mai, ma\u00eetresse <strong>Aude<\/strong> vous a pr\u00e9par\u00e9 la s\u00e9rie d&#8217;activit\u00e9s suivante :<\/p>\n\n\n\n<div class=\"wp-block-buttons is-layout-flex wp-block-buttons-is-layout-flex\">\n<div class=\"wp-block-button\"><a class=\"wp-block-button__link has-text-color has-luminous-vivid-amber-color has-background has-vivid-purple-background-color\" href=\"\/wp-content\/uploads\/mai2020\/JB\/MS2\/Activites.pdf\">Activit\u00e9s<\/a><\/div>\n<\/div>\n\n\n\n<p><\/p>\n\n\n\n<hr class=\"wp-block-separator\"\/>\n\n\n\n<p>En ce jeudi 23 avril, votre ma\u00eetresse vous pr\u00e9sente une s\u00e9rie d&#8217;activit\u00e9s \u00e0 effectuer :<\/p>\n\n\n\n<div class=\"wp-block-buttons is-layout-flex wp-block-buttons-is-layout-flex\">\n<div class=\"wp-block-button\"><a class=\"wp-block-button__link has-text-color has-very-light-gray-color has-background has-vivid-cyan-blue-background-color\" href=\"\/wp-content\/uploads\/avril2020\/JB\/MS2\/Cont_peda.pdf\">Livret d&#8217;activit\u00e9s 2<\/a><\/div>\n<\/div>\n\n\n\n<p><\/p>\n\n\n\n<hr class=\"wp-block-separator\"\/>\n\n\n\n<p>Pour cette semaine, votre ma\u00eetresse vous livre les activit\u00e9s suivantes :<\/p>\n\n\n\n<div class=\"wp-block-buttons is-layout-flex wp-block-buttons-is-layout-flex\">\n<div class=\"wp-block-button\"><a class=\"wp-block-button__link has-text-color has-very-light-gray-color has-background has-vivid-cyan-blue-background-color\" href=\"\/wp-content\/uploads\/avril2020\/JB\/MS2\/Programme_activites.pdf\">Livret d&#8217;activit\u00e9s 1<\/a><\/div>\n<\/div>\n\n\n\n<p>Ma\u00eetresse <strong>Aude<\/strong> vous invite \u00e0 suivre ses recommandations :<\/p>\n\n\n\n<div class=\"wp-block-buttons is-layout-flex wp-block-buttons-is-layout-flex\">\n<div class=\"wp-block-button\"><a class=\"wp-block-button__link has-text-color has-very-light-gray-color has-background has-vivid-cyan-blue-background-color\" href=\"\/wp-content\/uploads\/mars2020\/Docs\/JB\/MS2\/Recommandations.pdf\">Lettre aux parents<\/a><\/div>\n<\/div>\n\n\n\n<hr class=\"wp-block-separator\"\/>\n","protected":false},"excerpt":{"rendered":"<p>Voici les activit\u00e9s que vous propose votre ma\u00eetresse pour cette derni\u00e8re semaine de l&#8217;ann\u00e9e scolaire qui s&#8217;ach\u00e8ve : Pour cette semaine du 22 au 26 juin, votre ma\u00eetresse Aude vous livre des activit\u00e9s \u00e0 r\u00e9aliser : Voici les propositions de travail de votre ma\u00eetresse pour cette semaine du 15 au 19 juin : Pour cette &hellip; <\/p>\n<p class=\"link-more\"><a href=\"https:\/\/profsenligne.net\/index.php\/ms2\/\" class=\"more-link\">Continue reading<span class=\"screen-reader-text\"> &#8220;MS2&#8221;<\/span><\/a><\/p>\n","protected":false},"author":2,"featured_media":0,"parent":0,"menu_order":0,"comment_status":"closed","ping_status":"closed","template":"","meta":{"footnotes":""},"_links":{"self":[{"href":"https:\/\/profsenligne.net\/index.php\/wp-json\/wp\/v2\/pages\/460"}],"collection":[{"href":"https:\/\/profsenligne.net\/index.php\/wp-json\/wp\/v2\/pages"}],"about":[{"href":"https:\/\/profsenligne.net\/index.php\/wp-json\/wp\/v2\/types\/page"}],"author":[{"embeddable":true,"href":"https:\/\/profsenligne.net\/index.php\/wp-json\/wp\/v2\/users\/2"}],"replies":[{"embeddable":true,"href":"https:\/\/profsenligne.net\/index.php\/wp-json\/wp\/v2\/comments?post=460"}],"version-history":[{"count":16,"href":"https:\/\/profsenligne.net\/index.php\/wp-json\/wp\/v2\/pages\/460\/revisions"}],"predecessor-version":[{"id":3691,"href":"https:\/\/profsenligne.net\/index.php\/wp-json\/wp\/v2\/pages\/460\/revisions\/3691"}],"wp:attachment":[{"href":"https:\/\/profsenligne.net\/index.php\/wp-json\/wp\/v2\/media?parent=460"}],"curies":[{"name":"wp","href":"https:\/\/api.w.org\/{rel}","templated":true}]}}