{"id":4464,"date":"2021-11-24T20:46:56","date_gmt":"2021-11-25T00:46:56","guid":{"rendered":"https:\/\/profsenligne.net\/?page_id=4464"},"modified":"2021-11-24T20:47:55","modified_gmt":"2021-11-25T00:47:55","slug":"production-decrits-2","status":"publish","type":"page","link":"https:\/\/profsenligne.net\/index.php\/production-decrits-2\/","title":{"rendered":"Production d&#8217;\u00e9crits"},"content":{"rendered":"\n<p>Je vous invite \u00e0 consulter ce dossier relatif \u00e0 la production d&#8217;\u00e9crits dans le 1er degr\u00e9:<\/p>\n\n\n\n<div class=\"wp-block-buttons is-layout-flex wp-block-buttons-is-layout-flex\">\n<div class=\"wp-block-button\"><a class=\"wp-block-button__link has-cyan-bluish-gray-color has-vivid-cyan-blue-background-color has-text-color has-background\" href=\"\/wp-content\/uploads\/Prod_Ecrit\/J_ecris_donc_je_pense.pdf\">J&#8217;\u00e9cris donc je pense<\/a><\/div>\n<\/div>\n","protected":false},"excerpt":{"rendered":"<p>Je vous invite \u00e0 consulter ce dossier relatif \u00e0 la production d&#8217;\u00e9crits dans le 1er degr\u00e9:<\/p>\n","protected":false},"author":2,"featured_media":0,"parent":0,"menu_order":0,"comment_status":"closed","ping_status":"closed","template":"","meta":{"footnotes":""},"_links":{"self":[{"href":"https:\/\/profsenligne.net\/index.php\/wp-json\/wp\/v2\/pages\/4464"}],"collection":[{"href":"https:\/\/profsenligne.net\/index.php\/wp-json\/wp\/v2\/pages"}],"about":[{"href":"https:\/\/profsenligne.net\/index.php\/wp-json\/wp\/v2\/types\/page"}],"author":[{"embeddable":true,"href":"https:\/\/profsenligne.net\/index.php\/wp-json\/wp\/v2\/users\/2"}],"replies":[{"embeddable":true,"href":"https:\/\/profsenligne.net\/index.php\/wp-json\/wp\/v2\/comments?post=4464"}],"version-history":[{"count":2,"href":"https:\/\/profsenligne.net\/index.php\/wp-json\/wp\/v2\/pages\/4464\/revisions"}],"predecessor-version":[{"id":4466,"href":"https:\/\/profsenligne.net\/index.php\/wp-json\/wp\/v2\/pages\/4464\/revisions\/4466"}],"wp:attachment":[{"href":"https:\/\/profsenligne.net\/index.php\/wp-json\/wp\/v2\/media?parent=4464"}],"curies":[{"name":"wp","href":"https:\/\/api.w.org\/{rel}","templated":true}]}}