{"id":4424,"date":"2021-11-09T16:12:41","date_gmt":"2021-11-09T20:12:41","guid":{"rendered":"https:\/\/profsenligne.net\/?page_id=4424"},"modified":"2021-11-10T19:50:49","modified_gmt":"2021-11-10T23:50:49","slug":"cm1b-2","status":"publish","type":"page","link":"https:\/\/profsenligne.net\/index.php\/cm1b-2\/","title":{"rendered":"CM1B"},"content":{"rendered":"\n<p>Pour cette semaine du 8 au 12 novembre, votre ma\u00eetresse Marie-France vous propose les exercices suivants ainsi que les corrections:<\/p>\n\n\n\n<p><strong>Fran\u00e7ais<\/strong><\/p>\n\n\n\n<div class=\"wp-block-buttons is-layout-flex wp-block-buttons-is-layout-flex\">\n<div class=\"wp-block-button\"><a class=\"wp-block-button__link has-white-color has-vivid-cyan-blue-background-color has-text-color has-background\" href=\"\/wp-content\/uploads\/2021\/11\/ARRONDELL\/CM1B\/Blocages_exos_fr.pdf\">Exercices<\/a><\/div>\n\n\n\n<div class=\"wp-block-button\"><a class=\"wp-block-button__link has-vivid-green-cyan-background-color has-background\" href=\"\/wp-content\/uploads\/2021\/11\/ARRONDELL\/CM1B\/Blocages_corr_fr.pdf\">Correction<\/a><\/div>\n<\/div>\n\n\n\n<hr class=\"wp-block-separator\"\/>\n\n\n\n<p><strong>Math\u00e9matiques<\/strong><\/p>\n\n\n\n<div class=\"wp-block-buttons is-layout-flex wp-block-buttons-is-layout-flex\">\n<div class=\"wp-block-button\"><a class=\"wp-block-button__link has-white-color has-pale-pink-background-color has-text-color has-background\" href=\"\/wp-content\/uploads\/2021\/11\/ARRONDELL\/CM1B\/Blocages_exos_maths.pdf\">Exercices<\/a><\/div>\n\n\n\n<div class=\"wp-block-button\"><a class=\"wp-block-button__link has-luminous-vivid-orange-background-color has-background\" href=\"\/wp-content\/uploads\/2021\/11\/ARRONDELL\/CM1B\/Blocages_corr_maths.pdf\">Correction<\/a><\/div>\n<\/div>\n\n\n\n<hr class=\"wp-block-separator\"\/>\n","protected":false},"excerpt":{"rendered":"<p>Pour cette semaine du 8 au 12 novembre, votre ma\u00eetresse Marie-France vous propose les exercices suivants ainsi que les corrections: Fran\u00e7ais Math\u00e9matiques<\/p>\n","protected":false},"author":2,"featured_media":0,"parent":0,"menu_order":0,"comment_status":"closed","ping_status":"closed","template":"","meta":{"footnotes":""},"_links":{"self":[{"href":"https:\/\/profsenligne.net\/index.php\/wp-json\/wp\/v2\/pages\/4424"}],"collection":[{"href":"https:\/\/profsenligne.net\/index.php\/wp-json\/wp\/v2\/pages"}],"about":[{"href":"https:\/\/profsenligne.net\/index.php\/wp-json\/wp\/v2\/types\/page"}],"author":[{"embeddable":true,"href":"https:\/\/profsenligne.net\/index.php\/wp-json\/wp\/v2\/users\/2"}],"replies":[{"embeddable":true,"href":"https:\/\/profsenligne.net\/index.php\/wp-json\/wp\/v2\/comments?post=4424"}],"version-history":[{"count":8,"href":"https:\/\/profsenligne.net\/index.php\/wp-json\/wp\/v2\/pages\/4424\/revisions"}],"predecessor-version":[{"id":4437,"href":"https:\/\/profsenligne.net\/index.php\/wp-json\/wp\/v2\/pages\/4424\/revisions\/4437"}],"wp:attachment":[{"href":"https:\/\/profsenligne.net\/index.php\/wp-json\/wp\/v2\/media?parent=4424"}],"curies":[{"name":"wp","href":"https:\/\/api.w.org\/{rel}","templated":true}]}}