{"id":440,"date":"2020-03-23T23:43:07","date_gmt":"2020-03-23T22:43:07","guid":{"rendered":"http:\/\/profsenligne.free.fr\/?page_id=440"},"modified":"2020-11-27T14:48:41","modified_gmt":"2020-11-27T18:48:41","slug":"up2a","status":"publish","type":"page","link":"https:\/\/profsenligne.net\/index.php\/up2a\/","title":{"rendered":"Page UP2A"},"content":{"rendered":"\n<p>Ma\u00eetresse <strong>Anne <\/strong>en charge de l&#8217;UPE2A (Unit\u00e9 p\u00e9dagogique pour \u00e9l\u00e8ves allophones arrivants) vous sugg\u00e8re ces liens internet:<\/p>\n\n\n\n<div class=\"wp-block-buttons is-layout-flex wp-block-buttons-is-layout-flex\">\n<div class=\"wp-block-button\"><a class=\"wp-block-button__link has-very-light-gray-color has-vivid-purple-background-color has-text-color has-background\" href=\"http:\/\/lalilo.com\/\">Lecture &#8211; D\u00e9codage<\/a><\/div>\n\n\n\n<div class=\"wp-block-button is-style-fill\"><a class=\"wp-block-button__link has-very-light-gray-color has-vivid-purple-background-color has-text-color has-background\" href=\"http:\/\/jeuxpedago.com\/\">Jeux<\/a><\/div>\n<\/div>\n\n\n\n<div class=\"wp-block-buttons is-layout-flex wp-block-buttons-is-layout-flex\">\n<div class=\"wp-block-button\"><a class=\"wp-block-button__link has-very-light-gray-color has-vivid-purple-background-color has-text-color has-background\" href=\"http:\/\/ortholud.com\/\">Fran\u00e7ais<\/a><\/div>\n\n\n\n<div class=\"wp-block-button is-style-fill\"><a class=\"wp-block-button__link has-very-light-gray-color has-vivid-purple-background-color has-text-color has-background\" href=\"http:\/\/logicieleducatif.fr\/\">Math\u00e9matiques<\/a><\/div>\n\n\n\n<div class=\"wp-block-button is-style-fill\"><a class=\"wp-block-button__link has-very-light-gray-color has-vivid-purple-background-color has-text-color has-background\" href=\"http:\/\/phonetique.free.fr\/alpha.htm\">Phon\u00e9tique<\/a><\/div>\n<\/div>\n\n\n\n<div class=\"wp-block-buttons is-layout-flex wp-block-buttons-is-layout-flex\">\n<div class=\"wp-block-button\"><a class=\"wp-block-button__link has-very-light-gray-color has-vivid-purple-background-color has-text-color has-background\" href=\"http:\/\/learningapps.com\/\">Fran\u00e7ais langue \u00e9trang\u00e8re<\/a><\/div>\n<\/div>\n\n\n\n<h3 class=\"wp-block-heading\"><strong>Plein d\u2019histoires \u00e0 faire \u00e9couter<\/strong><\/h3>\n\n\n\n<p>29 livres lus avec brio, de 8 \u00e0 20 min.&nbsp;(jusqu&#8217;\u00e0 10 ans)<\/p>\n\n\n\n<div class=\"wp-block-buttons is-layout-flex wp-block-buttons-is-layout-flex\">\n<div class=\"wp-block-button\"><a class=\"wp-block-button__link has-very-light-gray-color has-vivid-purple-background-color has-text-color has-background\" href=\"https:\/\/shows.acast.com\/encore-une-histoire\/\">Encore une histoire<\/a><\/div>\n<\/div>\n\n\n\n<p>(jusqu\u2019\u00e0 7 ans) : 63 \u00e9pisodes, de 4 \u00e0 10 min.<\/p>\n\n\n\n<div class=\"wp-block-buttons is-layout-flex wp-block-buttons-is-layout-flex\">\n<div class=\"wp-block-button\"><a class=\"wp-block-button__link has-very-light-gray-color has-vivid-purple-background-color has-text-color has-background\" href=\"https:\/\/shows.acast.com\/des-histoires-en-musique-d-elodie-fondacci\">Les histoires en musique<\/a><\/div>\n<\/div>\n\n\n\n<p>(jusqu\u2019\u00e0 6 ans) : 18 histoires, de 4 \u00e0 10 min.<\/p>\n\n\n\n<div class=\"wp-block-buttons is-layout-flex wp-block-buttons-is-layout-flex\">\n<div class=\"wp-block-button\"><a class=\"wp-block-button__link has-very-light-gray-color has-vivid-purple-background-color has-text-color has-background\" href=\"https:\/\/podcast.ausha.co\/la-grande-histoire-de-pomme-d-api\">La grande histoire de Pomme d&#8217;Api<\/a><\/div>\n<\/div>\n\n\n\n<p>(jusqu\u2019\u00e0 7 ans) \u2013 43 histoires, de 8 \u00e0 13 min.<\/p>\n\n\n\n<div class=\"wp-block-buttons is-layout-flex wp-block-buttons-is-layout-flex\">\n<div class=\"wp-block-button\"><a class=\"wp-block-button__link has-very-light-gray-color has-vivid-purple-background-color has-text-color has-background\" href=\"https:\/\/www.franceinter.fr\/emissions\/une-histoire-et-oli\">Une histoire et Oli<\/a><\/div>\n<\/div>\n\n\n\n<p>de 24 minutes chacune!<\/p>\n\n\n\n<div class=\"wp-block-buttons is-layout-flex wp-block-buttons-is-layout-flex\">\n<div class=\"wp-block-button\"><a class=\"wp-block-button__link has-very-light-gray-color has-vivid-purple-background-color has-text-color has-background\" href=\"https:\/\/www.franceculture.fr\/bd-bande-dessinee\/les-aventures-de-tintin-un-podcast-exceptionnel\">Trois histoires de Tintin<\/a><\/div>\n<\/div>\n\n\n\n<p>de France Culture &#8211; 59 minutes<\/p>\n\n\n\n<!--nextpage-->\n\n\n\n<div class=\"wp-block-buttons is-layout-flex wp-block-buttons-is-layout-flex\">\n<div class=\"wp-block-button\"><a class=\"wp-block-button__link has-very-light-gray-color has-vivid-purple-background-color has-text-color has-background\" href=\"https:\/\/www.franceculture.fr\/emissions\/fictions-theatre-et-cie\/la-zizanie-dapres-lalbum-de-rene-goscinny-et-albert-uderzo\">Ast\u00e9rix et la Zizanie<\/a><\/div>\n<\/div>\n\n\n\n<p>(jusqu\u2019\u00e0 10 ans) \u2013 145 \u00e9pisodes fantastiques.<\/p>\n\n\n\n<div class=\"wp-block-buttons is-layout-flex wp-block-buttons-is-layout-flex\">\n<div class=\"wp-block-button\"><a class=\"wp-block-button__link has-very-light-gray-color has-vivid-purple-background-color has-text-color has-background\" href=\"https:\/\/la-voix-haute.lepodcast.fr\/\">La voix Haute<\/a><\/div>\n<\/div>\n\n\n\n<p>de Short Edition (il y a aussi plein de lectures).<\/p>\n\n\n\n<div class=\"wp-block-buttons is-layout-flex wp-block-buttons-is-layout-flex\">\n<div class=\"wp-block-button\"><a class=\"wp-block-button__link has-very-light-gray-color has-vivid-purple-background-color has-text-color has-background\" href=\"https:\/\/jeunesse.short-edition.com\/\">Les histoires \u00e0 \u00e9couter<\/a><\/div>\n<\/div>\n\n\n\n<p>Quelques histoires \u00e0 \u00e9couter gratuitement (le reste est payant mais les&nbsp;histoires gratuites sont tr\u00e8s chouettes).<\/p>\n\n\n\n<div class=\"wp-block-buttons is-layout-flex wp-block-buttons-is-layout-flex\">\n<div class=\"wp-block-button\"><a class=\"wp-block-button__link has-very-light-gray-color has-vivid-purple-background-color has-text-color has-background\" href=\"https:\/\/souffleurdereves.com\/histoires-enfants\/\">Souffleur de r\u00eaves<\/a><\/div>\n<\/div>\n\n\n\n<p>Ce site met \u00e0 disposition gratuitement ses 800 histoires anim\u00e9es et ses livres audio, \u00e0 t\u00e9l\u00e9charger sur&nbsp;<a href=\"https:\/\/apps.apple.com\/fr\/app\/whisperies\/id1049371949\">iOs<\/a>&nbsp;ou&nbsp;<a href=\"https:\/\/play.google.com\/store\/apps\/details?id=com.whisperies.reader\">Android<\/a>.<\/p>\n\n\n\n<div class=\"wp-block-buttons is-layout-flex wp-block-buttons-is-layout-flex\">\n<div class=\"wp-block-button\"><a class=\"wp-block-button__link has-very-light-gray-color has-vivid-purple-background-color has-text-color has-background\" href=\"https:\/\/www.whisperies.com\/\">Whisperies<\/a><\/div>\n<\/div>\n\n\n\n<h3 class=\"wp-block-heading\"><strong>Plein de contenus audio pour se cultiver<\/strong><\/h3>\n\n\n\n<p>(jusqu\u2019\u00e0 10 ans) : d\u00e9j\u00e0 13 \u00e9pisodes qui d\u00e9cryptent&nbsp;l\u2019actualit\u00e9 avec les enfants.&nbsp;<\/p>\n\n\n\n<div class=\"wp-block-buttons is-layout-flex wp-block-buttons-is-layout-flex\">\n<div class=\"wp-block-button\"><a class=\"wp-block-button__link has-very-light-gray-color has-vivid-purple-background-color has-text-color has-background\" href=\"https:\/\/www.francetvinfo.fr\/replay-radio\/salut-l-info\/\">Salut l&#8217;info! de France Info et Astrapi<\/a><\/div>\n<\/div>\n\n\n\n<p>(jusqu\u2019\u00e0 10 ans) : d\u00e9j\u00e0 12 \u00e9pisodes pour d\u00e9couvrir les mythes et l\u00e9gendes du monde&nbsp;entier.<\/p>\n\n\n\n<div class=\"wp-block-buttons is-layout-flex wp-block-buttons-is-layout-flex\">\n<div class=\"wp-block-button\"><a class=\"wp-block-button__link has-very-light-gray-color has-vivid-purple-background-color has-text-color has-background\" href=\"https:\/\/play.acast.com\/s\/mythes-et-legendes\">Mythes et l\u00e9gendes<\/a><\/div>\n<\/div>\n\n\n\n<p>(7 -12 ans) : d\u00e9j\u00e0 25 \u00e9pisodes de 10 \u00e0 18 minutes pour d\u00e9couvrir la vie des grandes&nbsp;figures de l\u2019histoires.<\/p>\n\n\n\n<div class=\"wp-block-buttons is-layout-flex wp-block-buttons-is-layout-flex\">\n<div class=\"wp-block-button\"><a class=\"wp-block-button__link has-very-light-gray-color has-vivid-purple-background-color has-text-color has-background\" href=\"https:\/\/www.franceinter.fr\/emissions\/les-odyssees\">Les odyss\u00e9es<\/a><\/div>\n<\/div>\n\n\n\n<p>(jusqu\u2019\u00e0 10 ans) : plus de 150 r\u00e9ponses d\u2019une minute une question que peut&nbsp;vous poser \u00e0 un enfant.<\/p>\n\n\n\n<div class=\"wp-block-buttons is-layout-flex wp-block-buttons-is-layout-flex\">\n<div class=\"wp-block-button\"><a class=\"wp-block-button__link has-very-light-gray-color has-vivid-purple-background-color has-text-color has-background\" href=\"https:\/\/www.chosesasavoir.com\/choses-a-savoir-enfants\/\">Petit Curieux<\/a><\/div>\n<\/div>\n\n\n\n<ul><li><a href=\"http:\/\/www.laradiodesenfants.fr\/categorie-produit\/telecharger-bloom\/?orderby=date\">Bloom<\/a>&nbsp;\u2013 14 playlists th\u00e9matiques remplies de capsules audio \u00e0&nbsp;picorer.<\/li><li><a href=\"https:\/\/www.bfmtv.com\/podcasts\/les-dents-et-dodo\/\">Les dents et dodo<\/a>&nbsp;: 75 \u00e9pisodes de 3 min pour apprendre des choses tout en se brossant les dents.<\/li><li><a href=\"https:\/\/www.franceinter.fr\/emissions\/les-p-tits-bateaux\">Les P\u2019tits Bateaux<\/a>&nbsp;: Plus de 50 \u00e9pisodes o\u00f9 \u00e0 chaque fois on r\u00e9pond \u00e0 4 ou 5 questions d\u2019enfants.<\/li><li><a href=\"https:\/\/podcast.ausha.co\/podcasts-pour-enfants-la-puce-a-l-oreille\">La puce \u00e0 l\u2019oreille<\/a>&nbsp;: plus de 38 \u00e9pisodes, de 5 \u00e0 35 minutes, pour ouvrir ses&nbsp;horizons.<\/li><li><a href=\"https:\/\/soundcloud.com\/user-796736315\/sets\/radio-bambou\">Radio bambou<\/a>&nbsp;: 49 \u00e9pisodes de 8 minutes pour parler d\u2019\u00e9cologie.<\/li><li><a href=\"https:\/\/podcast.ausha.co\/maman-j-ai-rate-l-actu\">Maman j\u2019ai rat\u00e9 l\u2019actu<\/a>, le podcast d\u2019actualit\u00e9 pour les 8-12 ans, d\u00e9j\u00e0 14 \u00e9pisodes \u00e0 disposition.<\/li><\/ul>\n\n\n\n<h2 class=\"wp-block-heading\"><strong>Les meilleurs albums \u00e0 \u00e9couter&nbsp;<\/strong><\/h2>\n\n\n\n<ul><li><a href=\"https:\/\/www.aldebert.com\/musique\/\">Tous les albums d\u2019Aldebert<\/a>.<\/li><li>Tous les albums des Weeper Circus \u00e0 \u00e9couter sur&nbsp;<a href=\"https:\/\/open.spotify.com\/artist\/5Mf99ws896a9iB0yNZFJEL?autoplay=true&amp;v=A\">Spotify<\/a>&nbsp;ou&nbsp;<a href=\"https:\/\/www.deezer.com\/fr\/artist\/14274\/radio?autoplay=true\">Deezer<\/a><\/li><li>Tous les albums d\u2019Henri D\u00e8s \u00e0 \u00e9couter sur&nbsp;<a href=\"https:\/\/open.spotify.com\/artist\/0CY3kcceNHCysHMl8u7duy?autoplay=true&amp;v=A\">Spotify<\/a>&nbsp;ou&nbsp;<a href=\"https:\/\/www.deezer.com\/fr\/artist\/7042\/radio?autoplay=true\">Deezer<\/a><\/li><li><a href=\"https:\/\/www.deezer.com\/fr\/album\/1984021\">Tatatoum<\/a>&nbsp;des petites chansons \u00e0 mimer d\u2019\u00e9veil corporel.<\/li><li><a href=\"https:\/\/fanlink.to\/choux\">A la mode de chez nous<\/a>, les comptines de notre enfance r\u00e9-arrang\u00e9es.<\/li><li><a href=\"https:\/\/www.deezer.com\/fr\/album\/5983999\">60 comptines d\u2019\u00e9veil musical<\/a>.<\/li><\/ul>\n\n\n\n<p><strong>Les meilleurs sites d\u2019activit\u00e9s p\u00e9dagogiques<\/strong><\/p>\n\n\n\n<ul><li><a href=\"https:\/\/calculatice.ac-lille.fr\/spip.php?rubrique2&amp;fbclid=IwAR3RbTaDNdANqDGEQxWK5-PnYa-P4FfuyagRA4jAMhX1u64-bQ_RJ6TDi34\">Calcul@tice<\/a>&nbsp;pour s\u2019entra\u00eener&nbsp;simplement au calcul mental.<\/li><li><a href=\"https:\/\/www.logicieleducatif.fr\/\">Logiciel Educatif&nbsp;<\/a>: une tonne de jeux p\u00e9dagogiques class\u00e9s par niveau. Principalement pour le primaire, le site offre \u00e9galement&nbsp;des ressources pour la maternelle et le coll\u00e8ge.<\/li><li><a href=\"https:\/\/www.ortholud.com\/index.html\">Ortholud<\/a>&nbsp;pour apprendre le fran\u00e7ais.<\/li><li>Les exercices ludiques de conjugaison, lecture\/compr\u00e9hension, g\u00e9ographie de&nbsp;<a href=\"https:\/\/pitetpit.fr\/\">Pit et Pit&nbsp;<\/a>(28 jours d\u2019acc\u00e8s libre alors que normalement ils&nbsp;sont gratuits 7 jours seulement !).<\/li><li><a href=\"https:\/\/bienvenue.epopia.com\/nos-ressources-pedagogiques\">Epopia<\/a>&nbsp;propose l\u2019acc\u00e8s \u00e0 toutes ses ressources p\u00e9dagogiques soit 190 fiches p\u00e9dagogiques&nbsp;ultra bien faites.<\/li><li><a href=\"https:\/\/www.plume-app.co\/\">Plumes&nbsp;<\/a>: une app canon pour d\u00e9velopper le plaisir d\u2019\u00e9crire. C\u2019est fichtrement bien fait. Il y a un essai gratuit et surtout, c\u2019est&nbsp;gratuit pour les profs et leurs \u00e9l\u00e8ves.<\/li><li>Les histoires \u00e0 lire et \u00e0 cr\u00e9er de&nbsp;<a href=\"https:\/\/dipongo.co\/\">Dipongo<\/a>, gratuit pendant l\u2019\u00e9pid\u00e9mie, c\u2019est fou \u2013 ils ont raison !<\/li><li><a href=\"https:\/\/www.holyowly.fr\/\">Holyowl<\/a>&nbsp;: une app chouette (vous l\u2019avez ?) pour apprendre l\u2019anglais. Avec le code&nbsp;<em><strong>FamilySupport<\/strong><\/em>&nbsp;vous&nbsp;b\u00e9n\u00e9ficiez d\u2019un mois d\u2019essai gratuit (contre une semaine habituellement).<\/li><li><a href=\"https:\/\/www.francaisfacile.com\/\">Fran\u00e7ais facile<\/a>&nbsp;: un incontournable pour revoir ses fondamentaux<\/li><\/ul>\n\n\n\n<hr class=\"wp-block-separator\"\/>\n\n\n\n<p>Ma\u00eetresse<strong> Fanny<\/strong> propose \u00e0 ses \u00e9l\u00e8ves de revoir le dictionnaire \u00e9tudi\u00e9 en classe:<\/p>\n\n\n\n<div class=\"wp-block-buttons is-layout-flex wp-block-buttons-is-layout-flex\">\n<div class=\"wp-block-button\"><a class=\"wp-block-button__link has-very-light-gray-color has-vivid-cyan-blue-background-color has-text-color has-background\" href=\"\/wp-content\/uploads\/mars2020\/Docs\/EG\/UP2A\/Dico.pdf\">Dictionnaire<\/a><\/div>\n<\/div>\n\n\n\n<hr class=\"wp-block-separator\"\/>\n","protected":false},"excerpt":{"rendered":"<p>Ma\u00eetresse Anne en charge de l&#8217;UPE2A (Unit\u00e9 p\u00e9dagogique pour \u00e9l\u00e8ves allophones arrivants) vous sugg\u00e8re ces liens internet: Plein d\u2019histoires \u00e0 faire \u00e9couter 29 livres lus avec brio, de 8 \u00e0 20 min.&nbsp;(jusqu&#8217;\u00e0 10 ans) (jusqu\u2019\u00e0 7 ans) : 63 \u00e9pisodes, de 4 \u00e0 10 min. (jusqu\u2019\u00e0 6 ans) : 18 histoires, de 4 \u00e0 10 &hellip; <\/p>\n<p class=\"link-more\"><a href=\"https:\/\/profsenligne.net\/index.php\/up2a\/\" class=\"more-link\">Continue reading<span class=\"screen-reader-text\"> &#8220;Page UP2A&#8221;<\/span><\/a><\/p>\n","protected":false},"author":2,"featured_media":0,"parent":0,"menu_order":0,"comment_status":"closed","ping_status":"closed","template":"","meta":{"footnotes":""},"_links":{"self":[{"href":"https:\/\/profsenligne.net\/index.php\/wp-json\/wp\/v2\/pages\/440"}],"collection":[{"href":"https:\/\/profsenligne.net\/index.php\/wp-json\/wp\/v2\/pages"}],"about":[{"href":"https:\/\/profsenligne.net\/index.php\/wp-json\/wp\/v2\/types\/page"}],"author":[{"embeddable":true,"href":"https:\/\/profsenligne.net\/index.php\/wp-json\/wp\/v2\/users\/2"}],"replies":[{"embeddable":true,"href":"https:\/\/profsenligne.net\/index.php\/wp-json\/wp\/v2\/comments?post=440"}],"version-history":[{"count":6,"href":"https:\/\/profsenligne.net\/index.php\/wp-json\/wp\/v2\/pages\/440\/revisions"}],"predecessor-version":[{"id":3866,"href":"https:\/\/profsenligne.net\/index.php\/wp-json\/wp\/v2\/pages\/440\/revisions\/3866"}],"wp:attachment":[{"href":"https:\/\/profsenligne.net\/index.php\/wp-json\/wp\/v2\/media?parent=440"}],"curies":[{"name":"wp","href":"https:\/\/api.w.org\/{rel}","templated":true}]}}