{"id":4365,"date":"2021-07-13T16:31:46","date_gmt":"2021-07-13T20:31:46","guid":{"rendered":"https:\/\/profsenligne.net\/?page_id=4365"},"modified":"2021-07-13T16:48:39","modified_gmt":"2021-07-13T20:48:39","slug":"ulis","status":"publish","type":"page","link":"https:\/\/profsenligne.net\/index.php\/ulis\/","title":{"rendered":"Ulis"},"content":{"rendered":"\n<p>Les \u00e9l\u00e8ves de l&#8217;<strong>ULIS<\/strong> de l&#8217;\u00e9cole \u00e9l\u00e9mentaire <strong>Herv\u00e9 Williams<\/strong> ont imagin\u00e9 cette histoire sous forme d&#8217;une bande dessin\u00e9e sous l&#8217;oeil bienveillant de leur ma\u00eetre <strong>Fabien<\/strong>. Bravo \u00e0 eux!<\/p>\n\n\n\n<p class=\"has-text-align-center\"><code><div class=\"_df_book df-lite\" id=\"df_4372\"  _slug=\"le-voyage-dulys-et-lola\" data-title=\"le-voyage-dulys-et-lola\" wpoptions=\"true\" thumbtype=\"\" ><\/div><script class=\"df-shortcode-script\" nowprocket type=\"application\/javascript\">window.option_df_4372 = {\"outline\":[],\"autoEnableOutline\":\"false\",\"autoEnableThumbnail\":\"false\",\"overwritePDFOutline\":\"false\",\"direction\":\"1\",\"pageSize\":\"0\",\"source\":\"https:\\\/\\\/profsenligne.net\\\/wp-content\\\/uploads\\\/2020\\\/05\\\/BD.pdf\",\"wpOptions\":\"true\"}; if(window.DFLIP && window.DFLIP.parseBooks){window.DFLIP.parseBooks();}<\/script><\/code><\/p>\n","protected":false},"excerpt":{"rendered":"<p>Les \u00e9l\u00e8ves de l&#8217;ULIS de l&#8217;\u00e9cole \u00e9l\u00e9mentaire Herv\u00e9 Williams ont imagin\u00e9 cette histoire sous forme d&#8217;une bande dessin\u00e9e sous l&#8217;oeil bienveillant de leur ma\u00eetre Fabien. Bravo \u00e0 eux!<\/p>\n","protected":false},"author":2,"featured_media":0,"parent":0,"menu_order":0,"comment_status":"closed","ping_status":"closed","template":"","meta":{"footnotes":""},"_links":{"self":[{"href":"https:\/\/profsenligne.net\/index.php\/wp-json\/wp\/v2\/pages\/4365"}],"collection":[{"href":"https:\/\/profsenligne.net\/index.php\/wp-json\/wp\/v2\/pages"}],"about":[{"href":"https:\/\/profsenligne.net\/index.php\/wp-json\/wp\/v2\/types\/page"}],"author":[{"embeddable":true,"href":"https:\/\/profsenligne.net\/index.php\/wp-json\/wp\/v2\/users\/2"}],"replies":[{"embeddable":true,"href":"https:\/\/profsenligne.net\/index.php\/wp-json\/wp\/v2\/comments?post=4365"}],"version-history":[{"count":5,"href":"https:\/\/profsenligne.net\/index.php\/wp-json\/wp\/v2\/pages\/4365\/revisions"}],"predecessor-version":[{"id":4387,"href":"https:\/\/profsenligne.net\/index.php\/wp-json\/wp\/v2\/pages\/4365\/revisions\/4387"}],"wp:attachment":[{"href":"https:\/\/profsenligne.net\/index.php\/wp-json\/wp\/v2\/media?parent=4365"}],"curies":[{"name":"wp","href":"https:\/\/api.w.org\/{rel}","templated":true}]}}