{"id":4345,"date":"2021-06-29T21:35:18","date_gmt":"2021-06-30T01:35:18","guid":{"rendered":"https:\/\/profsenligne.net\/?page_id=4345"},"modified":"2021-06-29T22:06:48","modified_gmt":"2021-06-30T02:06:48","slug":"cm1b","status":"publish","type":"page","link":"https:\/\/profsenligne.net\/index.php\/cm1b\/","title":{"rendered":"CM1B"},"content":{"rendered":"\n<p>Dans le cadre de l&#8217;\u00e9v\u00e9nement &#8220;<strong>l&#8217;Art en F\u00eate<\/strong>&#8220;, dont le th\u00e8me de cette ann\u00e9e est <strong>l&#8217;Afrique<\/strong>, la classe de CM1B de ma\u00eetresse <strong>Laura<\/strong> a d\u00e9clam\u00e9 un po\u00e8me de David Diop. Je vous laisse d\u00e9couvrir leur prestation :<\/p>\n\n\n\n<div class=\"wp-block-buttons is-layout-flex wp-block-buttons-is-layout-flex\"><\/div>\n\n\n\n<figure class=\"wp-block-video\"><video controls src=\"https:\/\/profsenligne.net\/wp-content\/uploads\/juin2021\/CM1B.mp4\"><\/video><\/figure>\n\n\n\n<div class=\"wp-block-buttons is-layout-flex wp-block-buttons-is-layout-flex\">\n<div class=\"wp-block-button\"><a class=\"wp-block-button__link has-luminous-vivid-amber-background-color has-background\" href=\"\/wp-content\/uploads\/juin2021\/Afrique-Diop.pdf\">Po\u00e8me de David Diop<\/a><\/div>\n<\/div>\n","protected":false},"excerpt":{"rendered":"<p>Dans le cadre de l&#8217;\u00e9v\u00e9nement &#8220;l&#8217;Art en F\u00eate&#8220;, dont le th\u00e8me de cette ann\u00e9e est l&#8217;Afrique, la classe de CM1B de ma\u00eetresse Laura a d\u00e9clam\u00e9 un po\u00e8me de David Diop. Je vous laisse d\u00e9couvrir leur prestation :<\/p>\n","protected":false},"author":2,"featured_media":0,"parent":0,"menu_order":0,"comment_status":"closed","ping_status":"closed","template":"","meta":{"footnotes":""},"_links":{"self":[{"href":"https:\/\/profsenligne.net\/index.php\/wp-json\/wp\/v2\/pages\/4345"}],"collection":[{"href":"https:\/\/profsenligne.net\/index.php\/wp-json\/wp\/v2\/pages"}],"about":[{"href":"https:\/\/profsenligne.net\/index.php\/wp-json\/wp\/v2\/types\/page"}],"author":[{"embeddable":true,"href":"https:\/\/profsenligne.net\/index.php\/wp-json\/wp\/v2\/users\/2"}],"replies":[{"embeddable":true,"href":"https:\/\/profsenligne.net\/index.php\/wp-json\/wp\/v2\/comments?post=4345"}],"version-history":[{"count":3,"href":"https:\/\/profsenligne.net\/index.php\/wp-json\/wp\/v2\/pages\/4345\/revisions"}],"predecessor-version":[{"id":4362,"href":"https:\/\/profsenligne.net\/index.php\/wp-json\/wp\/v2\/pages\/4345\/revisions\/4362"}],"wp:attachment":[{"href":"https:\/\/profsenligne.net\/index.php\/wp-json\/wp\/v2\/media?parent=4345"}],"curies":[{"name":"wp","href":"https:\/\/api.w.org\/{rel}","templated":true}]}}