{"id":434,"date":"2020-03-23T23:27:17","date_gmt":"2020-03-23T22:27:17","guid":{"rendered":"http:\/\/profsenligne.free.fr\/?page_id=434"},"modified":"2020-04-09T05:54:18","modified_gmt":"2020-04-09T09:54:18","slug":"ce1b","status":"publish","type":"page","link":"https:\/\/profsenligne.net\/index.php\/ce1b\/","title":{"rendered":"CE1B"},"content":{"rendered":"\n<p>Ma\u00eetre <strong>Fr\u00e9d\u00e9ric<\/strong> vous propose les activit\u00e9s qui suivent :<\/p>\n\n\n\n<p class=\"has-medium-font-size\"><strong>Fran\u00e7ais<\/strong><\/p>\n\n\n\n<p><strong>Lecture<\/strong><\/p>\n\n\n\n<div class=\"wp-block-buttons is-layout-flex wp-block-buttons-is-layout-flex\">\n<div class=\"wp-block-button\"><a class=\"wp-block-button__link has-text-color has-very-light-gray-color has-background has-vivid-cyan-blue-background-color\" href=\"\/wp-content\/uploads\/mars2020\/Docs\/EG\/CE1B\/LECT3.pdf\">Les vacances de L\u00e9a<\/a><\/div>\n<\/div>\n\n\n\n<p><strong>Grammaire<\/strong><\/p>\n\n\n\n<div class=\"wp-block-buttons is-layout-flex wp-block-buttons-is-layout-flex\">\n<div class=\"wp-block-button\"><a class=\"wp-block-button__link has-background has-vivid-cyan-blue-background-color\" href=\"\/wp-content\/uploads\/mars2020\/Docs\/EG\/CE1B\/LECT2.pdf\">Appliquer des consignes<\/a><\/div>\n\n\n\n<div class=\"wp-block-button is-style-fill\"><a class=\"wp-block-button__link has-text-color has-very-light-gray-color has-background has-vivid-cyan-blue-background-color\" href=\"\/wp-content\/uploads\/mars2020\/Docs\/EG\/CE1B\/LECT1.pdf\">Reconstitution d&#8217;une phrase<\/a><\/div>\n<\/div>\n\n\n\n<p><strong>Vocabulaire<\/strong><\/p>\n\n\n\n<div class=\"wp-block-buttons is-layout-flex wp-block-buttons-is-layout-flex\">\n<div class=\"wp-block-button\"><a class=\"wp-block-button__link has-text-color has-very-light-gray-color has-background has-vivid-cyan-blue-background-color\" href=\"\/wp-content\/uploads\/mars2020\/Docs\/EG\/CE1B\/VOC.pdf\">Familles de mots<\/a><\/div>\n<\/div>\n\n\n\n<p><strong>Orthographe<\/strong><\/p>\n\n\n\n<div class=\"wp-block-buttons is-layout-flex wp-block-buttons-is-layout-flex\">\n<div class=\"wp-block-button\"><a class=\"wp-block-button__link has-text-color has-very-light-gray-color has-background has-vivid-cyan-blue-background-color\" href=\"\/wp-content\/uploads\/mars2020\/Docs\/EG\/CE1B\/ORTHO1.pdf\">La lettre G<\/a><\/div>\n<\/div>\n\n\n\n<p><strong>Grammaire<\/strong><\/p>\n\n\n\n<div class=\"wp-block-buttons is-layout-flex wp-block-buttons-is-layout-flex\">\n<div class=\"wp-block-button\"><a class=\"wp-block-button__link has-text-color has-very-light-gray-color has-background has-vivid-cyan-blue-background-color\" href=\"\/wp-content\/uploads\/mars2020\/Docs\/EG\/CE1B\/GRAM1.pdf\">La forme n\u00e9gative<\/a><\/div>\n\n\n\n<div class=\"wp-block-button is-style-fill\"><a class=\"wp-block-button__link has-text-color has-very-light-gray-color has-background has-vivid-cyan-blue-background-color\" href=\"\/wp-content\/uploads\/mars2020\/Docs\/EG\/CE1B\/GRAM2.pdf\">La forme interrogative<\/a><\/div>\n<\/div>\n\n\n\n<p><strong>Conjugaison<\/strong><\/p>\n\n\n\n<div class=\"wp-block-buttons is-layout-flex wp-block-buttons-is-layout-flex\">\n<div class=\"wp-block-button\"><a class=\"wp-block-button__link has-text-color has-very-light-gray-color has-background has-vivid-cyan-blue-background-color\" href=\"\/wp-content\/uploads\/mars2020\/Docs\/EG\/CE1B\/CONJ1.pdf\">Pr\u00e9sent-Pass\u00e9-Futur<\/a><\/div>\n\n\n\n<div class=\"wp-block-button is-style-fill\"><a class=\"wp-block-button__link has-text-color has-very-light-gray-color has-background has-vivid-cyan-blue-background-color\" href=\"\/wp-content\/uploads\/mars2020\/Docs\/EG\/CE1B\/CONJ2.pdf\">Infinitif du verbe<\/a><\/div>\n\n\n\n<div class=\"wp-block-button is-style-fill\"><a class=\"wp-block-button__link has-text-color has-very-light-gray-color has-background has-vivid-cyan-blue-background-color\" href=\"\/wp-content\/uploads\/mars2020\/Docs\/EG\/CE1B\/CONJ3.pdf\">Pr\u00e9sent de l&#8217;indicatif &#8211;  1er Groupe<\/a><\/div>\n<\/div>\n\n\n\n<p class=\"has-medium-font-size\"><strong>Math\u00e9matiques<\/strong><\/p>\n\n\n\n<p><strong>Num\u00e9ration<\/strong><\/p>\n\n\n\n<div class=\"wp-block-buttons is-layout-flex wp-block-buttons-is-layout-flex\">\n<div class=\"wp-block-button\"><a class=\"wp-block-button__link has-text-color has-very-light-gray-color has-background has-vivid-cyan-blue-background-color\" href=\"\/wp-content\/uploads\/mars2020\/Docs\/EG\/CE1B\/NUM1.pdf\">Nombres de 0 \u00e0 1000<\/a><\/div>\n\n\n\n<div class=\"wp-block-button is-style-fill\"><a class=\"wp-block-button__link has-text-color has-very-light-gray-color has-background has-vivid-cyan-blue-background-color\" href=\"\/wp-content\/uploads\/mars2020\/Docs\/EG\/CE1B\/NUM2.pdf\">Nombres de 0 \u00e0 1000 suite<\/a><\/div>\n\n\n\n<div class=\"wp-block-button is-style-fill\"><a class=\"wp-block-button__link has-text-color has-very-light-gray-color has-background has-vivid-cyan-blue-background-color\" href=\"\/wp-content\/uploads\/mars2020\/Docs\/EG\/CE1B\/NUM3.pdf\">Ordre des nombres<\/a><\/div>\n\n\n\n<div class=\"wp-block-button is-style-fill\"><a class=\"wp-block-button__link has-text-color has-very-light-gray-color has-background has-vivid-cyan-blue-background-color\" href=\"\/wp-content\/uploads\/mars2020\/Docs\/EG\/CE1B\/NUM4.pdf\">Ordre des nombres suite<\/a><\/div>\n<\/div>\n\n\n\n<div class=\"wp-block-buttons is-layout-flex wp-block-buttons-is-layout-flex\">\n<div class=\"wp-block-button\"><a class=\"wp-block-button__link has-text-color has-very-light-gray-color has-background has-vivid-cyan-blue-background-color\" href=\"\/wp-content\/uploads\/mars2020\/Docs\/EG\/CE1B\/PROB1.pdf\">Probl\u00e8mes<\/a><\/div>\n<\/div>\n\n\n\n<p><strong>G\u00e9om\u00e9trie<\/strong><\/p>\n\n\n\n<div class=\"wp-block-buttons is-layout-flex wp-block-buttons-is-layout-flex\">\n<div class=\"wp-block-button\"><a class=\"wp-block-button__link has-text-color has-very-light-gray-color has-background has-vivid-cyan-blue-background-color\" href=\"\/wp-content\/uploads\/mars2020\/Docs\/EG\/CE1B\/GEOM1.pdf\">Les solides<\/a><\/div>\n\n\n\n<div class=\"wp-block-button is-style-fill\"><a class=\"wp-block-button__link has-text-color has-very-light-gray-color has-background has-vivid-cyan-blue-background-color\" href=\"\/wp-content\/uploads\/mars2020\/Docs\/EG\/CE1B\/GEOM2.pdf\">Reproduction de figures<\/a><\/div>\n\n\n\n<div class=\"wp-block-button is-style-fill\"><a class=\"wp-block-button__link has-text-color has-very-light-gray-color has-background has-vivid-cyan-blue-background-color\" href=\"\/wp-content\/uploads\/mars2020\/Docs\/EG\/CE1B\/GEOM3.pdf\">Tracer des segments<\/a><\/div>\n<\/div>\n\n\n\n<p><strong>Op\u00e9rations<\/strong><\/p>\n\n\n\n<div class=\"wp-block-buttons is-layout-flex wp-block-buttons-is-layout-flex\">\n<div class=\"wp-block-button\"><a class=\"wp-block-button__link has-text-color has-very-light-gray-color has-background has-vivid-cyan-blue-background-color\" href=\"\/wp-content\/uploads\/mars2020\/Docs\/EG\/CE1B\/MULTI.pdf\">Multiplications<\/a><\/div>\n\n\n\n<div class=\"wp-block-button is-style-fill\"><a class=\"wp-block-button__link has-text-color has-very-light-gray-color has-background has-vivid-cyan-blue-background-color\" href=\"\/wp-content\/uploads\/mars2020\/Docs\/EG\/CE1B\/TABLESX.pdf\">Tables &#8211; exercices<\/a><\/div>\n<\/div>\n\n\n\n<hr class=\"wp-block-separator\"\/>\n","protected":false},"excerpt":{"rendered":"<p>Ma\u00eetre Fr\u00e9d\u00e9ric vous propose les activit\u00e9s qui suivent : Fran\u00e7ais Lecture Grammaire Vocabulaire Orthographe Grammaire Conjugaison Math\u00e9matiques Num\u00e9ration G\u00e9om\u00e9trie Op\u00e9rations<\/p>\n","protected":false},"author":2,"featured_media":0,"parent":0,"menu_order":0,"comment_status":"closed","ping_status":"closed","template":"","meta":{"footnotes":""},"_links":{"self":[{"href":"https:\/\/profsenligne.net\/index.php\/wp-json\/wp\/v2\/pages\/434"}],"collection":[{"href":"https:\/\/profsenligne.net\/index.php\/wp-json\/wp\/v2\/pages"}],"about":[{"href":"https:\/\/profsenligne.net\/index.php\/wp-json\/wp\/v2\/types\/page"}],"author":[{"embeddable":true,"href":"https:\/\/profsenligne.net\/index.php\/wp-json\/wp\/v2\/users\/2"}],"replies":[{"embeddable":true,"href":"https:\/\/profsenligne.net\/index.php\/wp-json\/wp\/v2\/comments?post=434"}],"version-history":[{"count":11,"href":"https:\/\/profsenligne.net\/index.php\/wp-json\/wp\/v2\/pages\/434\/revisions"}],"predecessor-version":[{"id":1868,"href":"https:\/\/profsenligne.net\/index.php\/wp-json\/wp\/v2\/pages\/434\/revisions\/1868"}],"wp:attachment":[{"href":"https:\/\/profsenligne.net\/index.php\/wp-json\/wp\/v2\/media?parent=434"}],"curies":[{"name":"wp","href":"https:\/\/api.w.org\/{rel}","templated":true}]}}