{"id":4284,"date":"2021-05-10T23:04:22","date_gmt":"2021-05-11T03:04:22","guid":{"rendered":"https:\/\/profsenligne.net\/?page_id=4284"},"modified":"2021-05-10T23:09:16","modified_gmt":"2021-05-11T03:09:16","slug":"ideascube-2","status":"publish","type":"page","link":"https:\/\/profsenligne.net\/index.php\/ideascube-2\/","title":{"rendered":"Ideascube"},"content":{"rendered":"\n<hr class=\"wp-block-separator\"\/>\n\n\n\n<p><a href=\"https:\/\/profsenligne.net\/wp-content\/uploads\/BSF\/IDC\/Rapport_IDC.pdf\">Rapport IDC<\/a><\/p>\n\n\n\n<p><a href=\"https:\/\/profsenligne.net\/wp-content\/uploads\/BSF\/IDC\/Presentation_IDC_primaire.pdf\">IDC en \u00e9cole \u00e9l\u00e9mentaire<\/a><\/p>\n\n\n\n<p><a href=\"https:\/\/profsenligne.net\/wp-content\/uploads\/BSF\/IDC\/IDC_en_BCD.pdf\">Ideascube en BCD<\/a><\/p>\n\n\n\n<p><\/p>\n","protected":false},"excerpt":{"rendered":"<p>Rapport IDC IDC en \u00e9cole \u00e9l\u00e9mentaire Ideascube en BCD<\/p>\n","protected":false},"author":2,"featured_media":0,"parent":0,"menu_order":0,"comment_status":"closed","ping_status":"closed","template":"","meta":{"footnotes":""},"_links":{"self":[{"href":"https:\/\/profsenligne.net\/index.php\/wp-json\/wp\/v2\/pages\/4284"}],"collection":[{"href":"https:\/\/profsenligne.net\/index.php\/wp-json\/wp\/v2\/pages"}],"about":[{"href":"https:\/\/profsenligne.net\/index.php\/wp-json\/wp\/v2\/types\/page"}],"author":[{"embeddable":true,"href":"https:\/\/profsenligne.net\/index.php\/wp-json\/wp\/v2\/users\/2"}],"replies":[{"embeddable":true,"href":"https:\/\/profsenligne.net\/index.php\/wp-json\/wp\/v2\/comments?post=4284"}],"version-history":[{"count":3,"href":"https:\/\/profsenligne.net\/index.php\/wp-json\/wp\/v2\/pages\/4284\/revisions"}],"predecessor-version":[{"id":4289,"href":"https:\/\/profsenligne.net\/index.php\/wp-json\/wp\/v2\/pages\/4284\/revisions\/4289"}],"wp:attachment":[{"href":"https:\/\/profsenligne.net\/index.php\/wp-json\/wp\/v2\/media?parent=4284"}],"curies":[{"name":"wp","href":"https:\/\/api.w.org\/{rel}","templated":true}]}}