{"id":410,"date":"2020-03-23T20:26:21","date_gmt":"2020-03-23T19:26:21","guid":{"rendered":"http:\/\/profsenligne.free.fr\/?page_id=410"},"modified":"2020-03-23T20:26:21","modified_gmt":"2020-03-23T19:26:21","slug":"ms-2","status":"publish","type":"page","link":"https:\/\/profsenligne.net\/index.php\/ms-2\/","title":{"rendered":"MS"},"content":{"rendered":"\n<p>Les ma\u00eetresses de moyenne section vous proposeront bient\u00f4t des activit\u00e9s: patience!<\/p>\n\n\n<p><\/p>\n","protected":false},"excerpt":{"rendered":"<p>Les ma\u00eetresses de moyenne section vous proposeront bient\u00f4t des activit\u00e9s: patience!<\/p>\n","protected":false},"author":2,"featured_media":0,"parent":0,"menu_order":0,"comment_status":"closed","ping_status":"closed","template":"","meta":{"footnotes":""},"_links":{"self":[{"href":"https:\/\/profsenligne.net\/index.php\/wp-json\/wp\/v2\/pages\/410"}],"collection":[{"href":"https:\/\/profsenligne.net\/index.php\/wp-json\/wp\/v2\/pages"}],"about":[{"href":"https:\/\/profsenligne.net\/index.php\/wp-json\/wp\/v2\/types\/page"}],"author":[{"embeddable":true,"href":"https:\/\/profsenligne.net\/index.php\/wp-json\/wp\/v2\/users\/2"}],"replies":[{"embeddable":true,"href":"https:\/\/profsenligne.net\/index.php\/wp-json\/wp\/v2\/comments?post=410"}],"version-history":[{"count":0,"href":"https:\/\/profsenligne.net\/index.php\/wp-json\/wp\/v2\/pages\/410\/revisions"}],"wp:attachment":[{"href":"https:\/\/profsenligne.net\/index.php\/wp-json\/wp\/v2\/media?parent=410"}],"curies":[{"name":"wp","href":"https:\/\/api.w.org\/{rel}","templated":true}]}}