{"id":3931,"date":"2020-12-09T11:14:22","date_gmt":"2020-12-09T15:14:22","guid":{"rendered":"https:\/\/profsenligne.net\/?page_id=3931"},"modified":"2020-12-14T10:03:08","modified_gmt":"2020-12-14T14:03:08","slug":"mathematiques","status":"publish","type":"page","link":"https:\/\/profsenligne.net\/index.php\/mathematiques\/","title":{"rendered":"Math\u00e9matiques"},"content":{"rendered":"\n<p>Voici les documents que vous proposent Val\u00e9rie Siobud, CPC coordonnatrice du Plan math\u00e9matiques ainsi que St\u00e9phanie Brouwers, r\u00e9f\u00e9rente math\u00e9matiques :<\/p>\n\n\n\n<div class=\"wp-block-buttons is-layout-flex wp-block-buttons-is-layout-flex\">\n<div class=\"wp-block-button\"><a class=\"wp-block-button__link has-vivid-cyan-blue-background-color has-background\" href=\"\/wp-content\/uploads\/SBH\/Maths2\/Fiche_remediation_CP_Maths_representer.pdf\">Fiche de remediation au CP<\/a><\/div>\n<\/div>\n\n\n\n<div class=\"wp-block-buttons is-layout-flex wp-block-buttons-is-layout-flex\">\n<div class=\"wp-block-button\"><a class=\"wp-block-button__link has-vivid-purple-background-color has-background\" href=\"\/wp-content\/uploads\/SBH\/Maths2\/Construction_du_nombre_Animation.pdf\">Construction du nombre \u00e0 la maternelle<\/a><\/div>\n<\/div>\n\n\n\n<div class=\"wp-block-buttons is-layout-flex wp-block-buttons-is-layout-flex\">\n<div class=\"wp-block-button\"><a class=\"wp-block-button__link has-pale-cyan-blue-background-color has-background\" href=\"\/wp-content\/uploads\/SBH\/Maths2\/Indicateurs_de_progres_5_domaines_apprentissages.pdf\">Indicateurs de progr\u00e8s<\/a><\/div>\n<\/div>\n\n\n\n<hr class=\"wp-block-separator\"\/>\n\n\n\n<div class=\"wp-block-buttons is-layout-flex wp-block-buttons-is-layout-flex\">\n<div class=\"wp-block-button\"><a class=\"wp-block-button__link has-vivid-green-cyan-background-color has-background\" href=\"\/wp-content\/uploads\/SBH\/Maths\/8_fiche_memo.pdf\">Fiche M\u00e9mo<\/a><\/div>\n<\/div>\n\n\n\n<div class=\"wp-block-buttons is-layout-flex wp-block-buttons-is-layout-flex\">\n<div class=\"wp-block-button\"><a class=\"wp-block-button__link has-pale-cyan-blue-background-color has-background\" href=\"\/wp-content\/uploads\/SBH\/Maths\/Methode_heuristique.pdf\">M\u00e9thode heuristique<\/a><\/div>\n<\/div>\n\n\n\n<div class=\"wp-block-buttons is-layout-flex wp-block-buttons-is-layout-flex\">\n<div class=\"wp-block-button\"><a class=\"wp-block-button__link has-vivid-cyan-blue-background-color has-background\" href=\"\/wp-content\/uploads\/SBH\/Maths\/Presentation_de_MHM.mp4\" target=\"_blank\" rel=\"noreferrer noopener\">Pr\u00e9sentation de MHM<\/a><\/div>\n<\/div>\n\n\n\n<hr class=\"wp-block-separator\"\/>\n\n\n\n<p class=\"has-medium-font-size\"><strong>DIAPORAMA<\/strong><\/p>\n\n\n<p style=\"padding-left:10px;\"><a class=\"s_pdf_download_link\" href=\"https:\/\/profsenligne.net\/wp-content\/uploads\/2020\/05\/Res_Pbs_C2_4.pptx\" download><button style=\"margin-bottom:10px;background-color:;\" class=\"ppv_download_bttn\">Download File<\/button><\/a><\/p>            <div class=\"ppv_wrapper ppv_container\" style=\"position: relative;width:100%; height:600px;\">\n                <div class=\"ppv-loading\">PDF Loading...<\/div>\n                <iframe id=\"s_pdf_frame\" src=\"\/\/docs.google.com\/gview?embedded=true&#038;url=https:\/\/profsenligne.net\/wp-content\/uploads\/2020\/05\/Res_Pbs_C2_4.pptx\" style=\"float:left; padding:10px;width:100%; height:600px;\" frameborder=\"0\"><\/iframe>\n                            <\/div>\n            \n            \n\n\n\n<hr class=\"wp-block-separator\"\/>\n","protected":false},"excerpt":{"rendered":"<p>Voici les documents que vous proposent Val\u00e9rie Siobud, CPC coordonnatrice du Plan math\u00e9matiques ainsi que St\u00e9phanie Brouwers, r\u00e9f\u00e9rente math\u00e9matiques : DIAPORAMA<\/p>\n","protected":false},"author":2,"featured_media":0,"parent":0,"menu_order":0,"comment_status":"closed","ping_status":"closed","template":"","meta":{"footnotes":""},"_links":{"self":[{"href":"https:\/\/profsenligne.net\/index.php\/wp-json\/wp\/v2\/pages\/3931"}],"collection":[{"href":"https:\/\/profsenligne.net\/index.php\/wp-json\/wp\/v2\/pages"}],"about":[{"href":"https:\/\/profsenligne.net\/index.php\/wp-json\/wp\/v2\/types\/page"}],"author":[{"embeddable":true,"href":"https:\/\/profsenligne.net\/index.php\/wp-json\/wp\/v2\/users\/2"}],"replies":[{"embeddable":true,"href":"https:\/\/profsenligne.net\/index.php\/wp-json\/wp\/v2\/comments?post=3931"}],"version-history":[{"count":17,"href":"https:\/\/profsenligne.net\/index.php\/wp-json\/wp\/v2\/pages\/3931\/revisions"}],"predecessor-version":[{"id":4022,"href":"https:\/\/profsenligne.net\/index.php\/wp-json\/wp\/v2\/pages\/3931\/revisions\/4022"}],"wp:attachment":[{"href":"https:\/\/profsenligne.net\/index.php\/wp-json\/wp\/v2\/media?parent=3931"}],"curies":[{"name":"wp","href":"https:\/\/api.w.org\/{rel}","templated":true}]}}