{"id":393,"date":"2020-03-23T14:39:49","date_gmt":"2020-03-23T13:39:49","guid":{"rendered":"http:\/\/profsenligne.free.fr\/?page_id=393"},"modified":"2020-04-09T06:07:19","modified_gmt":"2020-04-09T10:07:19","slug":"ce1c-bilingue","status":"publish","type":"page","link":"https:\/\/profsenligne.net\/index.php\/ce1c-bilingue\/","title":{"rendered":"CE1C Bilingue"},"content":{"rendered":"\n<p>Ma\u00eetresse <strong>Emmanuelle et ses coll\u00e8gues<\/strong> vous invite \u00e0 lire leurs recommandations et \u00e0 effectuer les exercices qui suivent :<\/p>\n\n\n\n<div class=\"wp-block-buttons is-layout-flex wp-block-buttons-is-layout-flex\">\n<div class=\"wp-block-button\"><a class=\"wp-block-button__link has-text-color has-very-light-gray-color has-background has-luminous-vivid-amber-background-color\" href=\"\/wp-content\/uploads\/mars2020\/Docs\/ARR\/CE1C_Bilingue\/Lettre_aux_parents.pdf\">Lettre aux parents<\/a><\/div>\n<\/div>\n\n\n\n<div class=\"wp-block-buttons is-layout-flex wp-block-buttons-is-layout-flex\">\n<div class=\"wp-block-button\"><a class=\"wp-block-button__link has-text-color has-very-light-gray-color has-background has-vivid-cyan-blue-background-color\" href=\"\/wp-content\/uploads\/mars2020\/Docs\/ARR\/CE1C_Bilingue\/Lecture_Comp.pdf\">Lecture &#8211; Compr\u00e9hension<\/a><\/div>\n\n\n\n<div class=\"wp-block-button is-style-fill\"><a class=\"wp-block-button__link has-text-color has-very-light-gray-color has-background has-vivid-cyan-blue-background-color\" href=\"\/wp-content\/uploads\/mars2020\/Docs\/ARR\/CE1C_Bilingue\/Lecture_inf.pdf\">Inf\u00e9rences<\/a><\/div>\n\n\n\n<div class=\"wp-block-button is-style-outline\"><a class=\"wp-block-button__link has-text-color has-very-light-gray-color has-background has-vivid-cyan-blue-background-color\" href=\"\/wp-content\/uploads\/mars2020\/Docs\/ARR\/CE1C_Bilingue\/Lire_copier_dessiner.pdf\">Lire-Copier-Coller<\/a><\/div>\n<\/div>\n\n\n\n<p><strong>Arts<\/strong><\/p>\n\n\n\n<div class=\"wp-block-buttons is-layout-flex wp-block-buttons-is-layout-flex\">\n<div class=\"wp-block-button\"><a class=\"wp-block-button__link has-text-color has-very-light-gray-color has-background has-vivid-cyan-blue-background-color\" href=\"\/wp-content\/uploads\/mars2020\/Docs\/ARR\/CE1C_Bilingue\/Activites.pdf\">Dessiner par \u00e9tapes<\/a><\/div>\n\n\n\n<div class=\"wp-block-button is-style-fill\"><a class=\"wp-block-button__link has-text-color has-very-light-gray-color has-background has-vivid-cyan-blue-background-color\" href=\"\/wp-content\/uploads\/mars2020\/Docs\/ARR\/CE1C_Bilingue\/Dessin.pdf\">Dessiner d&#8217;apr\u00e8s consignes<\/a><\/div>\n<\/div>\n\n\n\n<hr class=\"wp-block-separator\"\/>\n","protected":false},"excerpt":{"rendered":"<p>Ma\u00eetresse Emmanuelle et ses coll\u00e8gues vous invite \u00e0 lire leurs recommandations et \u00e0 effectuer les exercices qui suivent : Arts<\/p>\n","protected":false},"author":2,"featured_media":0,"parent":0,"menu_order":0,"comment_status":"closed","ping_status":"closed","template":"","meta":{"footnotes":""},"_links":{"self":[{"href":"https:\/\/profsenligne.net\/index.php\/wp-json\/wp\/v2\/pages\/393"}],"collection":[{"href":"https:\/\/profsenligne.net\/index.php\/wp-json\/wp\/v2\/pages"}],"about":[{"href":"https:\/\/profsenligne.net\/index.php\/wp-json\/wp\/v2\/types\/page"}],"author":[{"embeddable":true,"href":"https:\/\/profsenligne.net\/index.php\/wp-json\/wp\/v2\/users\/2"}],"replies":[{"embeddable":true,"href":"https:\/\/profsenligne.net\/index.php\/wp-json\/wp\/v2\/comments?post=393"}],"version-history":[{"count":2,"href":"https:\/\/profsenligne.net\/index.php\/wp-json\/wp\/v2\/pages\/393\/revisions"}],"predecessor-version":[{"id":1884,"href":"https:\/\/profsenligne.net\/index.php\/wp-json\/wp\/v2\/pages\/393\/revisions\/1884"}],"wp:attachment":[{"href":"https:\/\/profsenligne.net\/index.php\/wp-json\/wp\/v2\/media?parent=393"}],"curies":[{"name":"wp","href":"https:\/\/api.w.org\/{rel}","templated":true}]}}