{"id":3927,"date":"2020-12-09T11:13:37","date_gmt":"2020-12-09T15:13:37","guid":{"rendered":"https:\/\/profsenligne.net\/?page_id=3927"},"modified":"2020-12-14T10:06:24","modified_gmt":"2020-12-14T14:06:24","slug":"arts-plastiques","status":"publish","type":"page","link":"https:\/\/profsenligne.net\/index.php\/arts-plastiques\/","title":{"rendered":"Arts Plastiques"},"content":{"rendered":"\n<p>C\u00e9line Renger, CPC en arts plastiques, vous pr\u00e9sente les diff\u00e9rents documents utilis\u00e9s lors de la formation :<\/p>\n\n\n\n<div class=\"wp-block-buttons is-layout-flex wp-block-buttons-is-layout-flex\">\n<div class=\"wp-block-button\"><a class=\"wp-block-button__link has-vivid-cyan-blue-background-color has-background\" href=\"\/wp-content\/uploads\/SBH\/Art\/Enseigner_les_arts_plastiques.pdf\">Enseigner les Arts Plastiques<\/a><\/div>\n<\/div>\n\n\n\n<div class=\"wp-block-buttons is-layout-flex wp-block-buttons-is-layout-flex\">\n<div class=\"wp-block-button\"><a class=\"wp-block-button__link has-luminous-vivid-orange-background-color has-background\" href=\"\/wp-content\/uploads\/SBH\/Art\/9_notions_lexique_6.pdf\">Lexique<\/a><\/div>\n<\/div>\n\n\n\n<div class=\"wp-block-buttons is-layout-flex wp-block-buttons-is-layout-flex\">\n<div class=\"wp-block-button\"><a class=\"wp-block-button__link has-luminous-vivid-orange-background-color has-background\" href=\"\/wp-content\/uploads\/SBH\/Art\/SMOG_explications.pdf\">SMOG Explications<\/a><\/div>\n<\/div>\n\n\n\n<hr class=\"wp-block-separator\"\/>\n\n\n\n<div class=\"wp-block-buttons is-layout-flex wp-block-buttons-is-layout-flex\">\n<div class=\"wp-block-button\"><a class=\"wp-block-button__link has-vivid-green-cyan-background-color has-background\" href=\"\/wp-content\/uploads\/SBH\/Art\/Grille_Analyse_travaux_de_groupe.pdf\">Grille d&#8217;analyse<\/a><\/div>\n<\/div>\n\n\n\n<div class=\"wp-block-buttons is-layout-flex wp-block-buttons-is-layout-flex\">\n<div class=\"wp-block-button\"><a class=\"wp-block-button__link has-vivid-green-cyan-background-color has-background\" href=\"\/wp-content\/uploads\/SBH\/Art\/Trame_stage_ecole_SBH_tache_complexe_et_demarche_de_creation.pdf\">Trame du stage \u00e9cole<\/a><\/div>\n<\/div>\n\n\n\n<hr class=\"wp-block-separator\"\/>\n\n\n\n<div class=\"wp-block-buttons is-layout-flex wp-block-buttons-is-layout-flex\">\n<div class=\"wp-block-button\"><a class=\"wp-block-button__link has-pale-pink-background-color has-background\" href=\"\/wp-content\/uploads\/SBH\/Art\/Carte_sapin_origami_pas-a-pas.pdf\">Origami<\/a><\/div>\n<\/div>\n\n\n\n<hr class=\"wp-block-separator\"\/>\n\n\n\n<div class=\"wp-block-buttons is-layout-flex wp-block-buttons-is-layout-flex\">\n<div class=\"wp-block-button\"><a class=\"wp-block-button__link has-luminous-vivid-amber-background-color has-background\" href=\"\/wp-content\/uploads\/SBH\/Art\/V2_INFOGRAPHIE_prog_c1-2.pdf\">Infographie cycle 1 et 2<\/a><\/div>\n<\/div>\n\n\n\n<div class=\"wp-block-buttons is-layout-flex wp-block-buttons-is-layout-flex\">\n<div class=\"wp-block-button\"><a class=\"wp-block-button__link has-luminous-vivid-amber-background-color has-background\" href=\"\/wp-content\/uploads\/SBH\/Art\/V2_INFOGRAPHIE_prog_c2.pdf\">Infographie cycle 2<\/a><\/div>\n<\/div>\n\n\n\n<div class=\"wp-block-buttons is-layout-flex wp-block-buttons-is-layout-flex\">\n<div class=\"wp-block-button\"><a class=\"wp-block-button__link has-luminous-vivid-amber-background-color has-background\" href=\"\/wp-content\/uploads\/SBH\/Art\/V2_INFOGRAPHIE_prog_c3.pdf\">Infographie cycle 3<\/a><\/div>\n<\/div>\n\n\n\n<hr class=\"wp-block-separator\"\/>\n","protected":false},"excerpt":{"rendered":"<p>C\u00e9line Renger, CPC en arts plastiques, vous pr\u00e9sente les diff\u00e9rents documents utilis\u00e9s lors de la formation :<\/p>\n","protected":false},"author":2,"featured_media":0,"parent":0,"menu_order":0,"comment_status":"closed","ping_status":"closed","template":"","meta":{"footnotes":""},"_links":{"self":[{"href":"https:\/\/profsenligne.net\/index.php\/wp-json\/wp\/v2\/pages\/3927"}],"collection":[{"href":"https:\/\/profsenligne.net\/index.php\/wp-json\/wp\/v2\/pages"}],"about":[{"href":"https:\/\/profsenligne.net\/index.php\/wp-json\/wp\/v2\/types\/page"}],"author":[{"embeddable":true,"href":"https:\/\/profsenligne.net\/index.php\/wp-json\/wp\/v2\/users\/2"}],"replies":[{"embeddable":true,"href":"https:\/\/profsenligne.net\/index.php\/wp-json\/wp\/v2\/comments?post=3927"}],"version-history":[{"count":6,"href":"https:\/\/profsenligne.net\/index.php\/wp-json\/wp\/v2\/pages\/3927\/revisions"}],"predecessor-version":[{"id":4023,"href":"https:\/\/profsenligne.net\/index.php\/wp-json\/wp\/v2\/pages\/3927\/revisions\/4023"}],"wp:attachment":[{"href":"https:\/\/profsenligne.net\/index.php\/wp-json\/wp\/v2\/media?parent=3927"}],"curies":[{"name":"wp","href":"https:\/\/api.w.org\/{rel}","templated":true}]}}