{"id":382,"date":"2020-03-23T13:36:03","date_gmt":"2020-03-23T12:36:03","guid":{"rendered":"http:\/\/profsenligne.free.fr\/?page_id=382"},"modified":"2020-04-09T05:48:29","modified_gmt":"2020-04-09T09:48:29","slug":"ce1-bilingue","status":"publish","type":"page","link":"https:\/\/profsenligne.net\/index.php\/ce1-bilingue\/","title":{"rendered":"CE1 Bilingue"},"content":{"rendered":"\n<p><br>Aujourd&#8217;hui, l<strong>es enseignant(e)s de CE1<\/strong> vous  proposent le petit dossier d&#8217;apprentissage suivant:<br><\/p>\n\n\n\n<div class=\"wp-block-buttons is-layout-flex wp-block-buttons-is-layout-flex\">\n<div class=\"wp-block-button\"><a class=\"wp-block-button__link has-text-color has-very-light-gray-color has-background has-vivid-cyan-blue-background-color\" href=\"\/wp-content\/uploads\/mars2020\/Docs\/CSM\/CE1\/Dossier_apprentissage1.pdf\">Mon petit dossier<\/a><\/div>\n<\/div>\n\n\n\n<hr class=\"wp-block-separator\"\/>\n\n\n\n<p>Ma\u00eetresse <strong>Sophie<\/strong> vous sugg\u00e8re les activit\u00e9s suivantes :<\/p>\n\n\n\n<div class=\"wp-block-buttons is-layout-flex wp-block-buttons-is-layout-flex\">\n<div class=\"wp-block-button\"><a class=\"wp-block-button__link has-text-color has-very-light-gray-color has-background has-vivid-cyan-blue-background-color\" href=\"\/wp-content\/uploads\/mars2020\/Docs\/CSM\/CE1Bil\/Francais.pdf\">Fran\u00e7ais<\/a><\/div>\n\n\n\n<div class=\"wp-block-button is-style-fill\"><a class=\"wp-block-button__link has-text-color has-very-light-gray-color has-background has-vivid-cyan-blue-background-color\" href=\"\/wp-content\/uploads\/mars2020\/Docs\/CSM\/CE1Bil\/Maths.pdf\">Math\u00e9matiques<\/a><\/div>\n<\/div>\n\n\n\n<hr class=\"wp-block-separator\"\/>\n\n\n\n<p><\/p>\n","protected":false},"excerpt":{"rendered":"<p>Aujourd&#8217;hui, les enseignant(e)s de CE1 vous proposent le petit dossier d&#8217;apprentissage suivant: Ma\u00eetresse Sophie vous sugg\u00e8re les activit\u00e9s suivantes :<\/p>\n","protected":false},"author":2,"featured_media":0,"parent":0,"menu_order":0,"comment_status":"closed","ping_status":"closed","template":"","meta":{"footnotes":""},"_links":{"self":[{"href":"https:\/\/profsenligne.net\/index.php\/wp-json\/wp\/v2\/pages\/382"}],"collection":[{"href":"https:\/\/profsenligne.net\/index.php\/wp-json\/wp\/v2\/pages"}],"about":[{"href":"https:\/\/profsenligne.net\/index.php\/wp-json\/wp\/v2\/types\/page"}],"author":[{"embeddable":true,"href":"https:\/\/profsenligne.net\/index.php\/wp-json\/wp\/v2\/users\/2"}],"replies":[{"embeddable":true,"href":"https:\/\/profsenligne.net\/index.php\/wp-json\/wp\/v2\/comments?post=382"}],"version-history":[{"count":2,"href":"https:\/\/profsenligne.net\/index.php\/wp-json\/wp\/v2\/pages\/382\/revisions"}],"predecessor-version":[{"id":1863,"href":"https:\/\/profsenligne.net\/index.php\/wp-json\/wp\/v2\/pages\/382\/revisions\/1863"}],"wp:attachment":[{"href":"https:\/\/profsenligne.net\/index.php\/wp-json\/wp\/v2\/media?parent=382"}],"curies":[{"name":"wp","href":"https:\/\/api.w.org\/{rel}","templated":true}]}}