{"id":367,"date":"2020-03-22T22:53:48","date_gmt":"2020-03-22T21:53:48","guid":{"rendered":"http:\/\/profsenligne.free.fr\/?page_id=367"},"modified":"2020-04-09T06:05:11","modified_gmt":"2020-04-09T10:05:11","slug":"cpc-bilingue","status":"publish","type":"page","link":"https:\/\/profsenligne.net\/index.php\/cpc-bilingue\/","title":{"rendered":"CPC Bilingue"},"content":{"rendered":"\n<p>Ma\u00eetresse <strong>Emmanuelle<\/strong> vous pr\u00e9sente ses instructions :<\/p>\n\n\n\n<div class=\"wp-block-buttons is-layout-flex wp-block-buttons-is-layout-flex\">\n<div class=\"wp-block-button\"><a class=\"wp-block-button__link has-text-color has-very-light-gray-color has-background has-luminous-vivid-amber-background-color\" href=\"\/wp-content\/uploads\/mars2020\/Docs\/ARR\/CPC_Bilingue\/Instructions.pdf\">Lettre aux parents<\/a><\/div>\n<\/div>\n\n\n\n<p>Voici les activit\u00e9s qu&#8217;elle vous propose :<\/p>\n\n\n\n<div class=\"wp-block-buttons is-layout-flex wp-block-buttons-is-layout-flex\">\n<div class=\"wp-block-button\"><a class=\"wp-block-button__link has-text-color has-very-light-gray-color has-background has-vivid-cyan-blue-background-color\" href=\"\/wp-content\/uploads\/mars2020\/Docs\/ARR\/CPC_Bilingue\/Activites1.pdf\">Activit\u00e9s 1<\/a><\/div>\n\n\n\n<div class=\"wp-block-button is-style-outline\"><a class=\"wp-block-button__link has-text-color has-very-light-gray-color has-background has-vivid-cyan-blue-background-color\" href=\"\/wp-content\/uploads\/mars2020\/Docs\/ARR\/CPC_Bilingue\/Cahier_dictees.pdf\">Cahier de dict\u00e9es<\/a><\/div>\n\n\n\n<div class=\"wp-block-button is-style-outline\"><a class=\"wp-block-button__link has-text-color has-very-light-gray-color has-background has-vivid-cyan-blue-background-color\" href=\"\/wp-content\/uploads\/mars2020\/Docs\/ARR\/CPC_Bilingue\/Vocabulaire.pdf\">Vocabulaire<\/a><\/div>\n<\/div>\n\n\n\n<div class=\"wp-block-buttons is-layout-flex wp-block-buttons-is-layout-flex\">\n<div class=\"wp-block-button\"><a class=\"wp-block-button__link has-text-color has-very-light-gray-color has-background has-vivid-cyan-blue-background-color\" href=\"\/wp-content\/uploads\/mars2020\/Docs\/ARR\/CPC_Bilingue\/Les_courses.pdf\" target=\"_blank\" rel=\"noreferrer noopener\">Les courses<\/a><\/div>\n\n\n\n<div class=\"wp-block-button is-style-outline\"><a class=\"wp-block-button__link has-text-color has-very-light-gray-color has-background has-vivid-cyan-blue-background-color\" href=\"\/wp-content\/uploads\/mars2020\/Docs\/ARR\/CPC_Bilingue\/Mot_et_image1.pdf\">Le mot et l&#8217;image 1<\/a><\/div>\n\n\n\n<div class=\"wp-block-button is-style-outline\"><a class=\"wp-block-button__link has-text-color has-very-light-gray-color has-background has-vivid-cyan-blue-background-color\" href=\"\/wp-content\/uploads\/mars2020\/Docs\/ARR\/CPC_Bilingue\/Mot_et_image2.pdf\">Le mot et l&#8217;images 2<\/a><\/div>\n<\/div>\n\n\n\n<hr class=\"wp-block-separator\"\/>\n","protected":false},"excerpt":{"rendered":"<p>Ma\u00eetresse Emmanuelle vous pr\u00e9sente ses instructions : Voici les activit\u00e9s qu&#8217;elle vous propose :<\/p>\n","protected":false},"author":2,"featured_media":0,"parent":0,"menu_order":0,"comment_status":"closed","ping_status":"closed","template":"","meta":{"footnotes":""},"_links":{"self":[{"href":"https:\/\/profsenligne.net\/index.php\/wp-json\/wp\/v2\/pages\/367"}],"collection":[{"href":"https:\/\/profsenligne.net\/index.php\/wp-json\/wp\/v2\/pages"}],"about":[{"href":"https:\/\/profsenligne.net\/index.php\/wp-json\/wp\/v2\/types\/page"}],"author":[{"embeddable":true,"href":"https:\/\/profsenligne.net\/index.php\/wp-json\/wp\/v2\/users\/2"}],"replies":[{"embeddable":true,"href":"https:\/\/profsenligne.net\/index.php\/wp-json\/wp\/v2\/comments?post=367"}],"version-history":[{"count":2,"href":"https:\/\/profsenligne.net\/index.php\/wp-json\/wp\/v2\/pages\/367\/revisions"}],"predecessor-version":[{"id":1881,"href":"https:\/\/profsenligne.net\/index.php\/wp-json\/wp\/v2\/pages\/367\/revisions\/1881"}],"wp:attachment":[{"href":"https:\/\/profsenligne.net\/index.php\/wp-json\/wp\/v2\/media?parent=367"}],"curies":[{"name":"wp","href":"https:\/\/api.w.org\/{rel}","templated":true}]}}