{"id":363,"date":"2020-03-22T21:38:40","date_gmt":"2020-03-22T20:38:40","guid":{"rendered":"http:\/\/profsenligne.free.fr\/?page_id=363"},"modified":"2020-04-09T06:13:12","modified_gmt":"2020-04-09T10:13:12","slug":"ps-3","status":"publish","type":"page","link":"https:\/\/profsenligne.net\/index.php\/ps-3\/","title":{"rendered":"PS"},"content":{"rendered":"\n<p>Et aussi ce travail \u00e0 partir d&#8217;un album :<\/p>\n\n\n\n<div class=\"wp-block-buttons is-layout-flex wp-block-buttons-is-layout-flex\">\n<div class=\"wp-block-button\"><a class=\"wp-block-button__link has-text-color has-very-light-gray-color has-background has-vivid-cyan-blue-background-color\" href=\"\/wp-content\/uploads\/mars2020\/Docs\/Gus_mat\/Orteils.pdf\">Les orteils n&#8217;ont pas de nom<\/a><\/div>\n<\/div>\n\n\n\n<p>Aujourd&#8217;hui, votre ma\u00eetresse vous propose la lecture suivante :<\/p>\n\n\n\n<div class=\"wp-block-buttons is-layout-flex wp-block-buttons-is-layout-flex\">\n<div class=\"wp-block-button\"><a class=\"wp-block-button__link has-text-color has-very-light-gray-color has-background has-vivid-cyan-blue-background-color\" href=\"\/wp-content\/uploads\/mars2020\/Docs\/Gus_mat\/Les_trois_brigands.pdf\">Les trois brigands<\/a><\/div>\n<\/div>\n\n\n\n<p>Voici des fiches de travail propos\u00e9es par ma\u00eetresse <strong>Sylvie<\/strong> aujourd&#8217;hui :<\/p>\n\n\n\n<div class=\"wp-block-buttons is-layout-flex wp-block-buttons-is-layout-flex\">\n<div class=\"wp-block-button\"><a class=\"wp-block-button__link has-text-color has-very-light-gray-color has-background has-vivid-cyan-blue-background-color\" href=\"\/wp-content\/uploads\/mars2020\/Docs\/Gus_mat\/Fich_maths.pdf\">Fiche de maths<\/a><\/div>\n\n\n\n<div class=\"wp-block-button is-style-fill\"><a class=\"wp-block-button__link has-text-color has-very-light-gray-color has-background has-vivid-cyan-blue-background-color\" href=\"\/wp-content\/uploads\/mars2020\/Docs\/Gus_mat\/Fich_multi.pdf\">Fiche multi-activit\u00e9s 1<\/a><\/div>\n\n\n\n<div class=\"wp-block-button is-style-outline\"><a class=\"wp-block-button__link has-text-color has-very-light-gray-color has-background has-vivid-cyan-blue-background-color\" href=\"\/wp-content\/uploads\/mars2020\/Docs\/Gus_mat\/Fich_multi_gestes.pdf\">Fiche multi-activit\u00e9s 2<\/a><\/div>\n\n\n\n<div class=\"wp-block-button is-style-outline\"><a class=\"wp-block-button__link has-text-color has-very-light-gray-color has-background has-vivid-cyan-blue-background-color\" href=\"\/wp-content\/uploads\/mars2020\/Docs\/Gus_mat\/Fich_art.pdf\">Fiche Arts<\/a><\/div>\n<\/div>\n\n\n\n<hr class=\"wp-block-separator\"\/>\n\n\n\n<p>De nouvelles activit\u00e9s sont propos\u00e9es par votre ma\u00eetresse <strong>Sylvie<\/strong> :<\/p>\n\n\n\n<div class=\"wp-block-buttons is-layout-flex wp-block-buttons-is-layout-flex\">\n<div class=\"wp-block-button\"><a class=\"wp-block-button__link has-text-color has-very-light-gray-color has-background has-vivid-cyan-blue-background-color\" href=\"\/wp-content\/uploads\/mars2020\/Docs\/Gus_mat\/Fiche_Bonjour_docteur.pdf\">Bonjour docteur!<\/a><\/div>\n<\/div>\n\n\n\n<p><strong>Les images<\/strong><\/p>\n\n\n\n<div class=\"wp-block-buttons is-layout-flex wp-block-buttons-is-layout-flex\">\n<div class=\"wp-block-button\"><a class=\"wp-block-button__link has-text-color has-very-light-gray-color has-background has-vivid-cyan-blue-background-color\" href=\"\/wp-content\/uploads\/mars2020\/Docs\/Gus_mat\/Image1.jpg\">Image 1<\/a><\/div>\n\n\n\n<div class=\"wp-block-button is-style-outline\"><a class=\"wp-block-button__link has-text-color has-very-light-gray-color has-background has-vivid-cyan-blue-background-color\" href=\"\/wp-content\/uploads\/mars2020\/Docs\/Gus_mat\/Image2.jpg\">Image 2<\/a><\/div>\n\n\n\n<div class=\"wp-block-button is-style-fill\"><a class=\"wp-block-button__link has-text-color has-very-light-gray-color has-background has-vivid-cyan-blue-background-color\" href=\"\/wp-content\/uploads\/mars2020\/Docs\/Gus_mat\/Image3.jpg\">Image 3<\/a><\/div>\n\n\n\n<div class=\"wp-block-button is-style-fill\"><a class=\"wp-block-button__link has-text-color has-very-light-gray-color has-background has-vivid-cyan-blue-background-color\" href=\"\/wp-content\/uploads\/mars2020\/Docs\/Gus_mat\/Image4.png\">Image 4<\/a><\/div>\n<\/div>\n\n\n\n<p><strong>Les planches<\/strong><\/p>\n\n\n\n<div class=\"wp-block-buttons is-layout-flex wp-block-buttons-is-layout-flex\">\n<div class=\"wp-block-button\"><a class=\"wp-block-button__link has-text-color has-very-light-gray-color has-background has-vivid-cyan-blue-background-color\" href=\"\/wp-content\/uploads\/mars2020\/Docs\/Gus_mat\/docteur3.pdf\">Docteur 1<\/a><\/div>\n\n\n\n<div class=\"wp-block-button is-style-outline\"><a class=\"wp-block-button__link has-text-color has-very-light-gray-color has-background has-vivid-cyan-blue-background-color\" href=\"\/wp-content\/uploads\/mars2020\/Docs\/Gus_mat\/docteur4.pdf\">Docteur 2<\/a><\/div>\n\n\n\n<div class=\"wp-block-button is-style-fill\"><a class=\"wp-block-button__link has-text-color has-very-light-gray-color has-background has-vivid-cyan-blue-background-color\" href=\"\/wp-content\/uploads\/mars2020\/Docs\/Gus_mat\/docteur5.pdf\">Docteur 3<\/a><\/div>\n<\/div>\n\n\n\n<hr class=\"wp-block-separator\"\/>\n\n\n\n<p>Ma\u00eetresse <strong>Sylvie<\/strong>, directrice de l&#8217;\u00e9cole \u00e9galement, vous sugg\u00e8re les activit\u00e9s suivantes :<\/p>\n\n\n\n<div class=\"wp-block-buttons is-layout-flex wp-block-buttons-is-layout-flex\">\n<div class=\"wp-block-button\"><a class=\"wp-block-button__link has-text-color has-very-light-gray-color has-background has-vivid-cyan-blue-background-color\" href=\"\/wp-content\/uploads\/mars2020\/Docs\/Gus_mat\/M_Ptit_sou.pdf\">Monsieur P&#8217;tit sou<\/a><\/div>\n\n\n\n<div class=\"wp-block-button is-style-fill\"><a class=\"wp-block-button__link has-text-color has-very-light-gray-color has-background has-vivid-cyan-blue-background-color\" href=\"\/wp-content\/uploads\/mars2020\/Docs\/Gus_mat\/La_souris_qui_cherchait.pdf\">La souris qui cherchait<\/a><\/div>\n\n\n\n<div class=\"wp-block-button is-style-fill\"><a class=\"wp-block-button__link has-text-color has-very-light-gray-color has-background has-vivid-cyan-blue-background-color\" href=\"\/wp-content\/uploads\/mars2020\/Docs\/Gus_mat\/Fiche_klee.pdf\">Fiche sur Klee<\/a><\/div>\n\n\n\n<div class=\"wp-block-button is-style-fill\"><a class=\"wp-block-button__link has-text-color has-very-light-gray-color has-background has-vivid-cyan-blue-background-color\" href=\"\/wp-content\/uploads\/mars2020\/Docs\/Gus_mat\/Science_et_couleur.pdf\">Science et couleur<\/a><\/div>\n\n\n\n<div class=\"wp-block-button is-style-fill\"><a class=\"wp-block-button__link has-text-color has-very-light-gray-color has-background has-vivid-cyan-blue-background-color\" href=\"\/wp-content\/uploads\/mars2020\/Docs\/Gus_mat\/Sentiments.pdf\">Sentiments<\/a><\/div>\n\n\n\n<div class=\"wp-block-button is-style-fill\"><a class=\"wp-block-button__link has-text-color has-very-light-gray-color has-background has-vivid-cyan-blue-background-color\" href=\"\/wp-content\/uploads\/mars2020\/Docs\/Gus_mat\/Travail_sur_chhht.pdf\">Travail su Chhht<\/a><\/div>\n<\/div>\n\n\n\n<p>En cliquant sur ce lien, vous d\u00e9couvrirez de multiples comptines et chansons :<\/p>\n\n\n\n<ul><li> <a href=\"https:\/\/www.youtube.com\/channel\/UC1WBMmq-2zBZ6wKiRAdnphw\">Comptines et Chansons<\/a><\/li><\/ul>\n\n\n\n<hr class=\"wp-block-separator\"\/>\n","protected":false},"excerpt":{"rendered":"<p>Et aussi ce travail \u00e0 partir d&#8217;un album : Aujourd&#8217;hui, votre ma\u00eetresse vous propose la lecture suivante : Voici des fiches de travail propos\u00e9es par ma\u00eetresse Sylvie aujourd&#8217;hui : De nouvelles activit\u00e9s sont propos\u00e9es par votre ma\u00eetresse Sylvie : Les images Les planches Ma\u00eetresse Sylvie, directrice de l&#8217;\u00e9cole \u00e9galement, vous sugg\u00e8re les activit\u00e9s suivantes : &hellip; <\/p>\n<p class=\"link-more\"><a href=\"https:\/\/profsenligne.net\/index.php\/ps-3\/\" class=\"more-link\">Continue reading<span class=\"screen-reader-text\"> &#8220;PS&#8221;<\/span><\/a><\/p>\n","protected":false},"author":2,"featured_media":0,"parent":0,"menu_order":0,"comment_status":"closed","ping_status":"closed","template":"","meta":{"footnotes":""},"_links":{"self":[{"href":"https:\/\/profsenligne.net\/index.php\/wp-json\/wp\/v2\/pages\/363"}],"collection":[{"href":"https:\/\/profsenligne.net\/index.php\/wp-json\/wp\/v2\/pages"}],"about":[{"href":"https:\/\/profsenligne.net\/index.php\/wp-json\/wp\/v2\/types\/page"}],"author":[{"embeddable":true,"href":"https:\/\/profsenligne.net\/index.php\/wp-json\/wp\/v2\/users\/2"}],"replies":[{"embeddable":true,"href":"https:\/\/profsenligne.net\/index.php\/wp-json\/wp\/v2\/comments?post=363"}],"version-history":[{"count":5,"href":"https:\/\/profsenligne.net\/index.php\/wp-json\/wp\/v2\/pages\/363\/revisions"}],"predecessor-version":[{"id":1893,"href":"https:\/\/profsenligne.net\/index.php\/wp-json\/wp\/v2\/pages\/363\/revisions\/1893"}],"wp:attachment":[{"href":"https:\/\/profsenligne.net\/index.php\/wp-json\/wp\/v2\/media?parent=363"}],"curies":[{"name":"wp","href":"https:\/\/api.w.org\/{rel}","templated":true}]}}