{"id":360,"date":"2020-03-22T19:48:34","date_gmt":"2020-03-22T18:48:34","guid":{"rendered":"http:\/\/profsenligne.free.fr\/?page_id=360"},"modified":"2020-04-09T05:55:16","modified_gmt":"2020-04-09T09:55:16","slug":"ce2c-2","status":"publish","type":"page","link":"https:\/\/profsenligne.net\/index.php\/ce2c-2\/","title":{"rendered":"CE2C"},"content":{"rendered":"\n<p>Aujourd&#8217;hui, votre ma\u00eetresse vous propose de autres cours vid\u00e9os :<\/p>\n\n\n\n<figure class=\"wp-block-embed-youtube wp-block-embed is-type-video is-provider-youtube wp-embed-aspect-16-9 wp-has-aspect-ratio\"><div class=\"wp-block-embed__wrapper\">\n<iframe loading=\"lazy\" title=\"CE2 - La contenance, la capacit\u00e9\" width=\"500\" height=\"281\" src=\"https:\/\/www.youtube.com\/embed\/TBFnLoe_wQg?feature=oembed\" frameborder=\"0\" allow=\"accelerometer; autoplay; clipboard-write; encrypted-media; gyroscope; picture-in-picture; web-share\" referrerpolicy=\"strict-origin-when-cross-origin\" allowfullscreen><\/iframe>\n<\/div><\/figure>\n\n\n\n<figure class=\"wp-block-embed-youtube wp-block-embed is-type-video is-provider-youtube wp-embed-aspect-16-9 wp-has-aspect-ratio\"><div class=\"wp-block-embed__wrapper\">\n<iframe loading=\"lazy\" title=\"Tableau de conversion, contenance\" width=\"500\" height=\"281\" src=\"https:\/\/www.youtube.com\/embed\/Iesjc8QkeNA?feature=oembed\" frameborder=\"0\" allow=\"accelerometer; autoplay; clipboard-write; encrypted-media; gyroscope; picture-in-picture; web-share\" referrerpolicy=\"strict-origin-when-cross-origin\" allowfullscreen><\/iframe>\n<\/div><\/figure>\n\n\n\n<hr class=\"wp-block-separator\"\/>\n\n\n\n<p>Ma\u00eetresse<strong> Mich\u00e8le<\/strong> vous pr\u00e9sente sa premi\u00e8re le\u00e7on de conjugaison qu&#8217;elle a enregistr\u00e9e :<\/p>\n\n\n\n<p><strong>Conjugaison<\/strong><\/p>\n\n\n\n<figure class=\"wp-block-embed-youtube wp-block-embed is-type-video is-provider-youtube wp-embed-aspect-16-9 wp-has-aspect-ratio\"><div class=\"wp-block-embed__wrapper\">\n<iframe loading=\"lazy\" title=\"Conjugaison - L&#039;imparfait - CE2 C\" width=\"500\" height=\"281\" src=\"https:\/\/www.youtube.com\/embed\/JZUJZDIwr5U?feature=oembed\" frameborder=\"0\" allow=\"accelerometer; autoplay; clipboard-write; encrypted-media; gyroscope; picture-in-picture; web-share\" referrerpolicy=\"strict-origin-when-cross-origin\" allowfullscreen><\/iframe>\n<\/div><figcaption>Imparfait de l&#8217;indicatif<\/figcaption><\/figure>\n\n\n\n<hr class=\"wp-block-separator\"\/>\n\n\n\n<p>Emploi du temps de la p\u00e9riode de la ma\u00eetresse <strong>Mich\u00e8le<\/strong> :<\/p>\n\n\n\n<div class=\"wp-block-buttons is-layout-flex wp-block-buttons-is-layout-flex\">\n<div class=\"wp-block-button\"><a class=\"wp-block-button__link has-text-color has-very-light-gray-color has-background has-luminous-vivid-amber-background-color\" href=\"\/wp-content\/uploads\/mars2020\/Docs\/EG\/CE2C\/Emploi_du_temps.pdf\">Emploi du temps -&gt; 8 avril<\/a><\/div>\n<\/div>\n\n\n\n<p>Elle vous propose les exercices suivants :<\/p>\n\n\n\n<p><strong>Lecture<\/strong><\/p>\n\n\n\n<div class=\"wp-block-buttons is-layout-flex wp-block-buttons-is-layout-flex\">\n<div class=\"wp-block-button\"><a class=\"wp-block-button__link has-text-color has-very-light-gray-color has-background has-vivid-cyan-blue-background-color\" href=\"\/wp-content\/uploads\/mars2020\/Docs\/EG\/CE2C\/Pochette5_Lect1.pdf\">Lecture 1<\/a><\/div>\n\n\n\n<div class=\"wp-block-button is-style-fill\"><a class=\"wp-block-button__link has-text-color has-very-light-gray-color has-background has-vivid-cyan-blue-background-color\" href=\"\/wp-content\/uploads\/mars2020\/Docs\/EG\/CE2C\/Pochette5_Lect2.pdf\">Lecture 2<\/a><\/div>\n<\/div>\n\n\n\n<p><strong>Grammaire<\/strong><\/p>\n\n\n\n<div class=\"wp-block-buttons is-layout-flex wp-block-buttons-is-layout-flex\">\n<div class=\"wp-block-button\"><a class=\"wp-block-button__link has-text-color has-very-light-gray-color has-background has-vivid-cyan-blue-background-color\" href=\"\/wp-content\/uploads\/mars2020\/Docs\/EG\/CE2C\/Pochette4_Gram_rituel.pdf\">Rituel<\/a><\/div>\n\n\n\n<div class=\"wp-block-button is-style-fill\"><a class=\"wp-block-button__link has-text-color has-very-light-gray-color has-background has-vivid-cyan-blue-background-color\" href=\"\/wp-content\/uploads\/mars2020\/Docs\/EG\/CE2C\/Pochette4_Gram1.pdf\">Fiche 1<\/a><\/div>\n\n\n\n<div class=\"wp-block-button is-style-fill\"><a class=\"wp-block-button__link has-text-color has-very-light-gray-color has-background has-vivid-cyan-blue-background-color\" href=\"\/wp-content\/uploads\/mars2020\/Docs\/EG\/CE2C\/Pochette4_Gram2.pdf\">Grammaire 2<\/a><\/div>\n<\/div>\n\n\n\n<p><strong>Conjugaison<\/strong><\/p>\n\n\n\n<div class=\"wp-block-buttons is-layout-flex wp-block-buttons-is-layout-flex\">\n<div class=\"wp-block-button\"><a class=\"wp-block-button__link has-text-color has-very-light-gray-color has-background has-vivid-cyan-blue-background-color\" href=\"\/wp-content\/uploads\/mars2020\/Docs\/EG\/CE2C\/Pochette4_Conj.pdf\">Fiche<\/a><\/div>\n<\/div>\n\n\n\n<p><strong>Orthographe<\/strong><\/p>\n\n\n\n<div class=\"wp-block-buttons is-layout-flex wp-block-buttons-is-layout-flex\">\n<div class=\"wp-block-button\"><a class=\"wp-block-button__link has-text-color has-very-light-gray-color has-background has-vivid-cyan-blue-background-color\" href=\"\/wp-content\/uploads\/mars2020\/Docs\/EG\/CE2C\/Pochette2_Sem.pdf\">Fiche<\/a><\/div>\n<\/div>\n\n\n\n<p><strong>Math\u00e9matiques<\/strong><\/p>\n\n\n\n<div class=\"wp-block-buttons is-layout-flex wp-block-buttons-is-layout-flex\">\n<div class=\"wp-block-button\"><a class=\"wp-block-button__link has-text-color has-very-light-gray-color has-background has-vivid-cyan-blue-background-color\" href=\"\/wp-content\/uploads\/mars2020\/Docs\/EG\/CE2C\/Pochette1_Calcul.pdf\">Calcul<\/a><\/div>\n\n\n\n<div class=\"wp-block-button is-style-fill\"><a class=\"wp-block-button__link has-text-color has-very-light-gray-color has-background has-vivid-cyan-blue-background-color\" href=\"\/wp-content\/uploads\/mars2020\/Docs\/EG\/CE2C\/Pochette1_Num.pdf\">Num\u00e9ration<\/a><\/div>\n\n\n\n<div class=\"wp-block-button is-style-fill\"><a class=\"wp-block-button__link has-text-color has-very-light-gray-color has-background has-vivid-cyan-blue-background-color\" href=\"\/wp-content\/uploads\/mars2020\/Docs\/EG\/CE2C\/Pochette3_tablesX_rituel.pdf\">Tables de multiplication<\/a><\/div>\n<\/div>\n\n\n\n<hr class=\"wp-block-separator\"\/>\n","protected":false},"excerpt":{"rendered":"<p>Aujourd&#8217;hui, votre ma\u00eetresse vous propose de autres cours vid\u00e9os : Ma\u00eetresse Mich\u00e8le vous pr\u00e9sente sa premi\u00e8re le\u00e7on de conjugaison qu&#8217;elle a enregistr\u00e9e : Conjugaison Emploi du temps de la p\u00e9riode de la ma\u00eetresse Mich\u00e8le : Elle vous propose les exercices suivants : Lecture Grammaire Conjugaison Orthographe Math\u00e9matiques<\/p>\n","protected":false},"author":2,"featured_media":0,"parent":0,"menu_order":0,"comment_status":"closed","ping_status":"closed","template":"","meta":{"footnotes":""},"_links":{"self":[{"href":"https:\/\/profsenligne.net\/index.php\/wp-json\/wp\/v2\/pages\/360"}],"collection":[{"href":"https:\/\/profsenligne.net\/index.php\/wp-json\/wp\/v2\/pages"}],"about":[{"href":"https:\/\/profsenligne.net\/index.php\/wp-json\/wp\/v2\/types\/page"}],"author":[{"embeddable":true,"href":"https:\/\/profsenligne.net\/index.php\/wp-json\/wp\/v2\/users\/2"}],"replies":[{"embeddable":true,"href":"https:\/\/profsenligne.net\/index.php\/wp-json\/wp\/v2\/comments?post=360"}],"version-history":[{"count":3,"href":"https:\/\/profsenligne.net\/index.php\/wp-json\/wp\/v2\/pages\/360\/revisions"}],"predecessor-version":[{"id":1869,"href":"https:\/\/profsenligne.net\/index.php\/wp-json\/wp\/v2\/pages\/360\/revisions\/1869"}],"wp:attachment":[{"href":"https:\/\/profsenligne.net\/index.php\/wp-json\/wp\/v2\/media?parent=360"}],"curies":[{"name":"wp","href":"https:\/\/api.w.org\/{rel}","templated":true}]}}