{"id":3591,"date":"2020-06-15T20:28:25","date_gmt":"2020-06-16T00:28:25","guid":{"rendered":"https:\/\/profsenligne.net\/?page_id=3591"},"modified":"2020-06-19T08:48:48","modified_gmt":"2020-06-19T12:48:48","slug":"cm2-5","status":"publish","type":"page","link":"https:\/\/profsenligne.net\/index.php\/cm2-5\/","title":{"rendered":"CM2"},"content":{"rendered":"\n<p><strong>Sonia<\/strong>, professeur des \u00e9coles et r\u00e9f\u00e9rente math\u00e9matiques vous a pr\u00e9par\u00e9 des activit\u00e9s \u00e0 r\u00e9aliser dans une classe de CM2 :<\/p>\n\n\n\n<p class=\"has-medium-font-size\"><strong>Programme du 22 au 26 juin<\/strong><\/p>\n\n\n\n<div class=\"wp-block-buttons is-layout-flex wp-block-buttons-is-layout-flex\">\n<div class=\"wp-block-button\"><a class=\"wp-block-button__link has-text-color has-very-light-gray-color has-background has-vivid-cyan-blue-background-color\" href=\"\/wp-content\/uploads\/juin2020\/EMF\/Rachel\/Livret_eleve.pdf\">Livret de l&#8217;\u00e9l\u00e8ve<\/a><\/div>\n\n\n\n<div class=\"wp-block-button is-style-outline\"><a class=\"wp-block-button__link has-text-color has-very-light-gray-color has-background has-vivid-green-cyan-background-color\" href=\"\/wp-content\/uploads\/juin2020\/EMF\/Rachel\/Livret_maitre.pdf\">Livret du ma\u00eetre<\/a><\/div>\n<\/div>\n\n\n\n<hr class=\"wp-block-separator\"\/>\n\n\n\n<div class=\"wp-block-buttons is-layout-flex wp-block-buttons-is-layout-flex\">\n<div class=\"wp-block-button\"><a class=\"wp-block-button__link has-text-color has-very-light-gray-color has-background has-luminous-vivid-amber-background-color\" href=\"\/wp-content\/uploads\/juin2020\/EMF\/Rachel\/Prog_15_19.pdf\">Programme du 15 au 19 juin<\/a><\/div>\n<\/div>\n\n\n\n<p><\/p>\n\n\n\n<div class=\"wp-block-buttons is-layout-flex wp-block-buttons-is-layout-flex\">\n<div class=\"wp-block-button\"><a class=\"wp-block-button__link has-text-color has-very-light-gray-color has-background has-vivid-purple-background-color\" href=\"\/wp-content\/uploads\/juin2020\/EMF\/Rachel\/Bataille_navale2.pdf\">La bataille navale<\/a><\/div>\n<\/div>\n\n\n\n<div class=\"wp-block-buttons is-layout-flex wp-block-buttons-is-layout-flex\">\n<div class=\"wp-block-button\"><a class=\"wp-block-button__link has-text-color has-very-light-gray-color has-background has-luminous-vivid-orange-background-color\" href=\"\/wp-content\/uploads\/juin2020\/EMF\/Rachel\/Calculus.pdf\">Calculus<\/a><\/div>\n\n\n\n<div class=\"wp-block-button is-style-outline\"><a class=\"wp-block-button__link has-text-color has-very-light-gray-color has-background has-luminous-vivid-orange-background-color\" href=\"\/wp-content\/uploads\/juin2020\/EMF\/Rachel\/Chronomath.pdf\">Chronomath<\/a><\/div>\n<\/div>\n\n\n\n<div class=\"wp-block-buttons is-layout-flex wp-block-buttons-is-layout-flex\">\n<div class=\"wp-block-button\"><a class=\"wp-block-button__link has-text-color has-very-light-gray-color has-background has-luminous-vivid-amber-background-color\" href=\"\/wp-content\/uploads\/juin2020\/EMF\/Rachel\/Prob_espace.pdf\">Probl\u00e8mes : mission spacial<\/a><\/div>\n\n\n\n<div class=\"wp-block-button is-style-outline\"><a class=\"wp-block-button__link has-text-color has-very-light-gray-color has-background has-luminous-vivid-amber-background-color\" href=\"\/wp-content\/uploads\/juin2020\/EMF\/Rachel\/Pays_tresor.pdf\">Le pays du tr\u00e9sor<\/a><\/div>\n<\/div>\n\n\n\n<div class=\"wp-block-buttons is-layout-flex wp-block-buttons-is-layout-flex\">\n<div class=\"wp-block-button\"><a class=\"wp-block-button__link has-text-color has-very-light-gray-color has-background has-vivid-cyan-blue-background-color\" href=\"\/wp-content\/uploads\/juin2020\/EMF\/Rachel\/Hist_mesures2.pdf\">Histoires de mesures<\/a><\/div>\n<\/div>\n\n\n\n<div class=\"wp-block-buttons is-layout-flex wp-block-buttons-is-layout-flex\">\n<div class=\"wp-block-button\"><a class=\"wp-block-button__link has-text-color has-very-light-gray-color has-background has-vivid-green-cyan-background-color\" href=\"\/wp-content\/uploads\/juin2020\/EMF\/Rachel\/Geom_triangle_lecon.pdf\">Le\u00e7on : Comment tracer un triangle<\/a><\/div>\n<\/div>\n\n\n\n<p><\/p>\n\n\n\n<hr class=\"wp-block-separator\"\/>\n","protected":false},"excerpt":{"rendered":"<p>Sonia, professeur des \u00e9coles et r\u00e9f\u00e9rente math\u00e9matiques vous a pr\u00e9par\u00e9 des activit\u00e9s \u00e0 r\u00e9aliser dans une classe de CM2 : Programme du 22 au 26 juin<\/p>\n","protected":false},"author":2,"featured_media":0,"parent":0,"menu_order":0,"comment_status":"closed","ping_status":"closed","template":"","meta":{"footnotes":""},"_links":{"self":[{"href":"https:\/\/profsenligne.net\/index.php\/wp-json\/wp\/v2\/pages\/3591"}],"collection":[{"href":"https:\/\/profsenligne.net\/index.php\/wp-json\/wp\/v2\/pages"}],"about":[{"href":"https:\/\/profsenligne.net\/index.php\/wp-json\/wp\/v2\/types\/page"}],"author":[{"embeddable":true,"href":"https:\/\/profsenligne.net\/index.php\/wp-json\/wp\/v2\/users\/2"}],"replies":[{"embeddable":true,"href":"https:\/\/profsenligne.net\/index.php\/wp-json\/wp\/v2\/comments?post=3591"}],"version-history":[{"count":10,"href":"https:\/\/profsenligne.net\/index.php\/wp-json\/wp\/v2\/pages\/3591\/revisions"}],"predecessor-version":[{"id":3636,"href":"https:\/\/profsenligne.net\/index.php\/wp-json\/wp\/v2\/pages\/3591\/revisions\/3636"}],"wp:attachment":[{"href":"https:\/\/profsenligne.net\/index.php\/wp-json\/wp\/v2\/media?parent=3591"}],"curies":[{"name":"wp","href":"https:\/\/api.w.org\/{rel}","templated":true}]}}