{"id":353,"date":"2020-03-22T18:30:06","date_gmt":"2020-03-22T17:30:06","guid":{"rendered":"http:\/\/profsenligne.free.fr\/?page_id=353"},"modified":"2020-04-23T16:02:21","modified_gmt":"2020-04-23T20:02:21","slug":"cm","status":"publish","type":"page","link":"https:\/\/profsenligne.net\/index.php\/cm\/","title":{"rendered":"CM2A"},"content":{"rendered":"\n<p>Cette semaine, votre ma\u00eetresse vous transmet le travail \u00e0 faire avec ses corrections:<\/p>\n\n\n\n<p class=\"has-medium-font-size\"><strong>Fran\u00e7ais<\/strong><\/p>\n\n\n\n<div class=\"wp-block-buttons is-layout-flex wp-block-buttons-is-layout-flex\">\n<div class=\"wp-block-button\"><a class=\"wp-block-button__link has-text-color has-very-light-gray-color has-background has-vivid-cyan-blue-background-color\" href=\"\/wp-content\/uploads\/avril2020\/ARR\/CM2A\/Lect_compr.pdf\">Lecture- Compr\u00e9hension<\/a><\/div>\n\n\n\n<div class=\"wp-block-button is-style-outline\"><a class=\"wp-block-button__link has-text-color has-very-light-gray-color has-background has-pale-cyan-blue-background-color\" href=\"\/wp-content\/uploads\/avril2020\/ARR\/CM2A\/Qu_corr.pdf\">Correction<\/a><\/div>\n<\/div>\n\n\n\n<p><\/p>\n\n\n\n<p class=\"has-medium-font-size\"><strong>Math\u00e9matiques<\/strong><\/p>\n\n\n\n<p><\/p>\n\n\n\n<div class=\"wp-block-buttons is-layout-flex wp-block-buttons-is-layout-flex\">\n<div class=\"wp-block-button\"><a class=\"wp-block-button__link has-text-color has-very-light-gray-color has-background has-vivid-cyan-blue-background-color\" href=\"\/wp-content\/uploads\/avril2020\/ARR\/CM2A\/Maths.pdf\">Num\u00e9ration<\/a><\/div>\n\n\n\n<div class=\"wp-block-button is-style-outline\"><a class=\"wp-block-button__link has-text-color has-very-light-gray-color has-background has-pale-cyan-blue-background-color\" href=\"\/wp-content\/uploads\/avril2020\/ARR\/CM2A\/Maths_corr.pdf\">Correction<\/a><\/div>\n<\/div>\n\n\n\n<p><\/p>\n\n\n\n<hr class=\"wp-block-separator\"\/>\n\n\n\n<p>D\u00e9couvrez cette semaine les activit\u00e9s que vous propose votre ma\u00eetresse <strong>Marie-France<\/strong> :<\/p>\n\n\n\n<p class=\"has-medium-font-size\"><strong>Fran\u00e7ais<\/strong><\/p>\n\n\n\n<p><strong>Production \u00e9crite<\/strong><\/p>\n\n\n\n<div class=\"wp-block-buttons is-layout-flex wp-block-buttons-is-layout-flex\">\n<div class=\"wp-block-button\"><a class=\"wp-block-button__link has-background has-vivid-cyan-blue-background-color\" href=\"\/wp-content\/uploads\/avril2020\/ARR\/CM2A\/Exo_fr.pdf\">L&#8217;ordre dans la phrase<\/a><\/div>\n\n\n\n<div class=\"wp-block-button is-style-fill\"><a class=\"wp-block-button__link has-text-color has-very-light-gray-color has-background has-vivid-green-cyan-background-color\" href=\"\/wp-content\/uploads\/avril2020\/ARR\/CM2A\/Exo_fr_corr.pdf\">Correction<\/a><\/div>\n<\/div>\n\n\n\n<p><\/p>\n\n\n\n<p class=\"has-medium-font-size\"><strong>Math\u00e9matiques<\/strong><\/p>\n\n\n\n<p><strong>Les triangles<\/strong><\/p>\n\n\n\n<div class=\"wp-block-buttons is-layout-flex wp-block-buttons-is-layout-flex\">\n<div class=\"wp-block-button is-style-fill\"><a class=\"wp-block-button__link has-text-color has-very-light-gray-color has-background has-vivid-cyan-blue-background-color\" href=\"\/wp-content\/uploads\/avril2020\/ARR\/CM2A\/Exo_triangles.pdf\">Exercices<\/a><\/div>\n\n\n\n<div class=\"wp-block-button is-style-fill\"><a class=\"wp-block-button__link has-text-color has-very-light-gray-color has-background has-vivid-green-cyan-background-color\" href=\"\/wp-content\/uploads\/avril2020\/ARR\/CM2A\/Exo_triangles_corr.pdf\">Correction<\/a><\/div>\n<\/div>\n\n\n\n<p><strong>L&#8217;heure<\/strong><\/p>\n\n\n\n<div class=\"wp-block-buttons is-layout-flex wp-block-buttons-is-layout-flex\">\n<div class=\"wp-block-button\"><a class=\"wp-block-button__link has-text-color has-very-light-gray-color has-background has-vivid-cyan-blue-background-color\" href=\"\/wp-content\/uploads\/avril2020\/ARR\/CM2A\/Rappel_corr.pdf\">Rappel<\/a><\/div>\n\n\n\n<div class=\"wp-block-button is-style-fill\"><a class=\"wp-block-button__link has-text-color has-very-light-gray-color has-background has-vivid-cyan-blue-background-color\" href=\"\/wp-content\/uploads\/avril2020\/ARR\/CM2A\/Exo_heure.pdf\">Exercices<\/a><\/div>\n\n\n\n<div class=\"wp-block-button is-style-fill\"><a class=\"wp-block-button__link has-text-color has-very-light-gray-color has-background has-vivid-green-cyan-background-color\" href=\"\/wp-content\/uploads\/avril2020\/ARR\/CM2A\/Exo_heure_corr.pdf\">Correction<\/a><\/div>\n<\/div>\n\n\n\n<p><strong>Les fractions<\/strong><\/p>\n\n\n\n<div class=\"wp-block-buttons is-layout-flex wp-block-buttons-is-layout-flex\">\n<div class=\"wp-block-button\"><a class=\"wp-block-button__link has-text-color has-very-light-gray-color has-background has-vivid-cyan-blue-background-color\" href=\"\/wp-content\/uploads\/avril2020\/ARR\/CM2A\/Exo_fractions.pdf\">Exercices<\/a><\/div>\n\n\n\n<div class=\"wp-block-button is-style-fill\"><a class=\"wp-block-button__link has-text-color has-very-light-gray-color has-background has-vivid-green-cyan-background-color\" href=\"\/wp-content\/uploads\/avril2020\/ARR\/CM2A\/Exo_fractions_corr.pdf\">Correction<\/a><\/div>\n<\/div>\n\n\n\n<hr class=\"wp-block-separator\"\/>\n\n\n\n<p>Voici d&#8217;autres activit\u00e9s que votre ma\u00eetresse vous pr\u00e9sente :<\/p>\n\n\n\n<p><strong>Conjugaison<\/strong><\/p>\n\n\n\n<div class=\"wp-block-buttons is-layout-flex wp-block-buttons-is-layout-flex\">\n<div class=\"wp-block-button\"><a class=\"wp-block-button__link has-text-color has-very-light-gray-color has-background has-vivid-cyan-blue-background-color\" href=\"\/wp-content\/uploads\/mars2020\/Docs\/ARR\/CM2A\/Conj_imp2.pdf\">Imparfait de l&#8217;indicatif<\/a><\/div>\n\n\n\n<div class=\"wp-block-button is-style-fill\"><a class=\"wp-block-button__link has-text-color has-very-light-gray-color has-background has-vivid-green-cyan-background-color\" href=\"\/wp-content\/uploads\/mars2020\/Docs\/ARR\/CM2A\/Conj_imp2_corr.pdf\">Correction<\/a><\/div>\n<\/div>\n\n\n\n<div class=\"wp-block-group\"><div class=\"wp-block-group__inner-container is-layout-flow wp-block-group-is-layout-flow\">\n<hr class=\"wp-block-separator\"\/>\n<\/div><\/div>\n\n\n\n<p>Ma\u00eetresse <strong>Marie-France<\/strong> vous propose les exercices suivants avec leur corrig\u00e9 :<\/p>\n\n\n\n<div class=\"wp-block-buttons is-layout-flex wp-block-buttons-is-layout-flex\">\n<div class=\"wp-block-button\"><a class=\"wp-block-button__link has-text-color has-very-light-gray-color has-background has-vivid-cyan-blue-background-color\" href=\"\/wp-content\/uploads\/mars2020\/Docs\/ARR\/CM2A\/Exercices.pdf\">Exercices<\/a><\/div>\n\n\n\n<div class=\"wp-block-button is-style-fill\"><a class=\"wp-block-button__link has-text-color has-very-light-gray-color has-background has-vivid-green-cyan-background-color\" href=\"\/wp-content\/uploads\/mars2020\/Docs\/ARR\/CM2A\/Correction.pdf\">Correction<\/a><\/div>\n<\/div>\n\n\n\n<hr class=\"wp-block-separator\"\/>\n","protected":false},"excerpt":{"rendered":"<p>Cette semaine, votre ma\u00eetresse vous transmet le travail \u00e0 faire avec ses corrections: Fran\u00e7ais Math\u00e9matiques D\u00e9couvrez cette semaine les activit\u00e9s que vous propose votre ma\u00eetresse Marie-France : Fran\u00e7ais Production \u00e9crite Math\u00e9matiques Les triangles L&#8217;heure Les fractions Voici d&#8217;autres activit\u00e9s que votre ma\u00eetresse vous pr\u00e9sente : Conjugaison Ma\u00eetresse Marie-France vous propose les exercices suivants avec leur &hellip; <\/p>\n<p class=\"link-more\"><a href=\"https:\/\/profsenligne.net\/index.php\/cm\/\" class=\"more-link\">Continue reading<span class=\"screen-reader-text\"> &#8220;CM2A&#8221;<\/span><\/a><\/p>\n","protected":false},"author":2,"featured_media":0,"parent":0,"menu_order":0,"comment_status":"closed","ping_status":"closed","template":"","meta":{"footnotes":""},"_links":{"self":[{"href":"https:\/\/profsenligne.net\/index.php\/wp-json\/wp\/v2\/pages\/353"}],"collection":[{"href":"https:\/\/profsenligne.net\/index.php\/wp-json\/wp\/v2\/pages"}],"about":[{"href":"https:\/\/profsenligne.net\/index.php\/wp-json\/wp\/v2\/types\/page"}],"author":[{"embeddable":true,"href":"https:\/\/profsenligne.net\/index.php\/wp-json\/wp\/v2\/users\/2"}],"replies":[{"embeddable":true,"href":"https:\/\/profsenligne.net\/index.php\/wp-json\/wp\/v2\/comments?post=353"}],"version-history":[{"count":16,"href":"https:\/\/profsenligne.net\/index.php\/wp-json\/wp\/v2\/pages\/353\/revisions"}],"predecessor-version":[{"id":2198,"href":"https:\/\/profsenligne.net\/index.php\/wp-json\/wp\/v2\/pages\/353\/revisions\/2198"}],"wp:attachment":[{"href":"https:\/\/profsenligne.net\/index.php\/wp-json\/wp\/v2\/media?parent=353"}],"curies":[{"name":"wp","href":"https:\/\/api.w.org\/{rel}","templated":true}]}}