{"id":3517,"date":"2020-06-11T00:06:15","date_gmt":"2020-06-11T04:06:15","guid":{"rendered":"https:\/\/profsenligne.net\/?page_id=3517"},"modified":"2020-06-11T00:06:15","modified_gmt":"2020-06-11T04:06:15","slug":"juin-2020","status":"publish","type":"page","link":"https:\/\/profsenligne.net\/index.php\/juin-2020\/","title":{"rendered":"Juin 2020"},"content":{"rendered":"\n<p>Un programme sp\u00e9cialement pr\u00e9par\u00e9 par nos r\u00e9f\u00e9rences de math\u00e9matiques pour la p\u00e9riode de juin.<\/p>\n","protected":false},"excerpt":{"rendered":"<p>Un programme sp\u00e9cialement pr\u00e9par\u00e9 par nos r\u00e9f\u00e9rences de math\u00e9matiques pour la p\u00e9riode de juin.<\/p>\n","protected":false},"author":2,"featured_media":0,"parent":0,"menu_order":0,"comment_status":"closed","ping_status":"closed","template":"","meta":{"footnotes":""},"_links":{"self":[{"href":"https:\/\/profsenligne.net\/index.php\/wp-json\/wp\/v2\/pages\/3517"}],"collection":[{"href":"https:\/\/profsenligne.net\/index.php\/wp-json\/wp\/v2\/pages"}],"about":[{"href":"https:\/\/profsenligne.net\/index.php\/wp-json\/wp\/v2\/types\/page"}],"author":[{"embeddable":true,"href":"https:\/\/profsenligne.net\/index.php\/wp-json\/wp\/v2\/users\/2"}],"replies":[{"embeddable":true,"href":"https:\/\/profsenligne.net\/index.php\/wp-json\/wp\/v2\/comments?post=3517"}],"version-history":[{"count":1,"href":"https:\/\/profsenligne.net\/index.php\/wp-json\/wp\/v2\/pages\/3517\/revisions"}],"predecessor-version":[{"id":3518,"href":"https:\/\/profsenligne.net\/index.php\/wp-json\/wp\/v2\/pages\/3517\/revisions\/3518"}],"wp:attachment":[{"href":"https:\/\/profsenligne.net\/index.php\/wp-json\/wp\/v2\/media?parent=3517"}],"curies":[{"name":"wp","href":"https:\/\/api.w.org\/{rel}","templated":true}]}}