{"id":3512,"date":"2020-06-11T00:01:23","date_gmt":"2020-06-11T04:01:23","guid":{"rendered":"https:\/\/profsenligne.net\/?page_id=3512"},"modified":"2020-06-11T00:01:23","modified_gmt":"2020-06-11T04:01:23","slug":"speciale-maths","status":"publish","type":"page","link":"https:\/\/profsenligne.net\/index.php\/speciale-maths\/","title":{"rendered":"Sp\u00e9ciale Maths"},"content":{"rendered":"\n<p>Un programme de math\u00e9matiques sp\u00e9cialement pr\u00e9par\u00e9 par nos r\u00e9f\u00e9rences de math\u00e9matiques.<\/p>\n","protected":false},"excerpt":{"rendered":"<p>Un programme de math\u00e9matiques sp\u00e9cialement pr\u00e9par\u00e9 par nos r\u00e9f\u00e9rences de math\u00e9matiques.<\/p>\n","protected":false},"author":2,"featured_media":0,"parent":0,"menu_order":0,"comment_status":"closed","ping_status":"closed","template":"","meta":{"footnotes":""},"_links":{"self":[{"href":"https:\/\/profsenligne.net\/index.php\/wp-json\/wp\/v2\/pages\/3512"}],"collection":[{"href":"https:\/\/profsenligne.net\/index.php\/wp-json\/wp\/v2\/pages"}],"about":[{"href":"https:\/\/profsenligne.net\/index.php\/wp-json\/wp\/v2\/types\/page"}],"author":[{"embeddable":true,"href":"https:\/\/profsenligne.net\/index.php\/wp-json\/wp\/v2\/users\/2"}],"replies":[{"embeddable":true,"href":"https:\/\/profsenligne.net\/index.php\/wp-json\/wp\/v2\/comments?post=3512"}],"version-history":[{"count":1,"href":"https:\/\/profsenligne.net\/index.php\/wp-json\/wp\/v2\/pages\/3512\/revisions"}],"predecessor-version":[{"id":3513,"href":"https:\/\/profsenligne.net\/index.php\/wp-json\/wp\/v2\/pages\/3512\/revisions\/3513"}],"wp:attachment":[{"href":"https:\/\/profsenligne.net\/index.php\/wp-json\/wp\/v2\/media?parent=3512"}],"curies":[{"name":"wp","href":"https:\/\/api.w.org\/{rel}","templated":true}]}}