{"id":3491,"date":"2020-06-10T22:57:11","date_gmt":"2020-06-11T02:57:11","guid":{"rendered":"https:\/\/profsenligne.net\/?page_id=3491"},"modified":"2020-06-11T00:04:55","modified_gmt":"2020-06-11T04:04:55","slug":"speciale-maths-juin-2020","status":"publish","type":"page","link":"https:\/\/profsenligne.net\/index.php\/speciale-maths-juin-2020\/","title":{"rendered":"CP\/CE1"},"content":{"rendered":"\n<p>Voici le programme de CE1 propos\u00e9 par les r\u00e9f\u00e9rentes math\u00e9matiques <strong>St\u00e9phanie<\/strong> et <strong>Sonia<\/strong> ainsi que les activit\u00e9s qui s&#8217;y rapportent  pour cette p\u00e9riode de juin :<\/p>\n\n\n\n<div class=\"wp-block-buttons is-layout-flex wp-block-buttons-is-layout-flex\">\n<div class=\"wp-block-button\"><a class=\"wp-block-button__link has-text-color has-very-light-gray-color has-background has-vivid-purple-background-color\" href=\"\/wp-content\/uploads\/juin2020\/EMF\/Maths\/Prog_maths_cp_ce1_11_au_19_06\">Programme de maths CP\/CE1 du 11 au 19 juin<\/a><\/div>\n<\/div>\n\n\n\n<p><\/p>\n\n\n\n<p class=\"has-medium-font-size\"><strong>Le\u00e7ons<\/strong><\/p>\n\n\n\n<div class=\"wp-block-buttons is-layout-flex wp-block-buttons-is-layout-flex\">\n<div class=\"wp-block-button\"><a class=\"wp-block-button__link has-text-color has-very-light-gray-color has-background has-vivid-green-cyan-background-color\" href=\"\/wp-content\/uploads\/juin2020\/EMF\/Maths\/Lecons\/Lecon1_Nombres100.pdf\">Le\u00e7on 1 : les nombres jusqu&#8217;\u00e0 100<\/a><\/div>\n\n\n\n<div class=\"wp-block-button is-style-outline\"><a class=\"wp-block-button__link has-text-color has-very-light-gray-color has-background has-vivid-green-cyan-background-color\" href=\"\/wp-content\/uploads\/juin2020\/EMF\/Maths\/Lecons\/Lecon2_decomposer.pdf\">Le\u00e7on 2 : comprendre les nombres<\/a><\/div>\n\n\n\n<div class=\"wp-block-button is-style-outline\"><a class=\"wp-block-button__link has-text-color has-very-light-gray-color has-background has-vivid-green-cyan-background-color\" href=\"\/wp-content\/uploads\/juin2020\/EMF\/Maths\/Lecons\/Lecon3_formes_geom.pdf\">Le\u00e7on 3 : les figures g\u00e9om\u00e9triques<\/a><\/div>\n\n\n\n<div class=\"wp-block-button is-style-outline\"><a class=\"wp-block-button__link has-text-color has-very-light-gray-color has-background has-vivid-green-cyan-background-color\" href=\"\/wp-content\/uploads\/juin2020\/EMF\/Maths\/Lecons\/Lecon4_addition_posee.pdf\">Le\u00e7on 4 : l&#8217;addition pos\u00e9e<\/a><\/div>\n\n\n\n<div class=\"wp-block-button is-style-outline\"><a class=\"wp-block-button__link has-text-color has-very-light-gray-color has-background has-vivid-green-cyan-background-color\" href=\"\/wp-content\/uploads\/juin2020\/EMF\/Maths\/Lecons\/Lecon5_lesunitesdemesures.pdf\">Le\u00e7on 5 : les unit\u00e9s de mesures<\/a><\/div>\n<\/div>\n\n\n\n<div class=\"wp-block-buttons is-layout-flex wp-block-buttons-is-layout-flex\">\n<div class=\"wp-block-button\"><a class=\"wp-block-button__link has-text-color has-very-light-gray-color has-background has-vivid-green-cyan-background-color\" href=\"\/wp-content\/uploads\/juin2020\/EMF\/Maths\/Lecons\/Lecon6_cartede10.pdf\">Le\u00e7on 6 : carte de 10<\/a><\/div>\n\n\n\n<div class=\"wp-block-button is-style-outline\"><a class=\"wp-block-button__link has-text-color has-very-light-gray-color has-background has-vivid-green-cyan-background-color\" href=\"\/wp-content\/uploads\/juin2020\/EMF\/Maths\/Lecons\/Lecon7_cartede60.pdf\">Le\u00e7on 7 : carte de 60<\/a><\/div>\n\n\n\n<div class=\"wp-block-button is-style-outline\"><a class=\"wp-block-button__link has-text-color has-very-light-gray-color has-background has-vivid-green-cyan-background-color\" href=\"\/wp-content\/uploads\/juin2020\/EMF\/Maths\/Lecons\/Lecon8_cartede100.pdf\">Le\u00e7on 8 : carte de 100<\/a><\/div>\n\n\n\n<div class=\"wp-block-button is-style-outline\"><a class=\"wp-block-button__link has-text-color has-very-light-gray-color has-background has-vivid-green-cyan-background-color\" href=\"\/wp-content\/uploads\/juin2020\/EMF\/Maths\/Lecons\/Lecon9_tables_mult.pdf\">Le\u00e7on 9 : les tables de multiplication<\/a><\/div>\n\n\n\n<div class=\"wp-block-button is-style-outline\"><a class=\"wp-block-button__link has-text-color has-very-light-gray-color has-background has-vivid-green-cyan-background-color\" href=\"\/wp-content\/uploads\/juin2020\/EMF\/Maths\/Lecons\/Lecon10_multiplication.pdf\">Le\u00e7on 10 : la multiplication<\/a><\/div>\n<\/div>\n\n\n\n<div class=\"wp-block-buttons is-layout-flex wp-block-buttons-is-layout-flex\">\n<div class=\"wp-block-button\"><a class=\"wp-block-button__link has-text-color has-very-light-gray-color has-background has-vivid-green-cyan-background-color\" href=\"\/wp-content\/uploads\/juin2020\/EMF\/Maths\/Lecons\/Lecon11_soustraction_ss_ret.pdf\">Le\u00e7on 11 : la soustraction sans retenue<\/a><\/div>\n\n\n\n<div class=\"wp-block-button is-style-outline\"><a class=\"wp-block-button__link has-text-color has-very-light-gray-color has-background has-vivid-green-cyan-background-color\" href=\"\/wp-content\/uploads\/juin2020\/EMF\/Maths\/Lecons\/Lecon12_completer_a_100.pdf\">Le\u00e7on 12 : compl\u00e9ter \u00e0 100<\/a><\/div>\n\n\n\n<div class=\"wp-block-button is-style-outline\"><a class=\"wp-block-button__link has-text-color has-very-light-gray-color has-background has-vivid-green-cyan-background-color\" href=\"\/wp-content\/uploads\/juin2020\/EMF\/Maths\/Lecons\/Lecon13_solides.pdf\">Le\u00e7on 13 : les solides<\/a><\/div>\n\n\n\n<div class=\"wp-block-button is-style-outline\"><a class=\"wp-block-button__link has-text-color has-very-light-gray-color has-background has-vivid-green-cyan-background-color\" href=\"\/wp-content\/uploads\/juin2020\/EMF\/Maths\/Lecons\/Lecon14_soustraction_retenue.pdf\">Le\u00e7on 14 : la soustraction avec retenue<\/a><\/div>\n\n\n\n<div class=\"wp-block-button is-style-outline\"><a class=\"wp-block-button__link has-text-color has-very-light-gray-color has-background has-vivid-green-cyan-background-color\" href=\"\/wp-content\/uploads\/juin2020\/EMF\/Maths\/Lecons\/Lecon15_doubles_moities.pdf\">Le\u00e7on 15 : les doubles et moiti\u00e9s<\/a><\/div>\n\n\n\n<div class=\"wp-block-button is-style-outline\"><a class=\"wp-block-button__link has-text-color has-very-light-gray-color has-background has-vivid-green-cyan-background-color\" href=\"\/wp-content\/uploads\/juin2020\/EMF\/Maths\/Lecons\/Lecon16_division.pdf\">Le\u00e7on 16 : la division<\/a><\/div>\n<\/div>\n\n\n\n<p><\/p>\n\n\n\n<div class=\"wp-block-buttons is-layout-flex wp-block-buttons-is-layout-flex\">\n<div class=\"wp-block-button\"><a class=\"wp-block-button__link has-text-color has-very-light-gray-color has-background has-luminous-vivid-orange-background-color\" href=\"\/wp-content\/uploads\/juin2020\/EMF\/Maths\/Activites_fig_creatives.pdf\">Activit\u00e9s figures cr\u00e9atives<\/a><\/div>\n<\/div>\n\n\n\n<div class=\"wp-block-buttons is-layout-flex wp-block-buttons-is-layout-flex\">\n<div class=\"wp-block-button\"><a class=\"wp-block-button__link has-text-color has-very-light-gray-color has-background has-light-green-cyan-background-color\" href=\"\/wp-content\/uploads\/juin2020\/EMF\/Maths\/Chronomath_9.pdf\">Chronomath 9<\/a><\/div>\n<\/div>\n\n\n\n<div class=\"wp-block-buttons is-layout-flex wp-block-buttons-is-layout-flex\">\n<div class=\"wp-block-button\"><a class=\"wp-block-button__link has-text-color has-very-light-gray-color has-background has-vivid-cyan-blue-background-color\" href=\"\/wp-content\/uploads\/juin2020\/EMF\/Maths\/Horodator2.pdf\">Horodator<\/a><\/div>\n\n\n\n<div class=\"wp-block-button is-style-outline\"><a class=\"wp-block-button__link has-text-color has-very-light-gray-color has-background has-pale-cyan-blue-background-color\" href=\"\/wp-content\/uploads\/juin2020\/EMF\/Maths\/Horodator2_corr.pdf\">Correction<\/a><\/div>\n<\/div>\n\n\n\n<div class=\"wp-block-buttons is-layout-flex wp-block-buttons-is-layout-flex\">\n<div class=\"wp-block-button\"><a class=\"wp-block-button__link has-text-color has-very-light-gray-color has-background has-vivid-cyan-blue-background-color\" href=\"\/wp-content\/uploads\/juin2020\/EMF\/Maths\/Pyramide2.pdf\">Pyramide 2<\/a><\/div>\n\n\n\n<div class=\"wp-block-button is-style-outline\"><a class=\"wp-block-button__link has-text-color has-very-light-gray-color has-background has-pale-cyan-blue-background-color\" href=\"\/wp-content\/uploads\/juin2020\/EMF\/Maths\/Pyramide2_corr.pdf\">Correction<\/a><\/div>\n<\/div>\n\n\n\n<p><\/p>\n\n\n\n<p class=\"has-medium-font-size\"><strong>Probl\u00e8mes<\/strong><\/p>\n\n\n\n<div class=\"wp-block-buttons is-layout-flex wp-block-buttons-is-layout-flex\">\n<div class=\"wp-block-button is-style-outline\"><a class=\"wp-block-button__link has-text-color has-very-light-gray-color has-background has-luminous-vivid-amber-background-color\" href=\"\/wp-content\/uploads\/juin2020\/EMF\/Maths\/Resol_pbs_ce1.mp4\">R\u00e9solution de probl\u00e8mes (vid\u00e9o)<\/a><\/div>\n\n\n\n<div class=\"wp-block-button\"><a class=\"wp-block-button__link has-text-color has-very-light-gray-color has-background has-vivid-cyan-blue-background-color\" href=\"\/wp-content\/uploads\/juin2020\/EMF\/Maths\/Resol_pbs.pdf\">R\u00e9solution de probl\u00e8mes<\/a><\/div>\n\n\n\n<div class=\"wp-block-button is-style-outline\"><a class=\"wp-block-button__link has-text-color has-very-light-gray-color has-background has-pale-cyan-blue-background-color\" href=\"\/wp-content\/uploads\/juin2020\/EMF\/Maths\/Resol_pbs_corr.pdf\">Correction<\/a><\/div>\n<\/div>\n\n\n\n<p><\/p>\n\n\n\n<div class=\"wp-block-buttons is-layout-flex wp-block-buttons-is-layout-flex\">\n<div class=\"wp-block-button\"><a class=\"wp-block-button__link has-text-color has-very-light-gray-color has-background has-vivid-purple-background-color\" href=\"\/wp-content\/uploads\/juin2020\/EMF\/Maths\/Module20_CE1_pb_zoo.pdf\">Probl\u00e8mes : au zoo<\/a><\/div>\n\n\n\n<div class=\"wp-block-button is-style-outline\"><a class=\"wp-block-button__link has-text-color has-very-light-gray-color has-background has-vivid-purple-background-color\" href=\"\/wp-content\/uploads\/juin2020\/EMF\/Maths\/Module20_CE1_dte_grad.pdf\">La droite gradu\u00e9e : calcul des \u00e9carts<\/a><\/div>\n<\/div>\n\n\n\n<p><\/p>\n\n\n\n<p class=\"has-medium-font-size\"><strong>Probl\u00e8mes audio<\/strong><\/p>\n\n\n\n<div id=\"audioigniter-3476\" class=\"audioigniter-root \" data-player-type=\"full\" data-tracks-url=\"https:\/\/profsenligne.net\/?audioigniter_playlist_id=3476\" data-display-track-no=\"false\" data-reverse-track-order=\"false\" data-display-tracklist-covers=\"true\" data-display-active-cover=\"false\" data-display-artist-names=\"false\" data-display-buy-buttons=\"true\" data-buy-buttons-target=\"true\" data-cycle-tracks=\"false\" data-display-credits=\"false\" data-display-tracklist=\"true\" data-allow-tracklist-toggle=\"true\" data-allow-tracklist-loop=\"true\" data-limit-tracklist-height=\"true\" data-volume=\"100\" data-tracklist-height=\"185\" ><\/div>\n\n\n\n<p><\/p>\n\n\n\n<div class=\"wp-block-buttons is-layout-flex wp-block-buttons-is-layout-flex\">\n<div class=\"wp-block-button\"><a class=\"wp-block-button__link has-text-color has-very-light-gray-color has-background has-luminous-vivid-orange-background-color\" href=\"\/wp-content\/uploads\/juin2020\/EMF\/Maths\/Module20_CE1_fiche_calculs.pdf\">Fiche de calculs<\/a><\/div>\n\n\n\n<div class=\"wp-block-button is-style-outline\"><a class=\"wp-block-button__link has-text-color has-very-light-gray-color has-background has-luminous-vivid-orange-background-color\" href=\"\/wp-content\/uploads\/juin2020\/EMF\/Maths\/Module20_CE1_devoirs.pdf\">Devoirs<\/a><\/div>\n<\/div>\n\n\n\n<p><strong>Mat\u00e9riel<\/strong><\/p>\n\n\n\n<div class=\"wp-block-buttons is-layout-flex wp-block-buttons-is-layout-flex\">\n<div class=\"wp-block-button\"><a class=\"wp-block-button__link has-text-color has-very-light-gray-color has-background has-vivid-green-cyan-background-color\" href=\"\/wp-content\/uploads\/juin2020\/EMF\/Maths\/Module20_imageslongueurs.pdf\">Images de longueurs<\/a><\/div>\n\n\n\n<div class=\"wp-block-button is-style-outline\"><a class=\"wp-block-button__link has-text-color has-very-light-gray-color has-background has-vivid-green-cyan-background-color\" href=\"\/wp-content\/uploads\/juin2020\/EMF\/Maths\/Module20_imagesmasses.pdf\">Images de masses<\/a><\/div>\n<\/div>\n\n\n\n<hr class=\"wp-block-separator\"\/>\n\n\n\n<p><\/p>\n","protected":false},"excerpt":{"rendered":"<p>Voici le programme de CE1 propos\u00e9 par les r\u00e9f\u00e9rentes math\u00e9matiques St\u00e9phanie et Sonia ainsi que les activit\u00e9s qui s&#8217;y rapportent pour cette p\u00e9riode de juin : Le\u00e7ons Probl\u00e8mes Probl\u00e8mes audio Mat\u00e9riel<\/p>\n","protected":false},"author":2,"featured_media":0,"parent":0,"menu_order":0,"comment_status":"closed","ping_status":"closed","template":"","meta":{"footnotes":""},"_links":{"self":[{"href":"https:\/\/profsenligne.net\/index.php\/wp-json\/wp\/v2\/pages\/3491"}],"collection":[{"href":"https:\/\/profsenligne.net\/index.php\/wp-json\/wp\/v2\/pages"}],"about":[{"href":"https:\/\/profsenligne.net\/index.php\/wp-json\/wp\/v2\/types\/page"}],"author":[{"embeddable":true,"href":"https:\/\/profsenligne.net\/index.php\/wp-json\/wp\/v2\/users\/2"}],"replies":[{"embeddable":true,"href":"https:\/\/profsenligne.net\/index.php\/wp-json\/wp\/v2\/comments?post=3491"}],"version-history":[{"count":17,"href":"https:\/\/profsenligne.net\/index.php\/wp-json\/wp\/v2\/pages\/3491\/revisions"}],"predecessor-version":[{"id":3516,"href":"https:\/\/profsenligne.net\/index.php\/wp-json\/wp\/v2\/pages\/3491\/revisions\/3516"}],"wp:attachment":[{"href":"https:\/\/profsenligne.net\/index.php\/wp-json\/wp\/v2\/media?parent=3491"}],"curies":[{"name":"wp","href":"https:\/\/api.w.org\/{rel}","templated":true}]}}