{"id":3277,"date":"2020-05-26T08:27:57","date_gmt":"2020-05-26T12:27:57","guid":{"rendered":"https:\/\/profsenligne.net\/?page_id=3277"},"modified":"2020-05-26T16:42:17","modified_gmt":"2020-05-26T20:42:17","slug":"cp","status":"publish","type":"page","link":"https:\/\/profsenligne.net\/index.php\/cp\/","title":{"rendered":"CP"},"content":{"rendered":"\n<p>Pour la semaine du 2 au 9 juin, <strong>St\u00e9phanie<\/strong>, r\u00e9f\u00e9rente math\u00e9matiques entre autres, a pr\u00e9par\u00e9 pour les enseignant(e)s des <strong>classes de CP<\/strong> le programme de math\u00e9matiques suivant agr\u00e9ment\u00e9 de s\u00e9ances, d&#8217;exercices, de mat\u00e9riel, de mini-fichiers et de le\u00e7ons :<\/p>\n\n\n\n<div class=\"wp-block-buttons is-layout-flex wp-block-buttons-is-layout-flex\">\n<div class=\"wp-block-button\"><a class=\"wp-block-button__link has-text-color has-very-light-gray-color has-background has-luminous-vivid-amber-background-color\" href=\"\/wp-content\/uploads\/mai2020\/Formateur\/Vauchey\/CP\/Prog_maths_cp.pdf\">Programme de CP du 2 au 9 juin<\/a><\/div>\n<\/div>\n\n\n\n<p class=\"has-medium-font-size\"><strong>Mat\u00e9riel<\/strong><\/p>\n\n\n\n<p><strong>Jeux<\/strong><\/p>\n\n\n\n<div class=\"wp-block-buttons is-layout-flex wp-block-buttons-is-layout-flex\">\n<div class=\"wp-block-button\"><a class=\"wp-block-button__link has-text-color has-very-light-gray-color has-background has-pale-pink-background-color\" href=\"\/wp-content\/uploads\/mai2020\/Formateur\/Vauchey\/CP\/Cible_c2.pdf\">La cible<\/a><\/div>\n\n\n\n<div class=\"wp-block-button is-style-outline\"><a class=\"wp-block-button__link has-text-color has-very-light-gray-color has-background has-pale-pink-background-color\" href=\"\/wp-content\/uploads\/mai2020\/Formateur\/Vauchey\/CP\/Geom_carte_flash.pdf\">Cartes flash de formes g\u00e9om\u00e9triques<\/a><\/div>\n<\/div>\n\n\n\n<div class=\"wp-block-buttons is-layout-flex wp-block-buttons-is-layout-flex\">\n<div class=\"wp-block-button\"><a class=\"wp-block-button__link has-text-color has-very-light-gray-color has-background has-pale-pink-background-color\" href=\"\/wp-content\/uploads\/mai2020\/Formateur\/Vauchey\/CP\/Depasse_pas_30.pdf\">D\u00e9passe pas 30<\/a><\/div>\n<\/div>\n\n\n\n<p><strong>Mini-Fichiers<\/strong><\/p>\n\n\n\n<div class=\"wp-block-buttons is-layout-flex wp-block-buttons-is-layout-flex\">\n<div class=\"wp-block-button\"><a class=\"wp-block-button__link has-text-color has-very-light-gray-color has-background has-luminous-vivid-orange-background-color\" href=\"\/wp-content\/uploads\/mai2020\/Formateur\/Vauchey\/CP\/Geom_cp.pdf\">Le g\u00e9om\u00e8tre &#8211; fiche 1<\/a><\/div>\n\n\n\n<div class=\"wp-block-button is-style-outline\"><a class=\"wp-block-button__link has-text-color has-very-light-gray-color has-background has-luminous-vivid-orange-background-color\" href=\"\/wp-content\/uploads\/mai2020\/Formateur\/Vauchey\/CP\/Geom_cp_docs_ens.pdf\">Le g\u00e9om\u00e8tre &#8211; fiche 2<\/a><\/div>\n<\/div>\n\n\n\n<div class=\"wp-block-buttons is-layout-flex wp-block-buttons-is-layout-flex\">\n<div class=\"wp-block-button\"><a class=\"wp-block-button__link has-text-color has-very-light-gray-color has-background has-luminous-vivid-orange-background-color\" href=\"\/wp-content\/uploads\/mai2020\/Formateur\/Vauchey\/CP\/Prob_cp.pdf\">Probl\u00e8mes<\/a><\/div>\n\n\n\n<div class=\"wp-block-button is-style-outline\"><a class=\"wp-block-button__link has-text-color has-very-light-gray-color has-background has-luminous-vivid-orange-background-color\" href=\"\/wp-content\/uploads\/mai2020\/Formateur\/Vauchey\/CP\/Repro1.pdf\">Reproductions<\/a><\/div>\n<\/div>\n\n\n\n<div class=\"wp-block-buttons is-layout-flex wp-block-buttons-is-layout-flex\">\n<div class=\"wp-block-button\"><a class=\"wp-block-button__link has-text-color has-very-light-gray-color has-background has-luminous-vivid-orange-background-color\" href=\"\/wp-content\/uploads\/mai2020\/Formateur\/Vauchey\/CP\/Horo1.pdf\">Horodator<\/a><\/div>\n<\/div>\n\n\n\n<p><\/p>\n\n\n\n<p><strong>Fiches<\/strong><\/p>\n\n\n\n<div class=\"wp-block-buttons is-layout-flex wp-block-buttons-is-layout-flex\">\n<div class=\"wp-block-button\"><a class=\"wp-block-button__link has-text-color has-very-light-gray-color has-background has-vivid-cyan-blue-background-color\" href=\"\/wp-content\/uploads\/mai2020\/Formateur\/Vauchey\/CP\/Mod19_cp_outils_mes.pdf\">Outils de mesure<\/a><\/div>\n\n\n\n<div class=\"wp-block-button is-style-outline\"><a class=\"wp-block-button__link has-text-color has-very-light-gray-color has-background has-vivid-cyan-blue-background-color\" href=\"\/wp-content\/uploads\/mai2020\/Formateur\/Vauchey\/CP\/Mod19_cp_bandes_mes.pdf\">Bandes de mesure<\/a><\/div>\n\n\n\n<div class=\"wp-block-button is-style-outline\"><a class=\"wp-block-button__link has-text-color has-very-light-gray-color has-background has-vivid-cyan-blue-background-color\" href=\"\/wp-content\/uploads\/mai2020\/Formateur\/Vauchey\/CP\/Aff_regle_cm.pdf\">R\u00e8gle<\/a><\/div>\n<\/div>\n\n\n\n<div class=\"wp-block-buttons is-layout-flex wp-block-buttons-is-layout-flex\">\n<div class=\"wp-block-button\"><a class=\"wp-block-button__link has-text-color has-very-light-gray-color has-background has-vivid-cyan-blue-background-color\" href=\"\/wp-content\/uploads\/mai2020\/Formateur\/Vauchey\/CP\/Mod19_cp_fiches_denbrt.pdf\">D\u00e9nombrement<\/a><\/div>\n\n\n\n<div class=\"wp-block-button is-style-outline\"><a class=\"wp-block-button__link has-text-color has-very-light-gray-color has-background has-vivid-cyan-blue-background-color\" href=\"\/wp-content\/uploads\/mai2020\/Formateur\/Vauchey\/CP\/Mod19_cp_tab.pdf\">Tableau de 1 \u00e0 100<\/a><\/div>\n\n\n\n<div class=\"wp-block-button is-style-outline\"><a class=\"wp-block-button__link has-text-color has-very-light-gray-color has-background has-vivid-cyan-blue-background-color\" href=\"\/wp-content\/uploads\/mai2020\/Formateur\/Vauchey\/CP\/Tab_nb_1001.pdf\">Tableau de nombres<\/a><\/div>\n<\/div>\n\n\n\n<p><strong>Exercices<\/strong><\/p>\n\n\n\n<div class=\"wp-block-buttons is-layout-flex wp-block-buttons-is-layout-flex\">\n<div class=\"wp-block-button\"><a class=\"wp-block-button__link has-text-color has-very-light-gray-color has-background has-vivid-purple-background-color\" href=\"\/wp-content\/uploads\/mai2020\/Formateur\/Vauchey\/CP\/Chronomath_cp_6.pdf\">Chronomath 6<\/a><\/div>\n\n\n\n<div class=\"wp-block-button is-style-outline\"><a class=\"wp-block-button__link has-text-color has-very-light-gray-color has-background has-vivid-purple-background-color\" href=\"\/wp-content\/uploads\/mai2020\/Formateur\/Vauchey\/CP\/Mod19_cp_outils_fam.pdf\">Les familles<\/a><\/div>\n\n\n\n<div class=\"wp-block-button is-style-outline\"><a class=\"wp-block-button__link has-text-color has-very-light-gray-color has-background has-vivid-purple-background-color\" href=\"\/wp-content\/uploads\/mai2020\/Formateur\/Vauchey\/CP\/Mod19_cp_solides.pdf\">Les solides<\/a><\/div>\n<\/div>\n\n\n\n<p><\/p>\n\n\n\n<hr class=\"wp-block-separator\"\/>\n\n\n\n<p>Pour cette p\u00e9riode s\u2019\u00e9talant du&nbsp;<strong>19 au 29 mai<\/strong>, d\u00e9couvrez le programme de maths pour les niveaux&nbsp;<strong>CP<\/strong>&nbsp;et&nbsp;<strong>CE1<\/strong>&nbsp;que&nbsp;<strong>St\u00e9phanie<\/strong>, ma\u00eetre formatrice et r\u00e9f\u00e9rente math\u00e9matiques vous a pr\u00e9par\u00e9 :<\/p>\n\n\n\n<div class=\"wp-block-buttons is-layout-flex wp-block-buttons-is-layout-flex\">\n<div class=\"wp-block-button\"><a class=\"wp-block-button__link has-text-color has-very-light-gray-color has-background has-vivid-cyan-blue-to-vivid-purple-gradient-background\" href=\"\/wp-content\/uploads\/mai2020\/Formateur\/Prog_maths_cp_ce1.pdf\">Programme de maths du 19 au 29 mai<\/a><\/div>\n<\/div>\n\n\n\n<p><\/p>\n\n\n\n<hr class=\"wp-block-separator\"\/>\n","protected":false},"excerpt":{"rendered":"<p>Pour la semaine du 2 au 9 juin, St\u00e9phanie, r\u00e9f\u00e9rente math\u00e9matiques entre autres, a pr\u00e9par\u00e9 pour les enseignant(e)s des classes de CP le programme de math\u00e9matiques suivant agr\u00e9ment\u00e9 de s\u00e9ances, d&#8217;exercices, de mat\u00e9riel, de mini-fichiers et de le\u00e7ons : Mat\u00e9riel Jeux Mini-Fichiers Fiches Exercices Pour cette p\u00e9riode s\u2019\u00e9talant du&nbsp;19 au 29 mai, d\u00e9couvrez le programme &hellip; <\/p>\n<p class=\"link-more\"><a href=\"https:\/\/profsenligne.net\/index.php\/cp\/\" class=\"more-link\">Continue reading<span class=\"screen-reader-text\"> &#8220;CP&#8221;<\/span><\/a><\/p>\n","protected":false},"author":2,"featured_media":0,"parent":0,"menu_order":0,"comment_status":"closed","ping_status":"closed","template":"","meta":{"footnotes":""},"_links":{"self":[{"href":"https:\/\/profsenligne.net\/index.php\/wp-json\/wp\/v2\/pages\/3277"}],"collection":[{"href":"https:\/\/profsenligne.net\/index.php\/wp-json\/wp\/v2\/pages"}],"about":[{"href":"https:\/\/profsenligne.net\/index.php\/wp-json\/wp\/v2\/types\/page"}],"author":[{"embeddable":true,"href":"https:\/\/profsenligne.net\/index.php\/wp-json\/wp\/v2\/users\/2"}],"replies":[{"embeddable":true,"href":"https:\/\/profsenligne.net\/index.php\/wp-json\/wp\/v2\/comments?post=3277"}],"version-history":[{"count":12,"href":"https:\/\/profsenligne.net\/index.php\/wp-json\/wp\/v2\/pages\/3277\/revisions"}],"predecessor-version":[{"id":3298,"href":"https:\/\/profsenligne.net\/index.php\/wp-json\/wp\/v2\/pages\/3277\/revisions\/3298"}],"wp:attachment":[{"href":"https:\/\/profsenligne.net\/index.php\/wp-json\/wp\/v2\/media?parent=3277"}],"curies":[{"name":"wp","href":"https:\/\/api.w.org\/{rel}","templated":true}]}}