{"id":3266,"date":"2020-05-26T07:23:04","date_gmt":"2020-05-26T11:23:04","guid":{"rendered":"https:\/\/profsenligne.net\/?page_id=3266"},"modified":"2020-05-26T07:47:39","modified_gmt":"2020-05-26T11:47:39","slug":"cm2-4","status":"publish","type":"page","link":"https:\/\/profsenligne.net\/index.php\/cm2-4\/","title":{"rendered":"CM2"},"content":{"rendered":"\n<p>\u00c0 son tour, <strong>Sonia<\/strong>, enseignante et r\u00e9f\u00e9rence math\u00e9matiques, vous pr\u00e9sente le programme de math\u00e9matiques pour la semaine \u00e0 venir que vous pouvez utiliser pour votre classe de cours moyen 2:<\/p>\n\n\n\n<div class=\"wp-block-buttons is-layout-flex wp-block-buttons-is-layout-flex\">\n<div class=\"wp-block-button\"><a class=\"wp-block-button__link has-text-color has-very-light-gray-color has-background has-luminous-vivid-amber-background-color\" href=\"\/wp-content\/uploads\/mai2020\/Formateur\/Rachel\/Prog26.pdf\">Programme du 26 mai<\/a><\/div>\n<\/div>\n\n\n\n<p><strong>Op\u00e9rations<\/strong><\/p>\n\n\n\n<div class=\"wp-block-buttons is-layout-flex wp-block-buttons-is-layout-flex\">\n<div class=\"wp-block-button\"><a class=\"wp-block-button__link has-text-color has-very-light-gray-color has-background has-luminous-vivid-amber-background-color\" href=\"\/wp-content\/uploads\/mai2020\/Formateur\/Rachel\/Tab_multi_12_50.pdf\">Les tables 12 et 50<\/a><\/div>\n<\/div>\n\n\n\n<div class=\"wp-block-buttons is-layout-flex wp-block-buttons-is-layout-flex\">\n<div class=\"wp-block-button\"><a class=\"wp-block-button__link has-text-color has-very-light-gray-color has-background has-luminous-vivid-orange-background-color\" href=\"\/wp-content\/uploads\/mai2020\/Formateur\/Rachel\/Tech_div_lecon.pdf\">Technique de la division<\/a><\/div>\n<\/div>\n\n\n\n<div class=\"wp-block-buttons is-layout-flex wp-block-buttons-is-layout-flex\">\n<div class=\"wp-block-button is-style-outline\"><a class=\"wp-block-button__link has-text-color has-very-light-gray-color has-background has-vivid-cyan-blue-background-color\" href=\"\/wp-content\/uploads\/mai2020\/Formateur\/Rachel\/Multi_div_10_lecon.pdf\">Multiplication et division par 10, 100<\/a><\/div>\n<\/div>\n\n\n\n<p><strong>Les nombres d\u00e9cimaux<\/strong><\/p>\n\n\n\n<div class=\"wp-block-buttons is-layout-flex wp-block-buttons-is-layout-flex\">\n<div class=\"wp-block-button\"><a class=\"wp-block-button__link has-text-color has-very-light-gray-color has-background has-luminous-vivid-amber-background-color\" href=\"\/wp-content\/uploads\/mai2020\/Formateur\/Rachel\/Nb_dec_lecon.pdf\">Le\u00e7on sur les nombres d\u00e9cimaux<\/a><\/div>\n\n\n\n<div class=\"wp-block-button is-style-outline\"><a class=\"wp-block-button__link has-text-color has-very-light-gray-color has-background has-vivid-cyan-blue-background-color\" href=\"\/wp-content\/uploads\/mai2020\/Formateur\/Rachel\/Nb_dec_ex.pdf\">Exercices<\/a><\/div>\n\n\n\n<div class=\"wp-block-button is-style-outline\"><a class=\"wp-block-button__link has-text-color has-very-light-gray-color has-background has-vivid-cyan-blue-background-color\" href=\"\/wp-content\/uploads\/mai2020\/Formateur\/Rachel\/Fractions_dec.pdf\">Fractions d\u00e9cimales<\/a><\/div>\n<\/div>\n\n\n\n<p><strong>Les probl\u00e8mes<\/strong><\/p>\n\n\n\n<div class=\"wp-block-buttons is-layout-flex wp-block-buttons-is-layout-flex\">\n<div class=\"wp-block-button\"><a class=\"wp-block-button__link has-text-color has-very-light-gray-color has-background has-vivid-cyan-blue-background-color\" href=\"\/wp-content\/uploads\/mai2020\/Formateur\/Rachel\/Mod19_prob.pdf\">Probl\u00e8mes avec graphique<\/a><\/div>\n\n\n\n<div class=\"wp-block-button is-style-outline\"><a class=\"wp-block-button__link has-text-color has-very-light-gray-color has-background has-vivid-cyan-blue-background-color\" href=\"\/wp-content\/uploads\/mai2020\/Formateur\/Rachel\/Prob2.pdf\">Probl\u00e8mes 2<\/a><\/div>\n<\/div>\n\n\n\n<p><strong>Les unit\u00e9s de mesures<\/strong><\/p>\n\n\n\n<div class=\"wp-block-buttons is-layout-flex wp-block-buttons-is-layout-flex\">\n<div class=\"wp-block-button\"><a class=\"wp-block-button__link has-text-color has-very-light-gray-color has-background has-luminous-vivid-orange-background-color\" href=\"\/wp-content\/uploads\/mai2020\/Formateur\/Rachel\/Unite_mesure_lecon.pdf\">Le\u00e7on : les unit\u00e9s de mesures<\/a><\/div>\n<\/div>\n\n\n\n<div class=\"wp-block-buttons is-layout-flex wp-block-buttons-is-layout-flex\">\n<div class=\"wp-block-button\"><a class=\"wp-block-button__link has-text-color has-very-light-gray-color has-background has-luminous-vivid-amber-background-color\" href=\"\/wp-content\/uploads\/mai2020\/Formateur\/Rachel\/Mod19_verres_mes.pdf\">Verres mesureurs<\/a><\/div>\n<\/div>\n\n\n\n<div class=\"wp-block-buttons is-layout-flex wp-block-buttons-is-layout-flex\">\n<div class=\"wp-block-button\"><a class=\"wp-block-button__link has-text-color has-very-light-gray-color has-background has-vivid-cyan-blue-background-color\" href=\"\/wp-content\/uploads\/mai2020\/Formateur\/Rachel\/Calculs_aires1.pdf\">Calculs d&#8217;aires<\/a><\/div>\n<\/div>\n\n\n\n<p><\/p>\n\n\n\n<div class=\"wp-block-buttons is-layout-flex wp-block-buttons-is-layout-flex\">\n<div class=\"wp-block-button\"><a class=\"wp-block-button__link has-text-color has-very-light-gray-color has-background has-vivid-purple-background-color\" href=\"\/wp-content\/uploads\/mai2020\/Formateur\/Rachel\/Ressources_maths_c3.pdf\">Ressources math\u00e9matiques pour le cycle 3<\/a><\/div>\n<\/div>\n\n\n\n<p><\/p>\n\n\n\n<hr class=\"wp-block-separator\"\/>\n","protected":false},"excerpt":{"rendered":"<p>\u00c0 son tour, Sonia, enseignante et r\u00e9f\u00e9rence math\u00e9matiques, vous pr\u00e9sente le programme de math\u00e9matiques pour la semaine \u00e0 venir que vous pouvez utiliser pour votre classe de cours moyen 2: Op\u00e9rations Les nombres d\u00e9cimaux Les probl\u00e8mes Les unit\u00e9s de mesures<\/p>\n","protected":false},"author":2,"featured_media":0,"parent":0,"menu_order":0,"comment_status":"closed","ping_status":"closed","template":"","meta":{"footnotes":""},"_links":{"self":[{"href":"https:\/\/profsenligne.net\/index.php\/wp-json\/wp\/v2\/pages\/3266"}],"collection":[{"href":"https:\/\/profsenligne.net\/index.php\/wp-json\/wp\/v2\/pages"}],"about":[{"href":"https:\/\/profsenligne.net\/index.php\/wp-json\/wp\/v2\/types\/page"}],"author":[{"embeddable":true,"href":"https:\/\/profsenligne.net\/index.php\/wp-json\/wp\/v2\/users\/2"}],"replies":[{"embeddable":true,"href":"https:\/\/profsenligne.net\/index.php\/wp-json\/wp\/v2\/comments?post=3266"}],"version-history":[{"count":6,"href":"https:\/\/profsenligne.net\/index.php\/wp-json\/wp\/v2\/pages\/3266\/revisions"}],"predecessor-version":[{"id":3273,"href":"https:\/\/profsenligne.net\/index.php\/wp-json\/wp\/v2\/pages\/3266\/revisions\/3273"}],"wp:attachment":[{"href":"https:\/\/profsenligne.net\/index.php\/wp-json\/wp\/v2\/media?parent=3266"}],"curies":[{"name":"wp","href":"https:\/\/api.w.org\/{rel}","templated":true}]}}