{"id":316,"date":"2020-03-22T11:37:33","date_gmt":"2020-03-22T10:37:33","guid":{"rendered":"http:\/\/profsenligne.free.fr\/?page_id=316"},"modified":"2020-04-23T16:24:38","modified_gmt":"2020-04-23T20:24:38","slug":"cpa","status":"publish","type":"page","link":"https:\/\/profsenligne.net\/index.php\/cpa\/","title":{"rendered":"CPA"},"content":{"rendered":"\n<p>Pour ce jeudi et vendredi d&#8217;avril, votre ma\u00eetresse <strong>Anne<\/strong> vous a concoct\u00e9 quelques activit\u00e9s de fran\u00e7ais :<\/p>\n\n\n\n<div class=\"wp-block-buttons is-layout-flex wp-block-buttons-is-layout-flex\">\n<div class=\"wp-block-button is-style-outline\"><a class=\"wp-block-button__link has-text-color has-very-light-gray-color has-background has-vivid-cyan-blue-background-color\" href=\"\/wp-content\/uploads\/avril2020\/EG\/CPA\/Chasse_lettres.pdf\">La chasse aux lettres<\/a><\/div>\n\n\n\n<div class=\"wp-block-button\"><a class=\"wp-block-button__link has-text-color has-very-light-gray-color has-background has-vivid-cyan-blue-background-color\" href=\"\/wp-content\/uploads\/avril2020\/EG\/CPA\/Lect_CP.pdf\">Lecture avec gestes<\/a><\/div>\n\n\n\n<div class=\"wp-block-button is-style-outline\"><a class=\"wp-block-button__link has-text-color has-very-light-gray-color has-background has-vivid-cyan-blue-background-color\" href=\"\/wp-content\/uploads\/avril2020\/EG\/CPA\/Entr_lect.pdf\">Entra\u00eenement<\/a><\/div>\n<\/div>\n\n\n\n<hr class=\"wp-block-separator\"\/>\n\n\n\n<p><\/p>\n\n\n\n<p>Voici des exercices de math\u00e9matiques que vous propose la ma\u00eetresse :<\/p>\n\n\n\n<div class=\"wp-block-buttons is-layout-flex wp-block-buttons-is-layout-flex\">\n<div class=\"wp-block-button\"><a class=\"wp-block-button__link has-text-color has-very-light-gray-color has-background has-vivid-cyan-blue-background-color\" href=\"\/wp-content\/uploads\/avril2020\/EG\/CPA\/Calculs.pdf\">Calculs<\/a><\/div>\n<\/div>\n\n\n\n<hr class=\"wp-block-separator\"\/>\n\n\n\n<p>Voici ce que votre ma\u00eetresse vous a pr\u00e9par\u00e9 aujourd&#8217;hui :<\/p>\n\n\n\n<div class=\"wp-block-buttons is-layout-flex wp-block-buttons-is-layout-flex\">\n<div class=\"wp-block-button\"><a class=\"wp-block-button__link has-text-color has-very-light-gray-color has-background has-vivid-cyan-blue-background-color\" href=\"\/wp-content\/uploads\/avril2020\/EG\/CPA\/Prob_maths_niv1.pdf\">Probl\u00e8mes niveau 1<\/a><\/div>\n\n\n\n<div class=\"wp-block-button\"><a class=\"wp-block-button__link has-text-color has-very-light-gray-color has-background has-vivid-cyan-blue-background-color\" href=\"\/wp-content\/uploads\/avril2020\/EG\/CPA\/Prob_maths_niv2.pdf\">Probl\u00e8mes niveau 2<\/a><\/div>\n\n\n\n<div class=\"wp-block-button\"><a class=\"wp-block-button__link has-text-color has-very-light-gray-color has-background has-vivid-green-cyan-background-color\" href=\"\/wp-content\/uploads\/avril2020\/EG\/CPA\/Ex_rep.pdf\">Exemple de r\u00e9ponse<\/a><\/div>\n<\/div>\n\n\n\n<hr class=\"wp-block-separator\"\/>\n\n\n\n<p>Ma\u00eetresse<strong> Anne<\/strong> vous donne ces recommandations et vous livre les activit\u00e9s \u00e0 mettre en place :<\/p>\n\n\n\n<p><strong>Mot aux Parents<\/strong><\/p>\n\n\n\n<div class=\"wp-block-buttons is-layout-flex wp-block-buttons-is-layout-flex\">\n<div class=\"wp-block-button\"><a class=\"wp-block-button__link has-text-color has-very-light-gray-color has-background has-luminous-vivid-amber-background-color\" href=\"\/wp-content\/uploads\/mars2020\/Docs\/EG\/CPA\/Mot_parents1.pdf\">Lettre aux parents 1<\/a><\/div>\n\n\n\n<div class=\"wp-block-button is-style-fill\"><a class=\"wp-block-button__link has-text-color has-very-light-gray-color has-background has-luminous-vivid-amber-background-color\" href=\"\/wp-content\/uploads\/mars2020\/Docs\/EG\/CPA\/Mot_parents2.pdf\">Lettre aux parents 2<\/a><\/div>\n<\/div>\n\n\n\n<p><strong>Activit\u00e9s propos\u00e9es :<\/strong><\/p>\n\n\n\n<div class=\"wp-block-buttons is-layout-flex wp-block-buttons-is-layout-flex\">\n<div class=\"wp-block-button\"><a class=\"wp-block-button__link has-text-color has-very-light-gray-color has-background has-vivid-cyan-blue-background-color\" href=\"\/wp-content\/uploads\/mars2020\/Docs\/EG\/CPA\/Cahier_de_dictees.pdf\">Cahier de dict\u00e9es<\/a><\/div>\n\n\n\n<div class=\"wp-block-button is-style-outline\"><a class=\"wp-block-button__link has-text-color has-very-light-gray-color has-background has-vivid-cyan-blue-background-color\" href=\"\/wp-content\/uploads\/mars2020\/Docs\/EG\/CPA\/Lecture_syllabes.pdf\">Lecture de syllabes<\/a><\/div>\n<\/div>\n\n\n\n<div class=\"wp-block-buttons is-layout-flex wp-block-buttons-is-layout-flex\">\n<div class=\"wp-block-button\"><a class=\"wp-block-button__link has-text-color has-very-light-gray-color has-background has-vivid-cyan-blue-background-color\" href=\"\/wp-content\/uploads\/mars2020\/Docs\/EG\/CPA\/Mot_et_image1.pdf\">Mots et images 1<\/a><\/div>\n\n\n\n<div class=\"wp-block-button is-style-outline\"><a class=\"wp-block-button__link has-text-color has-very-light-gray-color has-background has-vivid-cyan-blue-background-color\" href=\"\/wp-content\/uploads\/mars2020\/Docs\/EG\/CPA\/Mot_et_image2.pdf\">Mots et images 2<\/a><\/div>\n<\/div>\n\n\n\n<div class=\"wp-block-buttons is-layout-flex wp-block-buttons-is-layout-flex\">\n<div class=\"wp-block-button\"><a class=\"wp-block-button__link has-text-color has-very-light-gray-color has-background has-vivid-cyan-blue-background-color\" href=\"\/wp-content\/uploads\/mars2020\/Docs\/EG\/CPA\/Mots_fleches1.pdf\">Mots fl\u00e9ch\u00e9s 1<\/a><\/div>\n\n\n\n<div class=\"wp-block-button is-style-outline\"><a class=\"wp-block-button__link has-text-color has-very-light-gray-color has-background has-vivid-cyan-blue-background-color\" href=\"\/wp-content\/uploads\/mars2020\/Docs\/EG\/CPA\/Mots_fleches2.pdf\">Mots fl\u00e9ch\u00e9s 2<\/a><\/div>\n<\/div>\n\n\n\n<hr class=\"wp-block-separator\"\/>\n","protected":false},"excerpt":{"rendered":"<p>Pour ce jeudi et vendredi d&#8217;avril, votre ma\u00eetresse Anne vous a concoct\u00e9 quelques activit\u00e9s de fran\u00e7ais : Voici des exercices de math\u00e9matiques que vous propose la ma\u00eetresse : Voici ce que votre ma\u00eetresse vous a pr\u00e9par\u00e9 aujourd&#8217;hui : Ma\u00eetresse Anne vous donne ces recommandations et vous livre les activit\u00e9s \u00e0 mettre en place : Mot &hellip; <\/p>\n<p class=\"link-more\"><a href=\"https:\/\/profsenligne.net\/index.php\/cpa\/\" class=\"more-link\">Continue reading<span class=\"screen-reader-text\"> &#8220;CPA&#8221;<\/span><\/a><\/p>\n","protected":false},"author":2,"featured_media":0,"parent":0,"menu_order":0,"comment_status":"closed","ping_status":"closed","template":"","meta":{"footnotes":""},"_links":{"self":[{"href":"https:\/\/profsenligne.net\/index.php\/wp-json\/wp\/v2\/pages\/316"}],"collection":[{"href":"https:\/\/profsenligne.net\/index.php\/wp-json\/wp\/v2\/pages"}],"about":[{"href":"https:\/\/profsenligne.net\/index.php\/wp-json\/wp\/v2\/types\/page"}],"author":[{"embeddable":true,"href":"https:\/\/profsenligne.net\/index.php\/wp-json\/wp\/v2\/users\/2"}],"replies":[{"embeddable":true,"href":"https:\/\/profsenligne.net\/index.php\/wp-json\/wp\/v2\/comments?post=316"}],"version-history":[{"count":13,"href":"https:\/\/profsenligne.net\/index.php\/wp-json\/wp\/v2\/pages\/316\/revisions"}],"predecessor-version":[{"id":2207,"href":"https:\/\/profsenligne.net\/index.php\/wp-json\/wp\/v2\/pages\/316\/revisions\/2207"}],"wp:attachment":[{"href":"https:\/\/profsenligne.net\/index.php\/wp-json\/wp\/v2\/media?parent=316"}],"curies":[{"name":"wp","href":"https:\/\/api.w.org\/{rel}","templated":true}]}}