{"id":3064,"date":"2020-05-18T22:00:36","date_gmt":"2020-05-19T02:00:36","guid":{"rendered":"https:\/\/profsenligne.net\/?page_id=3064"},"modified":"2020-06-10T23:57:41","modified_gmt":"2020-06-11T03:57:41","slug":"speciale-mathematiques-2","status":"publish","type":"page","link":"https:\/\/profsenligne.net\/index.php\/speciale-mathematiques-2\/","title":{"rendered":"Sp\u00e9ciale maths &#8211; mai 2020"},"content":{"rendered":"\n<p>Des programmes de math\u00e9matiques pr\u00e9par\u00e9s par nos r\u00e9f\u00e9rents math\u00e9matiques pour cette deuxi\u00e8me quinzaine de mai.<\/p>\n","protected":false},"excerpt":{"rendered":"<p>Des programmes de math\u00e9matiques pr\u00e9par\u00e9s par nos r\u00e9f\u00e9rents math\u00e9matiques pour cette deuxi\u00e8me quinzaine de mai.<\/p>\n","protected":false},"author":2,"featured_media":0,"parent":0,"menu_order":0,"comment_status":"closed","ping_status":"closed","template":"","meta":{"footnotes":""},"_links":{"self":[{"href":"https:\/\/profsenligne.net\/index.php\/wp-json\/wp\/v2\/pages\/3064"}],"collection":[{"href":"https:\/\/profsenligne.net\/index.php\/wp-json\/wp\/v2\/pages"}],"about":[{"href":"https:\/\/profsenligne.net\/index.php\/wp-json\/wp\/v2\/types\/page"}],"author":[{"embeddable":true,"href":"https:\/\/profsenligne.net\/index.php\/wp-json\/wp\/v2\/users\/2"}],"replies":[{"embeddable":true,"href":"https:\/\/profsenligne.net\/index.php\/wp-json\/wp\/v2\/comments?post=3064"}],"version-history":[{"count":3,"href":"https:\/\/profsenligne.net\/index.php\/wp-json\/wp\/v2\/pages\/3064\/revisions"}],"predecessor-version":[{"id":3510,"href":"https:\/\/profsenligne.net\/index.php\/wp-json\/wp\/v2\/pages\/3064\/revisions\/3510"}],"wp:attachment":[{"href":"https:\/\/profsenligne.net\/index.php\/wp-json\/wp\/v2\/media?parent=3064"}],"curies":[{"name":"wp","href":"https:\/\/api.w.org\/{rel}","templated":true}]}}