{"id":3059,"date":"2020-05-18T21:54:44","date_gmt":"2020-05-19T01:54:44","guid":{"rendered":"https:\/\/profsenligne.net\/?page_id=3059"},"modified":"2020-05-26T21:00:40","modified_gmt":"2020-05-27T01:00:40","slug":"speciale-mathematiques","status":"publish","type":"page","link":"https:\/\/profsenligne.net\/index.php\/speciale-mathematiques\/","title":{"rendered":"CE1"},"content":{"rendered":"\n<p>Pour la semaine du 2 au 9 juin, <strong>St\u00e9phanie<\/strong>, r\u00e9f\u00e9rence math\u00e9matiques entre autres, a pr\u00e9par\u00e9 \u00e9galement pour les enseignant(e)s des <strong>classes de C<\/strong>E1 le programme de math\u00e9matiques suivant agr\u00e9ment\u00e9 de s\u00e9ances, d&#8217;exercices, de mat\u00e9riel, de mini-fichiers et de le\u00e7ons :<\/p>\n\n\n\n<div class=\"wp-block-buttons is-layout-flex wp-block-buttons-is-layout-flex\">\n<div class=\"wp-block-button\"><a class=\"wp-block-button__link has-text-color has-very-light-gray-color has-background has-luminous-vivid-amber-background-color\" href=\"\/wp-content\/uploads\/mai2020\/Formateur\/Vauchey\/CE1\/Prog_maths_ce1.pdf\">Programme de maths du 2 au 9 juin<\/a><\/div>\n<\/div>\n\n\n\n<p><strong>Le\u00e7on<\/strong><\/p>\n\n\n\n<div class=\"wp-block-buttons is-layout-flex wp-block-buttons-is-layout-flex\">\n<div class=\"wp-block-button\"><a class=\"wp-block-button__link has-text-color has-very-light-gray-color has-background has-luminous-vivid-orange-background-color\" href=\"\/wp-content\/uploads\/mai2020\/Formateur\/Vauchey\/CE1\/Geom_solides_lecon.pdf\">Les solides<\/a><\/div>\n<\/div>\n\n\n\n<p><strong>Fiches<\/strong><\/p>\n\n\n\n<div class=\"wp-block-buttons is-layout-flex wp-block-buttons-is-layout-flex\">\n<div class=\"wp-block-button\"><a class=\"wp-block-button__link has-text-color has-very-light-gray-color has-background has-vivid-cyan-blue-background-color\" href=\"\/wp-content\/uploads\/mai2020\/Formateur\/Vauchey\/CE1\/Mod19_id_produit.pdf\">Identification du produit<\/a><\/div>\n\n\n\n<div class=\"wp-block-button is-style-outline\"><a class=\"wp-block-button__link has-text-color has-very-light-gray-color has-background has-vivid-cyan-blue-background-color\" href=\"\/wp-content\/uploads\/mai2020\/Formateur\/Vauchey\/CE1\/Mod19_nb.pdf\">Quel est ce nombre ?<\/a><\/div>\n\n\n\n<div class=\"wp-block-button is-style-outline\"><a class=\"wp-block-button__link has-text-color has-very-light-gray-color has-background has-vivid-cyan-blue-background-color\" href=\"\/wp-content\/uploads\/mai2020\/Formateur\/Vauchey\/CE1\/Mod19_prob_temp.pdf\">Probl\u00e8mes : la temp\u00e9rature<\/a><\/div>\n\n\n\n<div class=\"wp-block-button is-style-outline\"><a class=\"wp-block-button__link has-text-color has-very-light-gray-color has-background has-vivid-cyan-blue-background-color\" href=\"\/wp-content\/uploads\/mai2020\/Formateur\/Vauchey\/CE1\/Mod19_solides.pdf\">Reconnaissance de solides<\/a><\/div>\n<\/div>\n\n\n\n<p><strong>Mini-fichiers<\/strong><\/p>\n\n\n\n<div class=\"wp-block-buttons is-layout-flex wp-block-buttons-is-layout-flex\">\n<div class=\"wp-block-button\"><a class=\"wp-block-button__link has-background has-vivid-purple-background-color\" href=\"\/wp-content\/uploads\/mai2020\/Formateur\/Vauchey\/CE1\/Miroir1.pdf\">Le miroir<\/a><\/div>\n\n\n\n<div class=\"wp-block-button is-style-outline\"><a class=\"wp-block-button__link has-text-color has-very-light-gray-color has-background has-vivid-purple-background-color\" href=\"\/wp-content\/uploads\/mai2020\/Formateur\/Vauchey\/CE1\/Repro2.pdf\">Reproduction<\/a><\/div>\n<\/div>\n\n\n\n<div class=\"wp-block-buttons is-layout-flex wp-block-buttons-is-layout-flex\">\n<div class=\"wp-block-button\"><a class=\"wp-block-button__link has-text-color has-very-light-gray-color has-background has-vivid-purple-background-color\" href=\"\/wp-content\/uploads\/mai2020\/Formateur\/Vauchey\/CE1\/Tout_rond.pdf\">Tout en rond 1<\/a><\/div>\n\n\n\n<div class=\"wp-block-button is-style-outline\"><a class=\"wp-block-button__link has-text-color has-very-light-gray-color has-background has-vivid-purple-background-color\" href=\"\/wp-content\/uploads\/mai2020\/Formateur\/Vauchey\/CE1\/Tout_rond_feuille_route.pdf\">Tout en rond 2<\/a><\/div>\n<\/div>\n\n\n\n<div class=\"wp-block-buttons is-layout-flex wp-block-buttons-is-layout-flex\">\n<div class=\"wp-block-button\"><a class=\"wp-block-button__link has-text-color has-very-light-gray-color has-background has-vivid-purple-background-color\" href=\"\/wp-content\/uploads\/mai2020\/Formateur\/Vauchey\/CE1\/Res_prob.pdf\">R\u00e9solution de probl\u00e8mes<\/a><\/div>\n\n\n\n<div class=\"wp-block-button is-style-outline\"><a class=\"wp-block-button__link has-text-color has-very-light-gray-color has-background has-vivid-purple-background-color\" href=\"\/wp-content\/uploads\/mai2020\/Formateur\/Vauchey\/CE1\/Sudoku2.pdf\">Sudoku 2<\/a><\/div>\n<\/div>\n\n\n\n<p><strong>Mat\u00e9riel<\/strong><\/p>\n\n\n\n<div class=\"wp-block-buttons is-layout-flex wp-block-buttons-is-layout-flex\">\n<div class=\"wp-block-button\"><a class=\"wp-block-button__link has-text-color has-very-light-gray-color has-background has-luminous-vivid-amber-background-color\" href=\"\/wp-content\/uploads\/mai2020\/Formateur\/Vauchey\/CE1\/Cheque_banque.pdf\">Ch\u00e8que bancaire<\/a><\/div>\n\n\n\n<div class=\"wp-block-button is-style-outline\"><a class=\"wp-block-button__link has-text-color has-very-light-gray-color has-background has-luminous-vivid-amber-background-color\" href=\"\/wp-content\/uploads\/mai2020\/Formateur\/Vauchey\/CE1\/Geom_carte_flash2.pdf\">Cartes flash de formes<\/a><\/div>\n<\/div>\n\n\n\n<p><strong>Jeux<\/strong><\/p>\n\n\n\n<div class=\"wp-block-buttons is-layout-flex wp-block-buttons-is-layout-flex\">\n<div class=\"wp-block-button\"><a class=\"wp-block-button__link has-text-color has-very-light-gray-color has-background has-pale-pink-background-color\" href=\"\/wp-content\/uploads\/mai2020\/Formateur\/Vauchey\/CE1\/Cible_c2bis.pdf\">La cible<\/a><\/div>\n\n\n\n<div class=\"wp-block-button is-style-outline\"><a class=\"wp-block-button__link has-text-color has-very-light-gray-color has-background has-pale-pink-background-color\" href=\"\/wp-content\/uploads\/mai2020\/Formateur\/Vauchey\/CE1\/Jeu_de_cible.pdf\">Jeu de la cible<\/a><\/div>\n\n\n\n<div class=\"wp-block-button is-style-outline\"><a class=\"wp-block-button__link has-text-color has-very-light-gray-color has-background has-pale-pink-background-color\" href=\"\/wp-content\/uploads\/mai2020\/Formateur\/Vauchey\/CE1\/Jeu_des_multi.pdf\">Jeu des d\u00e9s multipli\u00e9s<\/a><\/div>\n<\/div>\n\n\n\n<p><strong>Exercices<\/strong><\/p>\n\n\n\n<div class=\"wp-block-buttons is-layout-flex wp-block-buttons-is-layout-flex\">\n<div class=\"wp-block-button\"><a class=\"wp-block-button__link has-text-color has-very-light-gray-color has-background has-light-green-cyan-background-color\" href=\"\/wp-content\/uploads\/mai2020\/Formateur\/Vauchey\/CE1\/Chronomath_ce1.pdf\">Chronomath 8<\/a><\/div>\n<\/div>\n\n\n\n<p><\/p>\n\n\n\n<hr class=\"wp-block-separator\"\/>\n\n\n\n<p>Pour cette p\u00e9riode s&#8217;\u00e9talant du <strong>19 au 29 mai<\/strong>, d\u00e9couvrez le programme de maths pour les niveaux <strong>CP<\/strong> et <strong>CE1<\/strong> que <strong>St\u00e9phanie<\/strong>, ma\u00eetre formatrice et r\u00e9f\u00e9rente math\u00e9matiques vous a pr\u00e9par\u00e9 :<\/p>\n\n\n\n<div class=\"wp-block-buttons is-layout-flex wp-block-buttons-is-layout-flex\">\n<div class=\"wp-block-button\"><a class=\"wp-block-button__link has-text-color has-very-light-gray-color has-background has-cool-to-warm-spectrum-gradient-background\" href=\"\/wp-content\/uploads\/mai2020\/Formateur\/Prog_maths_cp_ce1.pdf\">Programme de maths du 19 au 29 mai<\/a><\/div>\n<\/div>\n","protected":false},"excerpt":{"rendered":"<p>Pour la semaine du 2 au 9 juin, St\u00e9phanie, r\u00e9f\u00e9rence math\u00e9matiques entre autres, a pr\u00e9par\u00e9 \u00e9galement pour les enseignant(e)s des classes de CE1 le programme de math\u00e9matiques suivant agr\u00e9ment\u00e9 de s\u00e9ances, d&#8217;exercices, de mat\u00e9riel, de mini-fichiers et de le\u00e7ons : Le\u00e7on Fiches Mini-fichiers Mat\u00e9riel Jeux Exercices Pour cette p\u00e9riode s&#8217;\u00e9talant du 19 au 29 mai, &hellip; <\/p>\n<p class=\"link-more\"><a href=\"https:\/\/profsenligne.net\/index.php\/speciale-mathematiques\/\" class=\"more-link\">Continue reading<span class=\"screen-reader-text\"> &#8220;CE1&#8221;<\/span><\/a><\/p>\n","protected":false},"author":2,"featured_media":0,"parent":0,"menu_order":0,"comment_status":"closed","ping_status":"closed","template":"","meta":{"footnotes":""},"_links":{"self":[{"href":"https:\/\/profsenligne.net\/index.php\/wp-json\/wp\/v2\/pages\/3059"}],"collection":[{"href":"https:\/\/profsenligne.net\/index.php\/wp-json\/wp\/v2\/pages"}],"about":[{"href":"https:\/\/profsenligne.net\/index.php\/wp-json\/wp\/v2\/types\/page"}],"author":[{"embeddable":true,"href":"https:\/\/profsenligne.net\/index.php\/wp-json\/wp\/v2\/users\/2"}],"replies":[{"embeddable":true,"href":"https:\/\/profsenligne.net\/index.php\/wp-json\/wp\/v2\/comments?post=3059"}],"version-history":[{"count":12,"href":"https:\/\/profsenligne.net\/index.php\/wp-json\/wp\/v2\/pages\/3059\/revisions"}],"predecessor-version":[{"id":3306,"href":"https:\/\/profsenligne.net\/index.php\/wp-json\/wp\/v2\/pages\/3059\/revisions\/3306"}],"wp:attachment":[{"href":"https:\/\/profsenligne.net\/index.php\/wp-json\/wp\/v2\/media?parent=3059"}],"curies":[{"name":"wp","href":"https:\/\/api.w.org\/{rel}","templated":true}]}}