{"id":3014,"date":"2020-05-16T12:03:42","date_gmt":"2020-05-16T16:03:42","guid":{"rendered":"https:\/\/profsenligne.net\/?page_id=3014"},"modified":"2020-05-16T15:44:25","modified_gmt":"2020-05-16T19:44:25","slug":"gs-2","status":"publish","type":"page","link":"https:\/\/profsenligne.net\/index.php\/gs-2\/","title":{"rendered":"Gs"},"content":{"rendered":"\n<p>Voici ce que ma\u00eetresse <strong>Ga\u00eblle<\/strong> propose comme lien pour travailler sur les phon\u00e8mes :<\/p>\n\n\n\n<hr class=\"wp-block-separator\"\/>\n\n\n\n<figure class=\"wp-block-embed-wordpress wp-block-embed is-type-wp-embed is-provider-weo\"><div class=\"wp-block-embed__wrapper\">\nhttps:\/\/www.weo.fr\/video\/grande-section-phonologie-identifier-supprimer-localiser-les-phonemes\/\n<\/div><\/figure>\n\n\n\n<hr class=\"wp-block-separator\"\/>\n","protected":false},"excerpt":{"rendered":"<p>Voici ce que ma\u00eetresse Ga\u00eblle propose comme lien pour travailler sur les phon\u00e8mes :<\/p>\n","protected":false},"author":2,"featured_media":0,"parent":0,"menu_order":0,"comment_status":"closed","ping_status":"closed","template":"","meta":{"footnotes":""},"_links":{"self":[{"href":"https:\/\/profsenligne.net\/index.php\/wp-json\/wp\/v2\/pages\/3014"}],"collection":[{"href":"https:\/\/profsenligne.net\/index.php\/wp-json\/wp\/v2\/pages"}],"about":[{"href":"https:\/\/profsenligne.net\/index.php\/wp-json\/wp\/v2\/types\/page"}],"author":[{"embeddable":true,"href":"https:\/\/profsenligne.net\/index.php\/wp-json\/wp\/v2\/users\/2"}],"replies":[{"embeddable":true,"href":"https:\/\/profsenligne.net\/index.php\/wp-json\/wp\/v2\/comments?post=3014"}],"version-history":[{"count":4,"href":"https:\/\/profsenligne.net\/index.php\/wp-json\/wp\/v2\/pages\/3014\/revisions"}],"predecessor-version":[{"id":3023,"href":"https:\/\/profsenligne.net\/index.php\/wp-json\/wp\/v2\/pages\/3014\/revisions\/3023"}],"wp:attachment":[{"href":"https:\/\/profsenligne.net\/index.php\/wp-json\/wp\/v2\/media?parent=3014"}],"curies":[{"name":"wp","href":"https:\/\/api.w.org\/{rel}","templated":true}]}}