{"id":2922,"date":"2020-05-13T09:51:42","date_gmt":"2020-05-13T13:51:42","guid":{"rendered":"https:\/\/profsenligne.net\/?page_id=2922"},"modified":"2020-05-13T09:55:11","modified_gmt":"2020-05-13T13:55:11","slug":"up2a-2","status":"publish","type":"page","link":"https:\/\/profsenligne.net\/index.php\/up2a-2\/","title":{"rendered":"UP2A"},"content":{"rendered":"\n<p class=\"has-medium-font-size\"><strong>UP2A<\/strong> : <strong>U<\/strong>nit\u00e9 <strong>P<\/strong>\u00e9dagogique pour <strong>\u00c9<\/strong>l\u00e8ves <strong>A<\/strong>llophones<strong> A<\/strong>rrivants<\/p>\n","protected":false},"excerpt":{"rendered":"<p>UP2A : Unit\u00e9 P\u00e9dagogique pour \u00c9l\u00e8ves Allophones Arrivants<\/p>\n","protected":false},"author":2,"featured_media":0,"parent":0,"menu_order":0,"comment_status":"closed","ping_status":"closed","template":"","meta":{"footnotes":""},"_links":{"self":[{"href":"https:\/\/profsenligne.net\/index.php\/wp-json\/wp\/v2\/pages\/2922"}],"collection":[{"href":"https:\/\/profsenligne.net\/index.php\/wp-json\/wp\/v2\/pages"}],"about":[{"href":"https:\/\/profsenligne.net\/index.php\/wp-json\/wp\/v2\/types\/page"}],"author":[{"embeddable":true,"href":"https:\/\/profsenligne.net\/index.php\/wp-json\/wp\/v2\/users\/2"}],"replies":[{"embeddable":true,"href":"https:\/\/profsenligne.net\/index.php\/wp-json\/wp\/v2\/comments?post=2922"}],"version-history":[{"count":2,"href":"https:\/\/profsenligne.net\/index.php\/wp-json\/wp\/v2\/pages\/2922\/revisions"}],"predecessor-version":[{"id":2925,"href":"https:\/\/profsenligne.net\/index.php\/wp-json\/wp\/v2\/pages\/2922\/revisions\/2925"}],"wp:attachment":[{"href":"https:\/\/profsenligne.net\/index.php\/wp-json\/wp\/v2\/media?parent=2922"}],"curies":[{"name":"wp","href":"https:\/\/api.w.org\/{rel}","templated":true}]}}