{"id":2917,"date":"2020-05-13T09:43:10","date_gmt":"2020-05-13T13:43:10","guid":{"rendered":"https:\/\/profsenligne.net\/?page_id=2917"},"modified":"2020-05-13T09:56:14","modified_gmt":"2020-05-13T13:56:14","slug":"pial2","status":"publish","type":"page","link":"https:\/\/profsenligne.net\/index.php\/pial2\/","title":{"rendered":"PIAL"},"content":{"rendered":"\n<p>Quelques acronymes \u00e0 retenir :<\/p>\n\n\n\n<p class=\"has-medium-font-size\"><strong>PIAL<\/strong>&nbsp;: <strong>P<\/strong>\u00f4le&nbsp;<strong>I<\/strong>nclusif d\u2019<strong>A<\/strong>ccompagnement&nbsp;<strong>L<\/strong>ocalis\u00e9<\/p>\n\n\n\n<p class=\"has-medium-font-size\"><strong>AESH<\/strong> : <strong>A<\/strong>ccompagnant des<strong> \u00c9<\/strong>l\u00e8ves en <strong>S<\/strong>ituation de <strong>H<\/strong>andicap<\/p>\n","protected":false},"excerpt":{"rendered":"<p>Quelques acronymes \u00e0 retenir : PIAL&nbsp;: P\u00f4le&nbsp;Inclusif d\u2019Accompagnement&nbsp;Localis\u00e9 AESH : Accompagnant des \u00c9l\u00e8ves en Situation de Handicap<\/p>\n","protected":false},"author":2,"featured_media":0,"parent":0,"menu_order":0,"comment_status":"closed","ping_status":"closed","template":"","meta":{"footnotes":""},"_links":{"self":[{"href":"https:\/\/profsenligne.net\/index.php\/wp-json\/wp\/v2\/pages\/2917"}],"collection":[{"href":"https:\/\/profsenligne.net\/index.php\/wp-json\/wp\/v2\/pages"}],"about":[{"href":"https:\/\/profsenligne.net\/index.php\/wp-json\/wp\/v2\/types\/page"}],"author":[{"embeddable":true,"href":"https:\/\/profsenligne.net\/index.php\/wp-json\/wp\/v2\/users\/2"}],"replies":[{"embeddable":true,"href":"https:\/\/profsenligne.net\/index.php\/wp-json\/wp\/v2\/comments?post=2917"}],"version-history":[{"count":3,"href":"https:\/\/profsenligne.net\/index.php\/wp-json\/wp\/v2\/pages\/2917\/revisions"}],"predecessor-version":[{"id":2927,"href":"https:\/\/profsenligne.net\/index.php\/wp-json\/wp\/v2\/pages\/2917\/revisions\/2927"}],"wp:attachment":[{"href":"https:\/\/profsenligne.net\/index.php\/wp-json\/wp\/v2\/media?parent=2917"}],"curies":[{"name":"wp","href":"https:\/\/api.w.org\/{rel}","templated":true}]}}