{"id":261,"date":"2020-03-21T10:23:08","date_gmt":"2020-03-21T09:23:08","guid":{"rendered":"http:\/\/profsenligne.free.fr\/?page_id=261"},"modified":"2020-04-09T06:10:51","modified_gmt":"2020-04-09T10:10:51","slug":"ps3","status":"publish","type":"page","link":"https:\/\/profsenligne.net\/index.php\/ps3\/","title":{"rendered":"PS3"},"content":{"rendered":"\n<p>Chers tous, Ma\u00eetresse <strong>\u00c9lodie<\/strong> vous propose les activit\u00e9s suivantes : <\/p>\n\n\n\n<div class=\"wp-block-buttons is-layout-flex wp-block-buttons-is-layout-flex\">\n<div class=\"wp-block-button\"><a class=\"wp-block-button__link has-text-color has-very-light-gray-color has-background has-vivid-cyan-blue-background-color\" href=\"\/wp-content\/uploads\/mars2020\/Docs\/JB\/PS3\/Topologie.pdf\">Topologie<\/a><\/div>\n\n\n\n<div class=\"wp-block-button is-style-fill\"><a class=\"wp-block-button__link has-text-color has-very-light-gray-color has-background has-vivid-cyan-blue-background-color\" href=\"\/wp-content\/uploads\/mars2020\/Docs\/JB\/PS3\/Petit_moyen_grand.pdf\">Petit moyen grand<\/a><\/div>\n\n\n\n<div class=\"wp-block-button is-style-fill\"><a class=\"wp-block-button__link has-text-color has-very-light-gray-color has-background has-vivid-cyan-blue-background-color\" href=\"\/wp-content\/uploads\/mars2020\/Docs\/JB\/PS3\/Les_quadrillages.pdf\">Les quadrillages<\/a><\/div>\n<\/div>\n\n\n\n<div class=\"wp-block-buttons is-layout-flex wp-block-buttons-is-layout-flex\">\n<div class=\"wp-block-button\"><a class=\"wp-block-button__link has-text-color has-very-light-gray-color has-background has-vivid-cyan-blue-background-color\" href=\"\/wp-content\/uploads\/mars2020\/Docs\/JB\/PS3\/Les_couleurs.pdf\">Les couleurs<\/a><\/div>\n\n\n\n<div class=\"wp-block-button is-style-fill\"><a class=\"wp-block-button__link has-text-color has-very-light-gray-color has-background has-vivid-cyan-blue-background-color\" href=\"\/wp-content\/uploads\/mars2020\/Docs\/JB\/PS3\/1-2.pdf\">Un et deux<\/a><\/div>\n\n\n\n<div class=\"wp-block-button is-style-fill\"><a class=\"wp-block-button__link has-text-color has-very-light-gray-color has-background has-vivid-cyan-blue-background-color\" href=\"\/wp-content\/uploads\/mars2020\/Docs\/JB\/PS3\/3.pdf\">Trois<\/a><\/div>\n\n\n\n<div class=\"wp-block-button is-style-fill\"><a class=\"wp-block-button__link has-text-color has-very-light-gray-color has-background has-vivid-cyan-blue-background-color\" href=\"\/wp-content\/uploads\/mars2020\/Docs\/JB\/PS3\/3.pdf\">Appariements<\/a><\/div>\n<\/div>\n\n\n\n<div class=\"wp-block-buttons is-layout-flex wp-block-buttons-is-layout-flex\">\n<div class=\"wp-block-button\"><a class=\"wp-block-button__link has-text-color has-very-light-gray-color has-background has-vivid-cyan-blue-background-color\" href=\"\/wp-content\/uploads\/mars2020\/Docs\/JB\/PS3\/Le_rond.pdf\">Le rond<\/a><\/div>\n\n\n\n<div class=\"wp-block-button is-style-fill\"><a class=\"wp-block-button__link has-text-color has-very-light-gray-color has-background has-vivid-cyan-blue-background-color\" href=\"\/wp-content\/uploads\/mars2020\/Docs\/JB\/PS3\/Le_carr.pdf\">Le carr\u00e9<\/a><\/div>\n\n\n\n<div class=\"wp-block-button is-style-fill\"><a class=\"wp-block-button__link has-text-color has-very-light-gray-color has-background has-vivid-cyan-blue-background-color\" href=\"\/wp-content\/uploads\/mars2020\/Docs\/JB\/PS3\/Le_triangle.pdf\">Le triangle<\/a><\/div>\n<\/div>\n\n\n\n<div class=\"wp-block-buttons is-layout-flex wp-block-buttons-is-layout-flex\">\n<div class=\"wp-block-button\"><a class=\"wp-block-button__link has-text-color has-very-light-gray-color has-background has-vivid-cyan-blue-background-color\" href=\"\/wp-content\/uploads\/mars2020\/Docs\/JB\/PS3\/Documentaires_animaliers.pdf\">Documentaire Animalier<\/a><\/div>\n\n\n\n<div class=\"wp-block-button is-style-fill\"><a class=\"wp-block-button__link has-text-color has-very-light-gray-color has-background has-vivid-cyan-blue-background-color\" href=\"\/wp-content\/uploads\/mars2020\/Docs\/JB\/PS3\/Animaux_savane.pdf\">Animaux de la savane<\/a><\/div>\n\n\n\n<div class=\"wp-block-button is-style-fill\"><a class=\"wp-block-button__link has-text-color has-very-light-gray-color has-background has-vivid-cyan-blue-background-color\" href=\"\/wp-content\/uploads\/mars2020\/Docs\/JB\/PS3\/Animaux_marins.pdf\">Animaux marins<\/a><\/div>\n<\/div>\n\n\n\n<p><strong>Comptines et Chansons<\/strong><\/p>\n\n\n\n<div class=\"wp-block-buttons is-layout-flex wp-block-buttons-is-layout-flex\">\n<div class=\"wp-block-button\"><a class=\"wp-block-button__link has-text-color has-very-light-gray-color has-background has-vivid-cyan-blue-background-color\" href=\"\/wp-content\/uploads\/mars2020\/Docs\/JB\/PS3\/Chants_crabes.pdf\">Texte: comptine et chant du crabe<\/a><\/div>\n<\/div>\n\n\n\n<figure>\n    <figcaption><b>Calcul mental:<\/b><br>P&#8217;tit crabe:<\/figcaption>\n    <audio controls=\"\" src=\"\/wp-content\/uploads\/mars2020\/Docs\/JB\/PS3\/un-ptit-crabe.mp3\">\n            Your browser does not support the\n            <code>audio<\/code> element.\n    <\/audio>\n<\/figure>\n\n\n\n<figure>\n    <figcaption><b>Calcul mental:<\/b><br>Petit crabe sur la plage:<\/figcaption>\n    <audio controls=\"\" src=\"\/wp-content\/uploads\/mars2020\/Docs\/JB\/PS3\/Petit_Crabe_plage.mp3\">\n            Your browser does not support the\n            <code>audio<\/code> element.\n    <\/audio>\n<\/figure>\n\n\n\n<hr class=\"wp-block-separator\"\/>\n","protected":false},"excerpt":{"rendered":"<p>Chers tous, Ma\u00eetresse \u00c9lodie vous propose les activit\u00e9s suivantes : Comptines et Chansons Calcul mental:P&#8217;tit crabe: Your browser does not support the audio element. Calcul mental:Petit crabe sur la plage: Your browser does not support the audio element.<\/p>\n","protected":false},"author":2,"featured_media":0,"parent":0,"menu_order":0,"comment_status":"closed","ping_status":"closed","template":"","meta":{"footnotes":""},"_links":{"self":[{"href":"https:\/\/profsenligne.net\/index.php\/wp-json\/wp\/v2\/pages\/261"}],"collection":[{"href":"https:\/\/profsenligne.net\/index.php\/wp-json\/wp\/v2\/pages"}],"about":[{"href":"https:\/\/profsenligne.net\/index.php\/wp-json\/wp\/v2\/types\/page"}],"author":[{"embeddable":true,"href":"https:\/\/profsenligne.net\/index.php\/wp-json\/wp\/v2\/users\/2"}],"replies":[{"embeddable":true,"href":"https:\/\/profsenligne.net\/index.php\/wp-json\/wp\/v2\/comments?post=261"}],"version-history":[{"count":10,"href":"https:\/\/profsenligne.net\/index.php\/wp-json\/wp\/v2\/pages\/261\/revisions"}],"predecessor-version":[{"id":1890,"href":"https:\/\/profsenligne.net\/index.php\/wp-json\/wp\/v2\/pages\/261\/revisions\/1890"}],"wp:attachment":[{"href":"https:\/\/profsenligne.net\/index.php\/wp-json\/wp\/v2\/media?parent=261"}],"curies":[{"name":"wp","href":"https:\/\/api.w.org\/{rel}","templated":true}]}}