{"id":2310,"date":"2020-04-27T08:26:28","date_gmt":"2020-04-27T12:26:28","guid":{"rendered":"https:\/\/profsenligne.net\/?page_id=2310"},"modified":"2020-04-27T08:27:15","modified_gmt":"2020-04-27T12:27:15","slug":"ce2b-2","status":"publish","type":"page","link":"https:\/\/profsenligne.net\/index.php\/ce2b-2\/","title":{"rendered":"CE2B"},"content":{"rendered":"\n<p>Vos ma\u00eetresses <strong>Claudine<\/strong> et <strong>Kelly<\/strong> vous ont r\u00e9serv\u00e9 pour ce lundi 27 avril les activit\u00e9s suivantes :<\/p>\n\n\n\n<div class=\"wp-block-buttons is-layout-flex wp-block-buttons-is-layout-flex\">\n<div class=\"wp-block-button\"><a class=\"wp-block-button__link has-text-color has-very-light-gray-color has-background has-vivid-cyan-blue-background-color\" href=\"\/wp-content\/uploads\/avril2020\/CSM\/CE2B\/Fr_27.pdf\">Fran\u00e7ais<\/a><\/div>\n\n\n\n<div class=\"wp-block-button is-style-outline\"><a class=\"wp-block-button__link has-text-color has-very-light-gray-color has-background has-pale-cyan-blue-background-color\" href=\"\/wp-content\/uploads\/avril2020\/CSM\/CE2B\/Fr_27_corr.pdf\">Correction<\/a><\/div>\n<\/div>\n\n\n\n<hr class=\"wp-block-separator\"\/>\n","protected":false},"excerpt":{"rendered":"<p>Vos ma\u00eetresses Claudine et Kelly vous ont r\u00e9serv\u00e9 pour ce lundi 27 avril les activit\u00e9s suivantes :<\/p>\n","protected":false},"author":2,"featured_media":0,"parent":0,"menu_order":0,"comment_status":"closed","ping_status":"closed","template":"","meta":{"footnotes":""},"_links":{"self":[{"href":"https:\/\/profsenligne.net\/index.php\/wp-json\/wp\/v2\/pages\/2310"}],"collection":[{"href":"https:\/\/profsenligne.net\/index.php\/wp-json\/wp\/v2\/pages"}],"about":[{"href":"https:\/\/profsenligne.net\/index.php\/wp-json\/wp\/v2\/types\/page"}],"author":[{"embeddable":true,"href":"https:\/\/profsenligne.net\/index.php\/wp-json\/wp\/v2\/users\/2"}],"replies":[{"embeddable":true,"href":"https:\/\/profsenligne.net\/index.php\/wp-json\/wp\/v2\/comments?post=2310"}],"version-history":[{"count":2,"href":"https:\/\/profsenligne.net\/index.php\/wp-json\/wp\/v2\/pages\/2310\/revisions"}],"predecessor-version":[{"id":2312,"href":"https:\/\/profsenligne.net\/index.php\/wp-json\/wp\/v2\/pages\/2310\/revisions\/2312"}],"wp:attachment":[{"href":"https:\/\/profsenligne.net\/index.php\/wp-json\/wp\/v2\/media?parent=2310"}],"curies":[{"name":"wp","href":"https:\/\/api.w.org\/{rel}","templated":true}]}}