{"id":203,"date":"2020-03-20T11:51:01","date_gmt":"2020-03-20T10:51:01","guid":{"rendered":"http:\/\/profsenligne.free.fr\/?page_id=203"},"modified":"2020-06-22T17:26:47","modified_gmt":"2020-06-22T21:26:47","slug":"ms","status":"publish","type":"page","link":"https:\/\/profsenligne.net\/index.php\/ms\/","title":{"rendered":"MSC"},"content":{"rendered":"\n<p>Pour cette semaine du 22 au 26 juin, voici d&#8217;autres activit\u00e9s \u00e0 r\u00e9aliser propos\u00e9es par votre ma\u00eetresse :<\/p>\n\n\n\n<div class=\"wp-block-buttons is-layout-flex wp-block-buttons-is-layout-flex\">\n<div class=\"wp-block-button\"><a class=\"wp-block-button__link has-text-color has-very-light-gray-color has-background has-vivid-purple-background-color\" href=\"\/wp-content\/uploads\/juin2020\/CLA\/MSC\/Activites_22_06.pdf\">Livret d&#8217;activit\u00e9s du 22 au 26 juin<\/a><\/div>\n<\/div>\n\n\n\n<p><\/p>\n\n\n\n<hr class=\"wp-block-separator\"\/>\n\n\n\n<p>Votre ma\u00eetresse <strong>\u00c9lodie<\/strong> vous propose aujourd&#8217;hui des activit\u00e9s autour de la f\u00eate des p\u00e8res \u00e0 venir :<\/p>\n\n\n\n<div class=\"wp-block-buttons is-layout-flex wp-block-buttons-is-layout-flex\">\n<div class=\"wp-block-button\"><a class=\"wp-block-button__link has-text-color has-very-light-gray-color has-background has-vivid-cyan-blue-background-color\" href=\"\/wp-content\/uploads\/juin2020\/CLA\/MSC\/BFP.pdf\">Bonne f\u00eate Papa !<\/a><\/div>\n<\/div>\n\n\n\n<p><\/p>\n\n\n\n<hr class=\"wp-block-separator\"\/>\n\n\n\n<p>Pour la p\u00e9riode qui s&#8217;\u00e9tend du 08 au 21 juin, voici le livret d&#8217;activit\u00e9s que votre ma\u00eetresse \u00c9lodie vous a pr\u00e9par\u00e9 : <\/p>\n\n\n\n<div class=\"wp-block-buttons is-layout-flex wp-block-buttons-is-layout-flex\">\n<div class=\"wp-block-button\"><a class=\"wp-block-button__link has-text-color has-very-light-gray-color has-background has-vivid-purple-background-color\" href=\"\/wp-content\/uploads\/juin2020\/CLA\/MSC\/Activites_8_21_06.pdf\">Livret d&#8217;activit\u00e9s du 8 au 21 juin<\/a><\/div>\n<\/div>\n\n\n\n<p><\/p>\n\n\n\n<hr class=\"wp-block-separator\"\/>\n\n\n\n<p>Votre ma\u00eetresse vous pr\u00e9sente ces activit\u00e9s pour cette p\u00e9riode de f\u00eate des mamans :<\/p>\n\n\n\n<div class=\"wp-block-buttons is-layout-flex wp-block-buttons-is-layout-flex\">\n<div class=\"wp-block-button\"><a class=\"wp-block-button__link has-text-color has-very-light-gray-color has-background has-luminous-vivid-amber-background-color\" href=\"\/wp-content\/uploads\/juin2020\/CLA\/MSC\/BFM.pdf\">Bonne f\u00eate Maman !<\/a><\/div>\n\n\n\n<div class=\"wp-block-button is-style-outline\"><a class=\"wp-block-button__link has-text-color has-very-light-gray-color has-background has-vivid-purple-background-color\" href=\"\/wp-content\/uploads\/juin2020\/CLA\/MSC\/Livre_fille.pdf\">Fiche fille<\/a><\/div>\n\n\n\n<div class=\"wp-block-button is-style-outline\"><a class=\"wp-block-button__link has-text-color has-very-light-gray-color has-background has-luminous-vivid-orange-background-color\" href=\"\/wp-content\/uploads\/juin2020\/CLA\/MSC\/Livre_garcon.pdf\">Fiche gar\u00e7on<\/a><\/div>\n<\/div>\n\n\n\n<p><\/p>\n\n\n\n<hr class=\"wp-block-separator\"\/>\n\n\n\n<p>Pour cette derni\u00e8re semaine du mois de mai, votre ma\u00eetresse vous pr\u00e9sente les activit\u00e9s \u00e0 r\u00e9aliser :<\/p>\n\n\n\n<div class=\"wp-block-buttons is-layout-flex wp-block-buttons-is-layout-flex\">\n<div class=\"wp-block-button\"><a class=\"wp-block-button__link has-text-color has-very-light-gray-color has-background has-vivid-cyan-blue-background-color\" href=\"\/wp-content\/uploads\/mai2020\/CLA\/MSC\/Activites25.pdf\">Cahier d&#8217;activit\u00e9s n\u00b05<\/a><\/div>\n<\/div>\n\n\n\n<p><\/p>\n\n\n\n<hr class=\"wp-block-separator\"\/>\n\n\n\n<p>En cette deuxi\u00e8me semaine de mai, ma\u00eetresse <strong>\u00c9lodie <\/strong>vous a concoct\u00e9 une s\u00e9rie d&#8217;exercices \u00e0 effectuer :<\/p>\n\n\n\n<div class=\"wp-block-buttons is-layout-flex wp-block-buttons-is-layout-flex\">\n<div class=\"wp-block-button\"><a class=\"wp-block-button__link has-text-color has-very-light-gray-color has-background has-vivid-cyan-blue-background-color\" href=\"\/wp-content\/uploads\/mai2020\/CLA\/MSC\/Activites_13.pdf\">Cahier d&#8217;activit\u00e9s n\u00b04<\/a><\/div>\n<\/div>\n\n\n\n<div class=\"_3d-flip-book  fb3d-fullscreen-mode full-size\" data-id=\"2912\" data-mode=\"fullscreen\" data-title=\"false\" data-template=\"short-white-book-view\" data-lightbox=\"dark-shadow\" data-urlparam=\"fb3d-page\" data-page-n=\"0\" data-pdf=\"\" data-tax=\"null\" data-thumbnail=\"\" data-cols=\"3\" data-book-template=\"default\" data-trigger=\"\"><\/div><script type=\"text\/javascript\">window.FB3D_CLIENT_DATA = window.FB3D_CLIENT_DATA || [];FB3D_CLIENT_DATA.push('eyJwb3N0cyI6eyIyOTEyIjp7IklEIjoyOTEyLCJ0aXRsZSI6IkFuaW1hdXgyIiwidHlwZSI6ImN1c3RvbSIsInJlYWR5X2Z1bmN0aW9uIjoiIiwiYm9va19zdHlsZSI6InZvbHVtZSIsImJvb2tfdGVtcGxhdGUiOiJub25lIiwib3V0bGluZSI6W10sImRhdGEiOnsicGRmX3BhZ2VzIjoiMCIsInBvc3RfSUQiOjAsImd1aWQiOiIiLCJwYWdlc19jdXN0b21pemF0aW9uIjoiYWxsIn0sInRodW1ibmFpbCI6eyJkYXRhIjp7InBvc3RfSUQiOiIyOTA1In0sInR5cGUiOiJtZWRpYUltYWdlIn0sInByb3BzIjp7ImhlaWdodCI6ImF1dG8iLCJ3aWR0aCI6ImF1dG8iLCJncmF2aXR5IjoiYXV0byIsImNhY2hlZFBhZ2VzIjoiYXV0byIsInJlbmRlckluYWN0aXZlUGFnZXMiOiJhdXRvIiwicmVuZGVySW5hY3RpdmVQYWdlc09uTW9iaWxlIjoiYXV0byIsInJlbmRlcldoaWxlRmxpcHBpbmciOiJhdXRvIiwicGFnZXNGb3JQcmVkaWN0aW5nIjoiYXV0byIsInByZWxvYWRQYWdlcyI6ImF1dG8iLCJydGwiOiJhdXRvIiwic2hlZXQiOnsic3RhcnRWZWxvY2l0eSI6ImF1dG8iLCJjb3JuZXJEZXZpYXRpb24iOiJhdXRvIiwiZmxleGliaWxpdHkiOiJhdXRvIiwiZmxleGlibGVDb3JuZXIiOiJhdXRvIiwiYmVuZGluZyI6ImF1dG8iLCJ3YXZlIjoiYXV0byIsIndpZHRoVGV4ZWxzIjoiYXV0byIsImhlaWdodFRleGVscyI6ImF1dG8iLCJjb2xvciI6ImF1dG8ifSwiY292ZXIiOnsic3RhcnRWZWxvY2l0eSI6ImF1dG8iLCJmbGV4aWJpbGl0eSI6ImF1dG8iLCJmbGV4aWJsZUNvcm5lciI6ImF1dG8iLCJiZW5kaW5nIjoiYXV0byIsIndhdmUiOiJhdXRvIiwid2lkdGhUZXhlbHMiOiJhdXRvIiwiaGVpZ2h0VGV4ZWxzIjoiYXV0byIsImNvbG9yIjoiYXV0byIsImJpbmRlclRleHR1cmUiOiJhdXRvIiwiZGVwdGgiOiJhdXRvIiwicGFkZGluZyI6ImF1dG8iLCJtYXNzIjoiYXV0byJ9LCJwYWdlIjp7InN0YXJ0VmVsb2NpdHkiOiJhdXRvIiwiZmxleGliaWxpdHkiOiJhdXRvIiwiZmxleGlibGVDb3JuZXIiOiJhdXRvIiwiYmVuZGluZyI6ImF1dG8iLCJ3YXZlIjoiYXV0byIsIndpZHRoVGV4ZWxzIjoiYXV0byIsImhlaWdodFRleGVscyI6ImF1dG8iLCJjb2xvciI6ImF1dG8iLCJkZXB0aCI6ImF1dG8iLCJtYXNzIjoiYXV0byJ9fSwiY29udHJvbFByb3BzIjp7ImFjdGlvbnMiOnsiY21kU2F2ZSI6eyJlbmFibGVkIjoiYXV0byJ9LCJjbWRQcmludCI6eyJlbmFibGVkIjoiYXV0byJ9LCJjbWRTaW5nbGVQYWdlIjp7ImVuYWJsZWQiOiJhdXRvIiwiYWN0aXZlIjoiYXV0byJ9fX0sImF1dG9UaHVtYm5haWwiOm51bGwsInBvc3RfbmFtZSI6ImFuaW1hdXgyIiwicG9zdF90eXBlIjoiM2QtZmxpcC1ib29rIn19LCJwYWdlcyI6eyIyOTEyIjpbeyJwYWdlX0lEIjoiNDgiLCJwYWdlX3Bvc3RfSUQiOiIyOTEyIiwicGFnZV90aXRsZSI6ImNvdXZlcnR1cmUiLCJwYWdlX3NvdXJjZV90eXBlIjoiaW1hZ2UiLCJwYWdlX3NvdXJjZV9kYXRhIjp7InBvc3RfSUQiOiIyOTA1IiwiZ3VpZCI6Imh0dHBzOlwvXC9wcm9mc2VubGlnbmUubmV0XC93cC1jb250ZW50XC91cGxvYWRzXC8yMDIwXC8wNVwvY291dmVydHVyZS5wbmcifSwicGFnZV90aHVtYm5haWxfdHlwZSI6ImF1dG8iLCJwYWdlX3RodW1ibmFpbF9kYXRhIjp7InBvc3RfSUQiOiIwIn0sInBhZ2VfbWV0YV9kYXRhIjp7ImNzc19sYXllciI6eyJjc3MiOiIiLCJodG1sIjoiIiwianMiOiIifX0sInBhZ2VfbnVtYmVyIjoiMCJ9LHsicGFnZV9JRCI6IjQ5IiwicGFnZV9wb3N0X0lEIjoiMjkxMiIsInBhZ2VfdGl0bGUiOiJwb2lzc29uX2JsYW5jIiwicGFnZV9zb3VyY2VfdHlwZSI6ImltYWdlIiwicGFnZV9zb3VyY2VfZGF0YSI6eyJwb3N0X0lEIjoiMjg5OSIsImd1aWQiOiJodHRwczpcL1wvcHJvZnNlbmxpZ25lLm5ldFwvd3AtY29udGVudFwvdXBsb2Fkc1wvMjAyMFwvMDVcL3BvaXNzb25fYmxhbmMucG5nIn0sInBhZ2VfdGh1bWJuYWlsX3R5cGUiOiJhdXRvIiwicGFnZV90aHVtYm5haWxfZGF0YSI6eyJwb3N0X0lEIjoiMCJ9LCJwYWdlX21ldGFfZGF0YSI6eyJjc3NfbGF5ZXIiOnsiY3NzIjoiIiwiaHRtbCI6IiIsImpzIjoiIn19LCJwYWdlX251bWJlciI6IjEifSx7InBhZ2VfSUQiOiI1MCIsInBhZ2VfcG9zdF9JRCI6IjI5MTIiLCJwYWdlX3RpdGxlIjoiZXNjYXJnb3QiLCJwYWdlX3NvdXJjZV90eXBlIjoiaW1hZ2UiLCJwYWdlX3NvdXJjZV9kYXRhIjp7InBvc3RfSUQiOiIyOTA0IiwiZ3VpZCI6Imh0dHBzOlwvXC9wcm9mc2VubGlnbmUubmV0XC93cC1jb250ZW50XC91cGxvYWRzXC8yMDIwXC8wNVwvZXNjYXJnb3QucG5nIn0sInBhZ2VfdGh1bWJuYWlsX3R5cGUiOiJhdXRvIiwicGFnZV90aHVtYm5haWxfZGF0YSI6eyJwb3N0X0lEIjoiMCJ9LCJwYWdlX21ldGFfZGF0YSI6eyJjc3NfbGF5ZXIiOnsiY3NzIjoiIiwiaHRtbCI6IiIsImpzIjoiIn19LCJwYWdlX251bWJlciI6IjIifSx7InBhZ2VfSUQiOiI1MSIsInBhZ2VfcG9zdF9JRCI6IjI5MTIiLCJwYWdlX3RpdGxlIjoicGlldXZyZSIsInBhZ2Vfc291cmNlX3R5cGUiOiJpbWFnZSIsInBhZ2Vfc291cmNlX2RhdGEiOnsicG9zdF9JRCI6IjI4OTgiLCJndWlkIjoiaHR0cHM6XC9cL3Byb2ZzZW5saWduZS5uZXRcL3dwLWNvbnRlbnRcL3VwbG9hZHNcLzIwMjBcLzA1XC9waWV1dnJlLnBuZyJ9LCJwYWdlX3RodW1ibmFpbF90eXBlIjoiYXV0byIsInBhZ2VfdGh1bWJuYWlsX2RhdGEiOnsicG9zdF9JRCI6IjAifSwicGFnZV9tZXRhX2RhdGEiOnsiY3NzX2xheWVyIjp7ImNzcyI6IiIsImh0bWwiOiIiLCJqcyI6IiJ9fSwicGFnZV9udW1iZXIiOiIzIn0seyJwYWdlX0lEIjoiNTIiLCJwYWdlX3Bvc3RfSUQiOiIyOTEyIiwicGFnZV90aXRsZSI6ImNyYWJlIiwicGFnZV9zb3VyY2VfdHlwZSI6ImltYWdlIiwicGFnZV9zb3VyY2VfZGF0YSI6eyJwb3N0X0lEIjoiMjkwMCIsImd1aWQiOiJodHRwczpcL1wvcHJvZnNlbmxpZ25lLm5ldFwvd3AtY29udGVudFwvdXBsb2Fkc1wvMjAyMFwvMDVcL2NyYWJlLnBuZyJ9LCJwYWdlX3RodW1ibmFpbF90eXBlIjoiYXV0byIsInBhZ2VfdGh1bWJuYWlsX2RhdGEiOnsicG9zdF9JRCI6IjAifSwicGFnZV9tZXRhX2RhdGEiOnsiY3NzX2xheWVyIjp7ImNzcyI6IiIsImh0bWwiOiIiLCJqcyI6IiJ9fSwicGFnZV9udW1iZXIiOiI0In0seyJwYWdlX0lEIjoiNTMiLCJwYWdlX3Bvc3RfSUQiOiIyOTEyIiwicGFnZV90aXRsZSI6ImV0b2lsZSIsInBhZ2Vfc291cmNlX3R5cGUiOiJpbWFnZSIsInBhZ2Vfc291cmNlX2RhdGEiOnsicG9zdF9JRCI6IjI5MDMiLCJndWlkIjoiaHR0cHM6XC9cL3Byb2ZzZW5saWduZS5uZXRcL3dwLWNvbnRlbnRcL3VwbG9hZHNcLzIwMjBcLzA1XC9ldG9pbGUucG5nIn0sInBhZ2VfdGh1bWJuYWlsX3R5cGUiOiJhdXRvIiwicGFnZV90aHVtYm5haWxfZGF0YSI6eyJwb3N0X0lEIjoiMCJ9LCJwYWdlX21ldGFfZGF0YSI6eyJjc3NfbGF5ZXIiOnsiY3NzIjoiIiwiaHRtbCI6IiIsImpzIjoiIn19LCJwYWdlX251bWJlciI6IjUifSx7InBhZ2VfSUQiOiI1NCIsInBhZ2VfcG9zdF9JRCI6IjI5MTIiLCJwYWdlX3RpdGxlIjoiYmFsZWluZSIsInBhZ2Vfc291cmNlX3R5cGUiOiJpbWFnZSIsInBhZ2Vfc291cmNlX2RhdGEiOnsicG9zdF9JRCI6IjI5MDEiLCJndWlkIjoiaHR0cHM6XC9cL3Byb2ZzZW5saWduZS5uZXRcL3dwLWNvbnRlbnRcL3VwbG9hZHNcLzIwMjBcLzA1XC9iYWxlaW5lLnBuZyJ9LCJwYWdlX3RodW1ibmFpbF90eXBlIjoiYXV0byIsInBhZ2VfdGh1bWJuYWlsX2RhdGEiOnsicG9zdF9JRCI6IjAifSwicGFnZV9tZXRhX2RhdGEiOnsiY3NzX2xheWVyIjp7ImNzcyI6IiIsImh0bWwiOiIiLCJqcyI6IiJ9fSwicGFnZV9udW1iZXIiOiI2In0seyJwYWdlX0lEIjoiNTUiLCJwYWdlX3Bvc3RfSUQiOiIyOTEyIiwicGFnZV90aXRsZSI6InRvcnR1ZSIsInBhZ2Vfc291cmNlX3R5cGUiOiJpbWFnZSIsInBhZ2Vfc291cmNlX2RhdGEiOnsicG9zdF9JRCI6IjI4OTciLCJndWlkIjoiaHR0cHM6XC9cL3Byb2ZzZW5saWduZS5uZXRcL3dwLWNvbnRlbnRcL3VwbG9hZHNcLzIwMjBcLzA1XC90b3J0dWUucG5nIn0sInBhZ2VfdGh1bWJuYWlsX3R5cGUiOiJhdXRvIiwicGFnZV90aHVtYm5haWxfZGF0YSI6eyJwb3N0X0lEIjoiMCJ9LCJwYWdlX21ldGFfZGF0YSI6eyJjc3NfbGF5ZXIiOnsiY3NzIjoiIiwiaHRtbCI6IiIsImpzIjoiIn19LCJwYWdlX251bWJlciI6IjcifSx7InBhZ2VfSUQiOiI1NiIsInBhZ2VfcG9zdF9JRCI6IjI5MTIiLCJwYWdlX3RpdGxlIjoiaGlwcG8iLCJwYWdlX3NvdXJjZV90eXBlIjoiaW1hZ2UiLCJwYWdlX3NvdXJjZV9kYXRhIjp7InBvc3RfSUQiOiIyOTAyIiwiZ3VpZCI6Imh0dHBzOlwvXC9wcm9mc2VubGlnbmUubmV0XC93cC1jb250ZW50XC91cGxvYWRzXC8yMDIwXC8wNVwvaGlwcG8ucG5nIn0sInBhZ2VfdGh1bWJuYWlsX3R5cGUiOiJhdXRvIiwicGFnZV90aHVtYm5haWxfZGF0YSI6eyJwb3N0X0lEIjoiMCJ9LCJwYWdlX21ldGFfZGF0YSI6eyJjc3NfbGF5ZXIiOnsiY3NzIjoiIiwiaHRtbCI6IiIsImpzIjoiIn19LCJwYWdlX251bWJlciI6IjgifSx7InBhZ2VfSUQiOiI1NyIsInBhZ2VfcG9zdF9JRCI6IjI5MTIiLCJwYWdlX3RpdGxlIjoiY291dmVydHVyZTQiLCJwYWdlX3NvdXJjZV90eXBlIjoiaW1hZ2UiLCJwYWdlX3NvdXJjZV9kYXRhIjp7InBvc3RfSUQiOiIyOTE0IiwiZ3VpZCI6Imh0dHBzOlwvXC9wcm9mc2VubGlnbmUubmV0XC93cC1jb250ZW50XC91cGxvYWRzXC8yMDIwXC8wNVwvY291dmVydHVyZTQucG5nIn0sInBhZ2VfdGh1bWJuYWlsX3R5cGUiOiJhdXRvIiwicGFnZV90aHVtYm5haWxfZGF0YSI6eyJwb3N0X0lEIjoiMCJ9LCJwYWdlX21ldGFfZGF0YSI6eyJjc3NfbGF5ZXIiOnsiY3NzIjoiIiwiaHRtbCI6IiIsImpzIjoiIn19LCJwYWdlX251bWJlciI6IjkifV19LCJmaXJzdFBhZ2VzIjpbXX0=');window.FB3D_CLIENT_LOCALE && FB3D_CLIENT_LOCALE.render && FB3D_CLIENT_LOCALE.render();<\/script>\n\n\n\n<p><\/p>\n\n\n\n<hr class=\"wp-block-separator\"\/>\n\n\n\n<p>Pour cette p\u00e9riode s&#8217;\u00e9tendant du 27 avril au 11 mai, votre ma\u00eetresse vous a pr\u00e9par\u00e9 les activit\u00e9s suivantes :<\/p>\n\n\n\n<div class=\"wp-block-buttons is-layout-flex wp-block-buttons-is-layout-flex\">\n<div class=\"wp-block-button\"><a class=\"wp-block-button__link has-text-color has-very-light-gray-color has-background has-vivid-cyan-blue-background-color\" href=\"\/wp-content\/uploads\/avril2020\/CLA\/MSC\/Activites_27_11.pdf\">Cahier d&#8217;activit\u00e9s n\u00b03<\/a><\/div>\n<\/div>\n\n\n\n<p><\/p>\n\n\n\n<hr class=\"wp-block-separator\"\/>\n\n\n\n<p>Pour ce jeudi et vendredi d&#8217;avril, votre ma\u00eetresse <strong>\u00c9lodie<\/strong> vous livre les activit\u00e9s \u00e0 effectuer :<\/p>\n\n\n\n<div class=\"wp-block-buttons is-layout-flex wp-block-buttons-is-layout-flex\">\n<div class=\"wp-block-button\"><a class=\"wp-block-button__link has-text-color has-very-light-gray-color has-background has-vivid-cyan-blue-background-color\" href=\"\/wp-content\/uploads\/avril2020\/CLA\/MSC\/Cont_peda.pdf\">Cahier d&#8217;activit\u00e9s n\u00b02<\/a><\/div>\n<\/div>\n\n\n\n<p><\/p>\n\n\n\n<hr class=\"wp-block-separator\"\/>\n\n\n\n<p>Voici le travail que votre ma\u00eetresse <strong>\u00c9lodie<\/strong> vous soumet pour ces semaines \u00e0 venir:<\/p>\n\n\n\n<div class=\"wp-block-buttons is-layout-flex wp-block-buttons-is-layout-flex\">\n<div class=\"wp-block-button\"><a class=\"wp-block-button__link has-text-color has-very-light-gray-color has-background has-vivid-cyan-blue-background-color\" href=\"\/wp-content\/uploads\/mars2020\/Docs\/CLA\/MSC\/Cahier_acti.pdf\">Cahier d&#8217;activit\u00e9s n\u00b01<\/a><\/div>\n<\/div>\n\n\n\n<hr class=\"wp-block-separator\"\/>\n\n\n\n<p>Ma\u00eetresse <strong>\u00c9lodie <\/strong>pr\u00e9sente le travail \u00e0 effectuer durant cette p\u00e9riode de confinement:<\/p>\n\n\n\n<div class=\"wp-block-buttons is-layout-flex wp-block-buttons-is-layout-flex\">\n<div class=\"wp-block-button\"><a class=\"wp-block-button__link has-text-color has-very-light-gray-color has-background has-luminous-vivid-amber-background-color\" href=\"\/wp-content\/uploads\/mars2020\/Docs\/CLA\/MSC\/Prog_sem.pdf\">Programme<\/a><\/div>\n<\/div>\n\n\n\n<hr class=\"wp-block-separator\"\/>\n","protected":false},"excerpt":{"rendered":"<p>Pour cette semaine du 22 au 26 juin, voici d&#8217;autres activit\u00e9s \u00e0 r\u00e9aliser propos\u00e9es par votre ma\u00eetresse : Votre ma\u00eetresse \u00c9lodie vous propose aujourd&#8217;hui des activit\u00e9s autour de la f\u00eate des p\u00e8res \u00e0 venir : Pour la p\u00e9riode qui s&#8217;\u00e9tend du 08 au 21 juin, voici le livret d&#8217;activit\u00e9s que votre ma\u00eetresse \u00c9lodie vous a &hellip; <\/p>\n<p class=\"link-more\"><a href=\"https:\/\/profsenligne.net\/index.php\/ms\/\" class=\"more-link\">Continue reading<span class=\"screen-reader-text\"> &#8220;MSC&#8221;<\/span><\/a><\/p>\n","protected":false},"author":2,"featured_media":0,"parent":0,"menu_order":0,"comment_status":"closed","ping_status":"closed","template":"","meta":{"footnotes":""},"_links":{"self":[{"href":"https:\/\/profsenligne.net\/index.php\/wp-json\/wp\/v2\/pages\/203"}],"collection":[{"href":"https:\/\/profsenligne.net\/index.php\/wp-json\/wp\/v2\/pages"}],"about":[{"href":"https:\/\/profsenligne.net\/index.php\/wp-json\/wp\/v2\/types\/page"}],"author":[{"embeddable":true,"href":"https:\/\/profsenligne.net\/index.php\/wp-json\/wp\/v2\/users\/2"}],"replies":[{"embeddable":true,"href":"https:\/\/profsenligne.net\/index.php\/wp-json\/wp\/v2\/comments?post=203"}],"version-history":[{"count":21,"href":"https:\/\/profsenligne.net\/index.php\/wp-json\/wp\/v2\/pages\/203\/revisions"}],"predecessor-version":[{"id":3661,"href":"https:\/\/profsenligne.net\/index.php\/wp-json\/wp\/v2\/pages\/203\/revisions\/3661"}],"wp:attachment":[{"href":"https:\/\/profsenligne.net\/index.php\/wp-json\/wp\/v2\/media?parent=203"}],"curies":[{"name":"wp","href":"https:\/\/api.w.org\/{rel}","templated":true}]}}