{"id":1979,"date":"2020-04-15T16:24:27","date_gmt":"2020-04-15T20:24:27","guid":{"rendered":"https:\/\/profsenligne.net\/?page_id=1979"},"modified":"2020-05-13T09:55:40","modified_gmt":"2020-05-13T13:55:40","slug":"rased","status":"publish","type":"page","link":"https:\/\/profsenligne.net\/index.php\/rased\/","title":{"rendered":"RASED"},"content":{"rendered":"\n<p class=\"has-medium-font-size\"><strong>R<\/strong>\u00e9seau d&#8217;<strong>A<\/strong>ides <strong>S<\/strong>p\u00e9cialis\u00e9es aux <strong>E<\/strong>l\u00e8ves en <strong>D<\/strong>ifficult\u00e9<\/p>\n\n\n\n<p>Les enseignants sp\u00e9cialis\u00e9s et les psychologues des RASED&nbsp;dispensent des aides sp\u00e9cialis\u00e9es aux \u00e9l\u00e8ves d\u2019\u00e9coles maternelles et \u00e9l\u00e9mentaires en grande difficult\u00e9. Leur travail sp\u00e9cifique, compl\u00e9mentaire de celui des enseignants dans les classes, permet d\u2019apporter en \u00e9quipe une meilleure r\u00e9ponse aux difficult\u00e9s d\u2019apprentissage et d\u2019adaptation aux exigences scolaires qu\u2019\u00e9prouvent certains \u00e9l\u00e8ves. (sources \u00e9ducation.gouv.fr)<\/p>\n","protected":false},"excerpt":{"rendered":"<p>R\u00e9seau d&#8217;Aides Sp\u00e9cialis\u00e9es aux El\u00e8ves en Difficult\u00e9 Les enseignants sp\u00e9cialis\u00e9s et les psychologues des RASED&nbsp;dispensent des aides sp\u00e9cialis\u00e9es aux \u00e9l\u00e8ves d\u2019\u00e9coles maternelles et \u00e9l\u00e9mentaires en grande difficult\u00e9. Leur travail sp\u00e9cifique, compl\u00e9mentaire de celui des enseignants dans les classes, permet d\u2019apporter en \u00e9quipe une meilleure r\u00e9ponse aux difficult\u00e9s d\u2019apprentissage et d\u2019adaptation aux exigences scolaires qu\u2019\u00e9prouvent certains &hellip; <\/p>\n<p class=\"link-more\"><a href=\"https:\/\/profsenligne.net\/index.php\/rased\/\" class=\"more-link\">Continue reading<span class=\"screen-reader-text\"> &#8220;RASED&#8221;<\/span><\/a><\/p>\n","protected":false},"author":2,"featured_media":0,"parent":0,"menu_order":0,"comment_status":"closed","ping_status":"closed","template":"","meta":{"footnotes":""},"_links":{"self":[{"href":"https:\/\/profsenligne.net\/index.php\/wp-json\/wp\/v2\/pages\/1979"}],"collection":[{"href":"https:\/\/profsenligne.net\/index.php\/wp-json\/wp\/v2\/pages"}],"about":[{"href":"https:\/\/profsenligne.net\/index.php\/wp-json\/wp\/v2\/types\/page"}],"author":[{"embeddable":true,"href":"https:\/\/profsenligne.net\/index.php\/wp-json\/wp\/v2\/users\/2"}],"replies":[{"embeddable":true,"href":"https:\/\/profsenligne.net\/index.php\/wp-json\/wp\/v2\/comments?post=1979"}],"version-history":[{"count":2,"href":"https:\/\/profsenligne.net\/index.php\/wp-json\/wp\/v2\/pages\/1979\/revisions"}],"predecessor-version":[{"id":2926,"href":"https:\/\/profsenligne.net\/index.php\/wp-json\/wp\/v2\/pages\/1979\/revisions\/2926"}],"wp:attachment":[{"href":"https:\/\/profsenligne.net\/index.php\/wp-json\/wp\/v2\/media?parent=1979"}],"curies":[{"name":"wp","href":"https:\/\/api.w.org\/{rel}","templated":true}]}}