{"id":188,"date":"2020-03-20T11:45:37","date_gmt":"2020-03-20T10:45:37","guid":{"rendered":"http:\/\/profsenligne.free.fr\/?page_id=188"},"modified":"2020-04-09T05:47:58","modified_gmt":"2020-04-09T09:47:58","slug":"ce1","status":"publish","type":"page","link":"https:\/\/profsenligne.net\/index.php\/ce1\/","title":{"rendered":"CE1"},"content":{"rendered":"\n<p>Aujourd&#8217;hui, l<strong>es enseignant(e)s de CE1<\/strong> vous  proposent le petit dossier d&#8217;apprentissage suivant :<\/p>\n\n\n\n<div class=\"wp-block-buttons is-layout-flex wp-block-buttons-is-layout-flex\">\n<div class=\"wp-block-button\"><a class=\"wp-block-button__link has-text-color has-very-light-gray-color has-background has-vivid-cyan-blue-background-color\" href=\"\/wp-content\/uploads\/mars2020\/Docs\/CSM\/CE1\/Dossier_apprentissage1.pdf\">Mon petit dossier<\/a><\/div>\n<\/div>\n\n\n\n<hr class=\"wp-block-separator\"\/>\n\n\n\n<p>Voici ce que ma\u00eetresse <strong>Christelle<\/strong> vous propose :<\/p>\n\n\n\n<div class=\"wp-block-buttons is-layout-flex wp-block-buttons-is-layout-flex\">\n<div class=\"wp-block-button\"><a class=\"wp-block-button__link has-text-color has-very-light-gray-color has-background has-vivid-cyan-blue-background-color\" href=\"\/wp-content\/uploads\/mars2020\/Docs\/CSM\/CE1\/1_Calcul.pdf\">Le compte est bon<\/a><\/div>\n<\/div>\n\n\n\n<hr class=\"wp-block-separator\"\/>\n\n\n\n<p>Ces activit\u00e9s sont propos\u00e9es par les ma\u00eetresses de CE1 :<\/p>\n\n\n\n<div class=\"wp-block-buttons is-layout-flex wp-block-buttons-is-layout-flex\">\n<div class=\"wp-block-button\"><a class=\"wp-block-button__link has-text-color has-very-light-gray-color has-background has-vivid-cyan-blue-background-color\" href=\"\/wp-content\/uploads\/mars2020\/Docs\/CSM\/CE1\/Lecture.pdf\">Lecture<\/a><\/div>\n\n\n\n<div class=\"wp-block-button is-style-outline\"><a class=\"wp-block-button__link has-text-color has-very-light-gray-color has-background has-vivid-cyan-blue-background-color\" href=\"\/wp-content\/uploads\/mars2020\/Docs\/CSM\/CE1\/Numeration.pdf\">Num\u00e9ration<\/a><\/div>\n<\/div>\n\n\n\n<hr class=\"wp-block-separator\"\/>\n","protected":false},"excerpt":{"rendered":"<p>Aujourd&#8217;hui, les enseignant(e)s de CE1 vous proposent le petit dossier d&#8217;apprentissage suivant : Voici ce que ma\u00eetresse Christelle vous propose : Ces activit\u00e9s sont propos\u00e9es par les ma\u00eetresses de CE1 :<\/p>\n","protected":false},"author":2,"featured_media":0,"parent":0,"menu_order":0,"comment_status":"closed","ping_status":"closed","template":"","meta":{"footnotes":""},"_links":{"self":[{"href":"https:\/\/profsenligne.net\/index.php\/wp-json\/wp\/v2\/pages\/188"}],"collection":[{"href":"https:\/\/profsenligne.net\/index.php\/wp-json\/wp\/v2\/pages"}],"about":[{"href":"https:\/\/profsenligne.net\/index.php\/wp-json\/wp\/v2\/types\/page"}],"author":[{"embeddable":true,"href":"https:\/\/profsenligne.net\/index.php\/wp-json\/wp\/v2\/users\/2"}],"replies":[{"embeddable":true,"href":"https:\/\/profsenligne.net\/index.php\/wp-json\/wp\/v2\/comments?post=188"}],"version-history":[{"count":4,"href":"https:\/\/profsenligne.net\/index.php\/wp-json\/wp\/v2\/pages\/188\/revisions"}],"predecessor-version":[{"id":1862,"href":"https:\/\/profsenligne.net\/index.php\/wp-json\/wp\/v2\/pages\/188\/revisions\/1862"}],"wp:attachment":[{"href":"https:\/\/profsenligne.net\/index.php\/wp-json\/wp\/v2\/media?parent=188"}],"curies":[{"name":"wp","href":"https:\/\/api.w.org\/{rel}","templated":true}]}}