{"id":172,"date":"2020-03-20T11:07:59","date_gmt":"2020-03-20T10:07:59","guid":{"rendered":"http:\/\/profsenligne.free.fr\/?page_id=172"},"modified":"2020-06-13T07:12:25","modified_gmt":"2020-06-13T11:12:25","slug":"documents","status":"publish","type":"page","link":"https:\/\/profsenligne.net\/index.php\/documents\/","title":{"rendered":"Documents Eduscol"},"content":{"rendered":"\n<b><u>Continuit\u00e9 p\u00e9dagogique<\/u><\/b>\n\n\n\n<p>Fiches d&#8217;accompagnement d&#8217;<strong>EDUSCOL<\/strong> pendant la p\u00e9riode de confinement :<\/p>\n\n\n\n<div class=\"wp-block-buttons is-layout-flex wp-block-buttons-is-layout-flex\">\n<div class=\"wp-block-button\"><a class=\"wp-block-button__link has-text-color has-very-light-gray-color has-background has-pale-pink-background-color\" href=\"\/wp-content\/uploads\/Documents\/Ed_fiche_conseil.pdf\">Fiche-conseils<\/a><\/div>\n\n\n\n<div class=\"wp-block-button is-style-outline\"><a class=\"wp-block-button__link has-text-color has-very-light-gray-color has-background has-pale-pink-background-color\" href=\"\/wp-content\/uploads\/Documents\/Ed_fiche_CP.pdf\">Fiche pour le CP<\/a><\/div>\n\n\n\n<div class=\"wp-block-button is-style-outline\"><a class=\"wp-block-button__link has-text-color has-very-light-gray-color has-background has-pale-pink-background-color\" href=\"\/wp-content\/uploads\/Documents\/Ed_fiche_CE.pdf\">Fiche pour le CE<\/a><\/div>\n\n\n\n<div class=\"wp-block-button is-style-outline\"><a class=\"wp-block-button__link has-text-color has-very-light-gray-color has-background has-pale-pink-background-color\" href=\"\/wp-content\/uploads\/Documents\/Ed_fiche_CM.pdf\">Fiche pour le CM<\/a><\/div>\n<\/div>\n\n\n\n<hr class=\"wp-block-separator\"\/>\n","protected":false},"excerpt":{"rendered":"<p>Continuit\u00e9 p\u00e9dagogique Fiches d&#8217;accompagnement d&#8217;EDUSCOL pendant la p\u00e9riode de confinement :<\/p>\n","protected":false},"author":2,"featured_media":0,"parent":0,"menu_order":0,"comment_status":"closed","ping_status":"closed","template":"","meta":{"footnotes":""},"_links":{"self":[{"href":"https:\/\/profsenligne.net\/index.php\/wp-json\/wp\/v2\/pages\/172"}],"collection":[{"href":"https:\/\/profsenligne.net\/index.php\/wp-json\/wp\/v2\/pages"}],"about":[{"href":"https:\/\/profsenligne.net\/index.php\/wp-json\/wp\/v2\/types\/page"}],"author":[{"embeddable":true,"href":"https:\/\/profsenligne.net\/index.php\/wp-json\/wp\/v2\/users\/2"}],"replies":[{"embeddable":true,"href":"https:\/\/profsenligne.net\/index.php\/wp-json\/wp\/v2\/comments?post=172"}],"version-history":[{"count":29,"href":"https:\/\/profsenligne.net\/index.php\/wp-json\/wp\/v2\/pages\/172\/revisions"}],"predecessor-version":[{"id":3549,"href":"https:\/\/profsenligne.net\/index.php\/wp-json\/wp\/v2\/pages\/172\/revisions\/3549"}],"wp:attachment":[{"href":"https:\/\/profsenligne.net\/index.php\/wp-json\/wp\/v2\/media?parent=172"}],"curies":[{"name":"wp","href":"https:\/\/api.w.org\/{rel}","templated":true}]}}