{"id":1376,"date":"2020-04-03T06:35:07","date_gmt":"2020-04-03T10:35:07","guid":{"rendered":"https:\/\/profsenligne.net\/?page_id=1376"},"modified":"2020-04-03T06:35:07","modified_gmt":"2020-04-03T10:35:07","slug":"formateurs","status":"publish","type":"page","link":"https:\/\/profsenligne.net\/index.php\/formateurs\/","title":{"rendered":"Formateurs"},"content":{"rendered":"\n<p>Pages d\u00e9di\u00e9es aux enseignants conseillers p\u00e9dagogiques, aux EMF, aux enseignants sp\u00e9cialis\u00e9s.<\/p>\n","protected":false},"excerpt":{"rendered":"<p>Pages d\u00e9di\u00e9es aux enseignants conseillers p\u00e9dagogiques, aux EMF, aux enseignants sp\u00e9cialis\u00e9s.<\/p>\n","protected":false},"author":2,"featured_media":0,"parent":0,"menu_order":0,"comment_status":"closed","ping_status":"closed","template":"","meta":{"footnotes":""},"_links":{"self":[{"href":"https:\/\/profsenligne.net\/index.php\/wp-json\/wp\/v2\/pages\/1376"}],"collection":[{"href":"https:\/\/profsenligne.net\/index.php\/wp-json\/wp\/v2\/pages"}],"about":[{"href":"https:\/\/profsenligne.net\/index.php\/wp-json\/wp\/v2\/types\/page"}],"author":[{"embeddable":true,"href":"https:\/\/profsenligne.net\/index.php\/wp-json\/wp\/v2\/users\/2"}],"replies":[{"embeddable":true,"href":"https:\/\/profsenligne.net\/index.php\/wp-json\/wp\/v2\/comments?post=1376"}],"version-history":[{"count":1,"href":"https:\/\/profsenligne.net\/index.php\/wp-json\/wp\/v2\/pages\/1376\/revisions"}],"predecessor-version":[{"id":1377,"href":"https:\/\/profsenligne.net\/index.php\/wp-json\/wp\/v2\/pages\/1376\/revisions\/1377"}],"wp:attachment":[{"href":"https:\/\/profsenligne.net\/index.php\/wp-json\/wp\/v2\/media?parent=1376"}],"curies":[{"name":"wp","href":"https:\/\/api.w.org\/{rel}","templated":true}]}}