{"id":136,"date":"2020-03-20T10:46:32","date_gmt":"2020-03-20T09:46:32","guid":{"rendered":"http:\/\/profsenligne.free.fr\/?page_id=136"},"modified":"2020-03-20T10:46:32","modified_gmt":"2020-03-20T09:46:32","slug":"ecole-emile-choisy","status":"publish","type":"page","link":"https:\/\/profsenligne.net\/index.php\/ecole-emile-choisy\/","title":{"rendered":"\u00c9cole \u00e9l\u00e9m \u00c9mile Choisy"},"content":{"rendered":"","protected":false},"excerpt":{"rendered":"","protected":false},"author":2,"featured_media":0,"parent":0,"menu_order":0,"comment_status":"closed","ping_status":"closed","template":"","meta":{"footnotes":""},"_links":{"self":[{"href":"https:\/\/profsenligne.net\/index.php\/wp-json\/wp\/v2\/pages\/136"}],"collection":[{"href":"https:\/\/profsenligne.net\/index.php\/wp-json\/wp\/v2\/pages"}],"about":[{"href":"https:\/\/profsenligne.net\/index.php\/wp-json\/wp\/v2\/types\/page"}],"author":[{"embeddable":true,"href":"https:\/\/profsenligne.net\/index.php\/wp-json\/wp\/v2\/users\/2"}],"replies":[{"embeddable":true,"href":"https:\/\/profsenligne.net\/index.php\/wp-json\/wp\/v2\/comments?post=136"}],"version-history":[{"count":0,"href":"https:\/\/profsenligne.net\/index.php\/wp-json\/wp\/v2\/pages\/136\/revisions"}],"wp:attachment":[{"href":"https:\/\/profsenligne.net\/index.php\/wp-json\/wp\/v2\/media?parent=136"}],"curies":[{"name":"wp","href":"https:\/\/api.w.org\/{rel}","templated":true}]}}